{"id":23832,"date":"2025-10-08T13:53:30","date_gmt":"2025-10-08T11:53:30","guid":{"rendered":"https:\/\/www.plego.art\/?post_type=product&#038;p=23832"},"modified":"2025-10-08T19:07:53","modified_gmt":"2025-10-08T17:07:53","slug":"argilia-avis","status":"publish","type":"product","link":"https:\/\/www.plego.art\/fr\/botiga\/argilia-avis\/","title":{"rendered":"Argilia Avis"},"content":{"rendered":"<p>Le kit comprend deux feuilles de papier recycl\u00e9 \u00e0 p\u00e2te teint\u00e9e, fabriqu\u00e9es avec une combinaison \u00e9quilibr\u00e9e de fibres : 40 % CTMP, 20 % recycl\u00e9es, 15 % de coton et 25 % de fibres ECF pures et \u00e9cologiques, un carton noir de 700 g\/m\u00b2 pour la structure interne, ainsi que des instructions de montage.<br \/>\nLes pi\u00e8ces sont pr\u00e9d\u00e9coup\u00e9es et marqu\u00e9es pour faciliter l\u2019assemblage \u2014 aucun ciseau ni colle blanche n\u2019est n\u00e9cessaire. Tous ces \u00e9l\u00e9ments sont pr\u00e9sent\u00e9s dans une chemise \u00e9l\u00e9gante et r\u00e9sistante, fabriqu\u00e9e \u00e0 partir de papier certifi\u00e9 FSC\u00ae. <\/p>\n","protected":false},"excerpt":{"rendered":"<p>Avec <strong>Argilia Avis,<\/strong> nous inaugurons une nouvelle collection pens\u00e9e pour ceux qui sont peu initi\u00e9s \u00e0 l\u2019art du pliage ou pour les personnes un peu moins patientes : la <em>Fantasy Bird Collection<\/em> se monte en moins de 15 minutes !<\/p>\n<p>Pour cette figure, nous avons con\u00e7u une structure interne solide et r\u00e9sistante avec un syst\u00e8me d\u2019embo\u00eetement tr\u00e8s simple \u00e0 assembler. La couche ext\u00e9rieure qui enveloppe cette structure est r\u00e9alis\u00e9e en papier recycl\u00e9 de couleur argile, un carton de haute qualit\u00e9 certifi\u00e9 FSC\u00ae, garantissant une provenance responsable et durable. <\/p>\n","protected":false},"featured_media":23589,"comment_status":"closed","ping_status":"closed","template":"","meta":{"_et_pb_use_builder":"","_et_pb_old_content":"","_et_gb_content_width":"","iawp_total_views":20},"product_brand":[],"product_cat":[326],"product_tag":[],"class_list":{"0":"post-23832","1":"product","2":"type-product","3":"status-publish","4":"has-post-thumbnail","6":"product_cat-fantasy-collection-fr","8":"first","9":"instock","10":"taxable","11":"shipping-taxable","12":"purchasable","13":"product-type-simple","14":"wpzoom-wc-spi-has-enabled"},"_links":{"self":[{"href":"https:\/\/www.plego.art\/fr\/wp-json\/wp\/v2\/product\/23832","targetHints":{"allow":["GET"]}}],"collection":[{"href":"https:\/\/www.plego.art\/fr\/wp-json\/wp\/v2\/product"}],"about":[{"href":"https:\/\/www.plego.art\/fr\/wp-json\/wp\/v2\/types\/product"}],"replies":[{"embeddable":true,"href":"https:\/\/www.plego.art\/fr\/wp-json\/wp\/v2\/comments?post=23832"}],"wp:featuredmedia":[{"embeddable":true,"href":"https:\/\/www.plego.art\/fr\/wp-json\/wp\/v2\/media\/23589"}],"wp:attachment":[{"href":"https:\/\/www.plego.art\/fr\/wp-json\/wp\/v2\/media?parent=23832"}],"wp:term":[{"taxonomy":"product_brand","embeddable":true,"href":"https:\/\/www.plego.art\/fr\/wp-json\/wp\/v2\/product_brand?post=23832"},{"taxonomy":"product_cat","embeddable":true,"href":"https:\/\/www.plego.art\/fr\/wp-json\/wp\/v2\/product_cat?post=23832"},{"taxonomy":"product_tag","embeddable":true,"href":"https:\/\/www.plego.art\/fr\/wp-json\/wp\/v2\/product_tag?post=23832"}],"curies":[{"name":"wp","href":"https:\/\/api.w.org\/{rel}","templated":true}]}}