{"id":23829,"date":"2025-10-08T13:54:45","date_gmt":"2025-10-08T11:54:45","guid":{"rendered":"https:\/\/www.plego.art\/?post_type=product&#038;p=23829"},"modified":"2025-10-08T19:07:54","modified_gmt":"2025-10-08T17:07:54","slug":"nebula-avis","status":"publish","type":"product","link":"https:\/\/www.plego.art\/fr\/botiga\/nebula-avis\/","title":{"rendered":"Nebula Avis"},"content":{"rendered":"<p>Le kit comprend deux feuilles de papier d\u2019art de 220 g\/m\u00b2 imprim\u00e9es avec des encres v\u00e9g\u00e9tales, un carton noir de 700 g\/m\u00b2 pour la structure interne, ainsi que des instructions de montage.<br \/>\nLes pi\u00e8ces sont pr\u00e9d\u00e9coup\u00e9es et marqu\u00e9es pour faciliter l\u2019assemblage \u2014 aucun ciseau ni colle blanche n\u2019est n\u00e9cessaire. Tous ces \u00e9l\u00e9ments sont pr\u00e9sent\u00e9s dans une chemise \u00e9l\u00e9gante et r\u00e9sistante, fabriqu\u00e9e \u00e0 partir de papier certifi\u00e9 FSC\u00ae.<\/p>\n","protected":false},"excerpt":{"rendered":"<p><strong>Nebula Avis, <\/strong><em>l\u2019oiseau magique de la lagune,<\/em> fait partie de la derni\u00e8re collection que nous avons con\u00e7ue.<br \/>Cette ligne a \u00e9t\u00e9 pens\u00e9e pour ceux qui sont peu initi\u00e9s \u00e0 l\u2019art du pliage ou qui manquent un peu de patience : la <em>Fantasy Bird Collection<\/em> se monte en moins de 15 minutes ! <\/p>\n<p>Pour cette figure, nous avons con\u00e7u une structure interne solide et r\u00e9sistante avec un syst\u00e8me d\u2019embo\u00eetement tr\u00e8s simple \u00e0 assembler. La partie ext\u00e9rieure qui enveloppe cette ossature est r\u00e9alis\u00e9e en papier d\u2019art de 220 g\/m\u00b2, imprim\u00e9 avec des encres v\u00e9g\u00e9tales et dot\u00e9 d\u2019une face textur\u00e9e. <\/p>\n","protected":false},"featured_media":23626,"comment_status":"closed","ping_status":"closed","template":"","meta":{"_et_pb_use_builder":"","_et_pb_old_content":"","_et_gb_content_width":"","iawp_total_views":77},"product_brand":[],"product_cat":[326],"product_tag":[],"class_list":{"0":"post-23829","1":"product","2":"type-product","3":"status-publish","4":"has-post-thumbnail","6":"product_cat-fantasy-collection-fr","8":"first","9":"instock","10":"taxable","11":"shipping-taxable","12":"purchasable","13":"product-type-simple","14":"wpzoom-wc-spi-has-enabled"},"_links":{"self":[{"href":"https:\/\/www.plego.art\/fr\/wp-json\/wp\/v2\/product\/23829","targetHints":{"allow":["GET"]}}],"collection":[{"href":"https:\/\/www.plego.art\/fr\/wp-json\/wp\/v2\/product"}],"about":[{"href":"https:\/\/www.plego.art\/fr\/wp-json\/wp\/v2\/types\/product"}],"replies":[{"embeddable":true,"href":"https:\/\/www.plego.art\/fr\/wp-json\/wp\/v2\/comments?post=23829"}],"wp:featuredmedia":[{"embeddable":true,"href":"https:\/\/www.plego.art\/fr\/wp-json\/wp\/v2\/media\/23626"}],"wp:attachment":[{"href":"https:\/\/www.plego.art\/fr\/wp-json\/wp\/v2\/media?parent=23829"}],"wp:term":[{"taxonomy":"product_brand","embeddable":true,"href":"https:\/\/www.plego.art\/fr\/wp-json\/wp\/v2\/product_brand?post=23829"},{"taxonomy":"product_cat","embeddable":true,"href":"https:\/\/www.plego.art\/fr\/wp-json\/wp\/v2\/product_cat?post=23829"},{"taxonomy":"product_tag","embeddable":true,"href":"https:\/\/www.plego.art\/fr\/wp-json\/wp\/v2\/product_tag?post=23829"}],"curies":[{"name":"wp","href":"https:\/\/api.w.org\/{rel}","templated":true}]}}