{"id":23822,"date":"2025-10-08T13:56:05","date_gmt":"2025-10-08T11:56:05","guid":{"rendered":"https:\/\/www.plego.art\/?post_type=product&#038;p=23822"},"modified":"2026-01-26T17:07:00","modified_gmt":"2026-01-26T16:07:00","slug":"voluta","status":"publish","type":"product","link":"https:\/\/www.plego.art\/fr\/botiga\/voluta\/","title":{"rendered":"Voluta"},"content":{"rendered":"<p>Le kit contient une feuille imprim\u00e9e recto-verso 240 g\/m\u00b2 aux couleurs n\u00e9on, un fil en coton pour suspendre le mobile, ainsi que les instructions de montage.<br \/>\nLe papier est pr\u00e9d\u00e9coup\u00e9 et marqu\u00e9 pour faciliter le pliage \u2014 aucune paire de ciseaux ni colle blanche n\u2019est n\u00e9cessaire. Tous ces \u00e9l\u00e9ments sont pr\u00e9sent\u00e9s dans une chemise \u00e0 rabats \u00e9l\u00e9gante et r\u00e9sistante, fabriqu\u00e9e \u00e0 partir de papier certifi\u00e9 FSC\u00ae.<\/p>\n","protected":false},"excerpt":{"rendered":"<p><strong>Voluta:<\/strong> l\u2019art du mouvement.<br \/>\nApportez de la vie \u00e0 tous vos espaces avec les nouveaux mobiles en papier pop-up.<br \/>\nFacile \u00e0 assembler, l\u00e9g\u00e8re et pleine de couleurs n\u00e9on \u00e9clatantes.<\/p>\n","protected":false},"featured_media":23728,"comment_status":"closed","ping_status":"closed","template":"","meta":{"_et_pb_use_builder":"","_et_pb_old_content":"","_et_gb_content_width":"","iawp_total_views":121},"product_brand":[],"product_cat":[323],"product_tag":[],"class_list":{"0":"post-23822","1":"product","2":"type-product","3":"status-publish","4":"has-post-thumbnail","6":"product_cat-collection-de-mobiles","8":"first","9":"instock","10":"taxable","11":"shipping-taxable","12":"purchasable","13":"product-type-simple","14":"wpzoom-wc-spi-has-enabled"},"_links":{"self":[{"href":"https:\/\/www.plego.art\/fr\/wp-json\/wp\/v2\/product\/23822","targetHints":{"allow":["GET"]}}],"collection":[{"href":"https:\/\/www.plego.art\/fr\/wp-json\/wp\/v2\/product"}],"about":[{"href":"https:\/\/www.plego.art\/fr\/wp-json\/wp\/v2\/types\/product"}],"replies":[{"embeddable":true,"href":"https:\/\/www.plego.art\/fr\/wp-json\/wp\/v2\/comments?post=23822"}],"wp:featuredmedia":[{"embeddable":true,"href":"https:\/\/www.plego.art\/fr\/wp-json\/wp\/v2\/media\/23728"}],"wp:attachment":[{"href":"https:\/\/www.plego.art\/fr\/wp-json\/wp\/v2\/media?parent=23822"}],"wp:term":[{"taxonomy":"product_brand","embeddable":true,"href":"https:\/\/www.plego.art\/fr\/wp-json\/wp\/v2\/product_brand?post=23822"},{"taxonomy":"product_cat","embeddable":true,"href":"https:\/\/www.plego.art\/fr\/wp-json\/wp\/v2\/product_cat?post=23822"},{"taxonomy":"product_tag","embeddable":true,"href":"https:\/\/www.plego.art\/fr\/wp-json\/wp\/v2\/product_tag?post=23822"}],"curies":[{"name":"wp","href":"https:\/\/api.w.org\/{rel}","templated":true}]}}