{"id":22766,"date":"2018-09-27T17:31:56","date_gmt":"2018-09-27T15:31:56","guid":{"rendered":"https:\/\/www.plego.art\/botiga\/corigami-2\/"},"modified":"2025-06-23T17:44:26","modified_gmt":"2025-06-23T15:44:26","slug":"corigami-2","status":"publish","type":"product","link":"https:\/\/www.plego.art\/fr\/botiga\/corigami-2\/","title":{"rendered":"Corigami"},"content":{"rendered":"<p>Le kit contient 2 feuilles de papier d\u2019art en pulpe teint\u00e9e, avec 50 % de coton et r\u00e9sistants \u00e0 la lumi\u00e8re, des instructions de montage simples et une ficelle pour suspendre la figurine, le tout en 8 langues. Les pi\u00e8ces sont pr\u00e9d\u00e9coup\u00e9es et les plis marqu\u00e9s pour faciliter le pliage et l\u2019assemblage. <\/p>\n<p>Tout ce mat\u00e9riel est pr\u00e9sent\u00e9 dans une pochette r\u00e9sistante au format lettre, pour un envoi facile par courrier postal.<\/p>\n","protected":false},"excerpt":{"rendered":"<p>Notre <strong>Corigami<\/strong> est un produit con\u00e7u pour \u00eatre mont\u00e9 par un simple syst\u00e8me d\u2019assemblage par embo\u00eetement, sans colle : id\u00e9al pour s\u2019initier \u00e0 l\u2019art du pliage. Son emballage au format lettre permet de l\u2019envoyer facilement par la poste \u00e0 la personne de votre choix. <\/p>\n","protected":false},"featured_media":22767,"comment_status":"open","ping_status":"closed","template":"","meta":{"_et_pb_use_builder":"","_et_pb_old_content":"","_et_gb_content_width":"","iawp_total_views":63},"product_brand":[],"product_cat":[264],"product_tag":[],"class_list":{"0":"post-22766","1":"product","2":"type-product","3":"status-publish","4":"has-post-thumbnail","6":"product_cat-collection-love","8":"first","9":"instock","10":"featured","11":"taxable","12":"shipping-taxable","13":"purchasable","14":"product-type-simple","15":"wpzoom-wc-spi-has-enabled"},"_links":{"self":[{"href":"https:\/\/www.plego.art\/fr\/wp-json\/wp\/v2\/product\/22766","targetHints":{"allow":["GET"]}}],"collection":[{"href":"https:\/\/www.plego.art\/fr\/wp-json\/wp\/v2\/product"}],"about":[{"href":"https:\/\/www.plego.art\/fr\/wp-json\/wp\/v2\/types\/product"}],"replies":[{"embeddable":true,"href":"https:\/\/www.plego.art\/fr\/wp-json\/wp\/v2\/comments?post=22766"}],"wp:featuredmedia":[{"embeddable":true,"href":"https:\/\/www.plego.art\/fr\/wp-json\/wp\/v2\/media\/22767"}],"wp:attachment":[{"href":"https:\/\/www.plego.art\/fr\/wp-json\/wp\/v2\/media?parent=22766"}],"wp:term":[{"taxonomy":"product_brand","embeddable":true,"href":"https:\/\/www.plego.art\/fr\/wp-json\/wp\/v2\/product_brand?post=22766"},{"taxonomy":"product_cat","embeddable":true,"href":"https:\/\/www.plego.art\/fr\/wp-json\/wp\/v2\/product_cat?post=22766"},{"taxonomy":"product_tag","embeddable":true,"href":"https:\/\/www.plego.art\/fr\/wp-json\/wp\/v2\/product_tag?post=22766"}],"curies":[{"name":"wp","href":"https:\/\/api.w.org\/{rel}","templated":true}]}}