{"id":22735,"date":"2023-10-19T08:39:35","date_gmt":"2023-10-19T08:39:35","guid":{"rendered":"https:\/\/www.plego.art\/botiga\/rosa-centifolia-2\/"},"modified":"2025-06-23T17:35:33","modified_gmt":"2025-06-23T15:35:33","slug":"rosa-centifolia-2","status":"publish","type":"product","link":"https:\/\/www.plego.art\/fr\/botiga\/rosa-centifolia-2\/","title":{"rendered":"Rosa centifolia"},"content":{"rendered":"<p>Le kit contient 5 feuilles de papier d\u2019art de couleurs et de grammages vari\u00e9s pour construire votre fleur. La taille finale du pop-up d\u00e9ploy\u00e9 correspond \u00e0 un format A3 (42 \u00d7 29,7 cm). <\/p>\n<p>Il contient \u00e9galement une illustration artistique et informative sur l&#8217;esp\u00e8ce, et les instructions de montage qui vous guident pas \u00e0 pas, le tout disponible en 8 langues. De plus, cette collection inclut du ruban adh\u00e9sif double face, pour que vous ayez tout le n\u00e9cessaire pr\u00eat pour assembler la figurine. Tout ce mat\u00e9riel est pr\u00e9sent\u00e9 dans une pochette soign\u00e9e et r\u00e9sistante.  <\/p>\n","protected":false},"excerpt":{"rendered":"<p>Avec nos fleurs Plego, d\u00e9couvrez une nouvelle mani\u00e8re de jouer avec le pliage. Vous apprendrez la technique du pop-up de fa\u00e7on simple et p\u00e9dagogique, et verrez vos cr\u00e9ations jaillir du papier pour vous \u00e9merveiller et vous divertir. Pas de risque de vous piquer en jardinant avec cette rose!  <\/p>\n<p>Ce kit comprend \u00e9galement une illustration artistique de la <strong>rose cent-feuilles<\/strong> au format A4. Tout le mat\u00e9riel n\u00e9cessaire pour assembler ce pop-up est inclus dans la pochette. <\/p>\n","protected":false},"featured_media":25073,"comment_status":"closed","ping_status":"closed","template":"","meta":{"_et_pb_use_builder":"","_et_pb_old_content":"","_et_gb_content_width":"","iawp_total_views":77},"product_brand":[],"product_cat":[266],"product_tag":[],"class_list":{"0":"post-22735","1":"product","2":"type-product","3":"status-publish","4":"has-post-thumbnail","6":"product_cat-collection-pop-up","8":"first","9":"instock","10":"sale","11":"taxable","12":"shipping-taxable","13":"purchasable","14":"product-type-simple","15":"wpzoom-wc-spi-has-enabled"},"_links":{"self":[{"href":"https:\/\/www.plego.art\/fr\/wp-json\/wp\/v2\/product\/22735","targetHints":{"allow":["GET"]}}],"collection":[{"href":"https:\/\/www.plego.art\/fr\/wp-json\/wp\/v2\/product"}],"about":[{"href":"https:\/\/www.plego.art\/fr\/wp-json\/wp\/v2\/types\/product"}],"replies":[{"embeddable":true,"href":"https:\/\/www.plego.art\/fr\/wp-json\/wp\/v2\/comments?post=22735"}],"wp:featuredmedia":[{"embeddable":true,"href":"https:\/\/www.plego.art\/fr\/wp-json\/wp\/v2\/media\/25073"}],"wp:attachment":[{"href":"https:\/\/www.plego.art\/fr\/wp-json\/wp\/v2\/media?parent=22735"}],"wp:term":[{"taxonomy":"product_brand","embeddable":true,"href":"https:\/\/www.plego.art\/fr\/wp-json\/wp\/v2\/product_brand?post=22735"},{"taxonomy":"product_cat","embeddable":true,"href":"https:\/\/www.plego.art\/fr\/wp-json\/wp\/v2\/product_cat?post=22735"},{"taxonomy":"product_tag","embeddable":true,"href":"https:\/\/www.plego.art\/fr\/wp-json\/wp\/v2\/product_tag?post=22735"}],"curies":[{"name":"wp","href":"https:\/\/api.w.org\/{rel}","templated":true}]}}