{"id":22725,"date":"2022-10-18T13:18:35","date_gmt":"2022-10-18T11:18:35","guid":{"rendered":"https:\/\/www.plego.art\/botiga\/strigosus-2\/"},"modified":"2025-06-23T17:33:16","modified_gmt":"2025-06-23T15:33:16","slug":"strigosus-2","status":"publish","type":"product","link":"https:\/\/www.plego.art\/fr\/botiga\/strigosus-2\/","title":{"rendered":"Strigosus"},"content":{"rendered":"<p>Le kit contient 3 feuilles de papier d\u2019art de 200 g, une fiche didactique pr\u00e9sentant les principales caract\u00e9ristiques du Strigosus, ainsi que des instructions de montage qui vous guident pas \u00e0 pas, le tout disponible en 8 langues et pr\u00e9sent\u00e9 dans une pochette soign\u00e9e et r\u00e9sistante. Aucune colle n&#8217;est n\u00e9cessaire: la figurine est con\u00e7ue avec un syst\u00e8me d\u2019assemblage par embo\u00eetement, pour un montage simple et rapide. <\/p>\n","protected":false},"excerpt":{"rendered":"<p>Pour cette figurine, nous nous sommes inspir\u00e9s de la nature tropicale lointaine. Dans les eaux du Pacifique, nous avons p\u00each\u00e9 ce sympathique <strong>poisson chirurgien<\/strong> aux couleurs vives et aux yeux jaunes caract\u00e9ristiques. Comme pour le barbier, cette figurine se monte sans colle et peut \u00eatre suspendue \u00e0 l\u2019aide de l\u2019hame\u00e7on fourni dans le kit. Avez-vous d\u00e9j\u00e0 pens\u00e9 \u00e0 l\u2019endroit o\u00f9 vous l\u2019exposerez?   <\/p>\n","protected":false},"featured_media":22726,"comment_status":"closed","ping_status":"closed","template":"","meta":{"_et_pb_use_builder":"","_et_pb_old_content":"","_et_gb_content_width":"","iawp_total_views":55},"product_brand":[],"product_cat":[265],"product_tag":[],"class_list":{"0":"post-22725","1":"product","2":"type-product","3":"status-publish","4":"has-post-thumbnail","6":"product_cat-collection-mer","8":"first","9":"instock","10":"taxable","11":"shipping-taxable","12":"purchasable","13":"product-type-simple","14":"wpzoom-wc-spi-has-enabled"},"_links":{"self":[{"href":"https:\/\/www.plego.art\/fr\/wp-json\/wp\/v2\/product\/22725","targetHints":{"allow":["GET"]}}],"collection":[{"href":"https:\/\/www.plego.art\/fr\/wp-json\/wp\/v2\/product"}],"about":[{"href":"https:\/\/www.plego.art\/fr\/wp-json\/wp\/v2\/types\/product"}],"replies":[{"embeddable":true,"href":"https:\/\/www.plego.art\/fr\/wp-json\/wp\/v2\/comments?post=22725"}],"wp:featuredmedia":[{"embeddable":true,"href":"https:\/\/www.plego.art\/fr\/wp-json\/wp\/v2\/media\/22726"}],"wp:attachment":[{"href":"https:\/\/www.plego.art\/fr\/wp-json\/wp\/v2\/media?parent=22725"}],"wp:term":[{"taxonomy":"product_brand","embeddable":true,"href":"https:\/\/www.plego.art\/fr\/wp-json\/wp\/v2\/product_brand?post=22725"},{"taxonomy":"product_cat","embeddable":true,"href":"https:\/\/www.plego.art\/fr\/wp-json\/wp\/v2\/product_cat?post=22725"},{"taxonomy":"product_tag","embeddable":true,"href":"https:\/\/www.plego.art\/fr\/wp-json\/wp\/v2\/product_tag?post=22725"}],"curies":[{"name":"wp","href":"https:\/\/api.w.org\/{rel}","templated":true}]}}