{"id":22703,"date":"2020-10-30T08:46:33","date_gmt":"2020-10-30T07:46:33","guid":{"rendered":"https:\/\/www.plego.art\/botiga\/cancridae-2\/"},"modified":"2025-06-23T17:31:49","modified_gmt":"2025-06-23T15:31:49","slug":"cancridae-2","status":"publish","type":"product","link":"https:\/\/www.plego.art\/fr\/botiga\/cancridae-2\/","title":{"rendered":"Cancridae"},"content":{"rendered":"<p>Le kit contient 3 feuilles de papier d\u2019art de 220 g imprim\u00e9es en couleur, ainsi que des instructions de montage qui vous guident pas \u00e0 pas, le tout disponible en 8 langues et pr\u00e9sent\u00e9 dans une pochette soign\u00e9e et r\u00e9sistante. Aucune colle n&#8217;est n\u00e9cessaire : la figurine est con\u00e7ue avec un syst\u00e8me d\u2019assemblage par embo\u00eetement, pour un montage simple et rapide.  <\/p>\n","protected":false},"excerpt":{"rendered":"<p>Le <strong>Cancridae<\/strong> est con\u00e7u pour \u00eatre mont\u00e9 sans colle blanche pour loisirs cr\u00e9atifs. Ses pattes robustes, ses pinces et son corps sont faciles \u00e0 assembler. Nous avons imagin\u00e9 un design aux couleurs vives, imprim\u00e9 avec des encres \u00e9cologiques. <\/p>\n","protected":false},"featured_media":22704,"comment_status":"closed","ping_status":"closed","template":"","meta":{"_et_pb_use_builder":"","_et_pb_old_content":"","_et_gb_content_width":"","iawp_total_views":55},"product_brand":[],"product_cat":[265],"product_tag":[],"class_list":{"0":"post-22703","1":"product","2":"type-product","3":"status-publish","4":"has-post-thumbnail","6":"product_cat-collection-mer","8":"first","9":"instock","10":"taxable","11":"shipping-taxable","12":"purchasable","13":"product-type-simple","14":"wpzoom-wc-spi-has-enabled"},"_links":{"self":[{"href":"https:\/\/www.plego.art\/fr\/wp-json\/wp\/v2\/product\/22703","targetHints":{"allow":["GET"]}}],"collection":[{"href":"https:\/\/www.plego.art\/fr\/wp-json\/wp\/v2\/product"}],"about":[{"href":"https:\/\/www.plego.art\/fr\/wp-json\/wp\/v2\/types\/product"}],"replies":[{"embeddable":true,"href":"https:\/\/www.plego.art\/fr\/wp-json\/wp\/v2\/comments?post=22703"}],"wp:featuredmedia":[{"embeddable":true,"href":"https:\/\/www.plego.art\/fr\/wp-json\/wp\/v2\/media\/22704"}],"wp:attachment":[{"href":"https:\/\/www.plego.art\/fr\/wp-json\/wp\/v2\/media?parent=22703"}],"wp:term":[{"taxonomy":"product_brand","embeddable":true,"href":"https:\/\/www.plego.art\/fr\/wp-json\/wp\/v2\/product_brand?post=22703"},{"taxonomy":"product_cat","embeddable":true,"href":"https:\/\/www.plego.art\/fr\/wp-json\/wp\/v2\/product_cat?post=22703"},{"taxonomy":"product_tag","embeddable":true,"href":"https:\/\/www.plego.art\/fr\/wp-json\/wp\/v2\/product_tag?post=22703"}],"curies":[{"name":"wp","href":"https:\/\/api.w.org\/{rel}","templated":true}]}}