{"id":22687,"date":"2022-08-02T14:55:03","date_gmt":"2022-08-02T12:55:03","guid":{"rendered":"https:\/\/www.plego.art\/botiga\/anthias-anthias-2\/"},"modified":"2025-06-23T13:31:36","modified_gmt":"2025-06-23T11:31:36","slug":"anthias-anthias-2","status":"publish","type":"product","link":"https:\/\/www.plego.art\/fr\/botiga\/anthias-anthias-2\/","title":{"rendered":"Anthias anthias"},"content":{"rendered":"<p>Le kit contient 6 feuilles de papier color\u00e9 de 160 g, une fiche didactique pr\u00e9sentant les principales caract\u00e9ristiques du barbier, ainsi que des instructions de montage qui vous guident pas \u00e0 pas, le tout disponible en 8 langues et pr\u00e9sent\u00e9 dans une pochette soign\u00e9e et r\u00e9sistante. Aucune colle n&#8217;est n\u00e9cessaire: la figurine est con\u00e7ue avec un syst\u00e8me d\u2019assemblage par embo\u00eetement, pour un montage simple et rapide. <\/p>\n","protected":false},"excerpt":{"rendered":"<p>Le corps \u00e9lanc\u00e9 du <strong>barbier<\/strong> et ses \u00e9cailles tricolores lui conf\u00e8rent un effet de mouvement particuli\u00e8rement s\u00e9duisant. L\u2019assemblage sans colle rend la figurine l\u00e9g\u00e8rement flexible et articul\u00e9e. <\/p>\n<p>Cette figurine peut \u00eatre suspendue \u00e0 l\u2019aide de l\u2019hame\u00e7on fourni dans le kit.<\/p>\n","protected":false},"featured_media":22688,"comment_status":"closed","ping_status":"closed","template":"","meta":{"_et_pb_use_builder":"","_et_pb_old_content":"","_et_gb_content_width":"","iawp_total_views":79},"product_brand":[],"product_cat":[265],"product_tag":[],"class_list":{"0":"post-22687","1":"product","2":"type-product","3":"status-publish","4":"has-post-thumbnail","6":"product_cat-collection-mer","8":"first","9":"instock","10":"taxable","11":"shipping-taxable","12":"purchasable","13":"product-type-simple","14":"wpzoom-wc-spi-has-enabled"},"_links":{"self":[{"href":"https:\/\/www.plego.art\/fr\/wp-json\/wp\/v2\/product\/22687","targetHints":{"allow":["GET"]}}],"collection":[{"href":"https:\/\/www.plego.art\/fr\/wp-json\/wp\/v2\/product"}],"about":[{"href":"https:\/\/www.plego.art\/fr\/wp-json\/wp\/v2\/types\/product"}],"replies":[{"embeddable":true,"href":"https:\/\/www.plego.art\/fr\/wp-json\/wp\/v2\/comments?post=22687"}],"wp:featuredmedia":[{"embeddable":true,"href":"https:\/\/www.plego.art\/fr\/wp-json\/wp\/v2\/media\/22688"}],"wp:attachment":[{"href":"https:\/\/www.plego.art\/fr\/wp-json\/wp\/v2\/media?parent=22687"}],"wp:term":[{"taxonomy":"product_brand","embeddable":true,"href":"https:\/\/www.plego.art\/fr\/wp-json\/wp\/v2\/product_brand?post=22687"},{"taxonomy":"product_cat","embeddable":true,"href":"https:\/\/www.plego.art\/fr\/wp-json\/wp\/v2\/product_cat?post=22687"},{"taxonomy":"product_tag","embeddable":true,"href":"https:\/\/www.plego.art\/fr\/wp-json\/wp\/v2\/product_tag?post=22687"}],"curies":[{"name":"wp","href":"https:\/\/api.w.org\/{rel}","templated":true}]}}