{"id":22676,"date":"2023-06-22T16:00:20","date_gmt":"2023-06-22T14:00:20","guid":{"rendered":"https:\/\/www.plego.art\/botiga\/chrysaora-hysoscella-2\/"},"modified":"2025-06-23T13:28:27","modified_gmt":"2025-06-23T11:28:27","slug":"chrysaora-hysoscella-2","status":"publish","type":"product","link":"https:\/\/www.plego.art\/fr\/botiga\/chrysaora-hysoscella-2\/","title":{"rendered":"Chrysaora hysoscella"},"content":{"rendered":"<p>Le kit contient 5 feuilles de papier d\u2019art de 175 g, une fiche didactique pr\u00e9sentant les principales caract\u00e9ristiques de la m\u00e9duse rayonn\u00e9e, ainsi que des instructions de montage qui vous guident pas \u00e0 pas, le tout disponible en 8 langues et pr\u00e9sent\u00e9 dans une pochette soign\u00e9e et r\u00e9sistante. Aucune colle n&#8217;est n\u00e9cessaire : la figurine est con\u00e7ue avec un syst\u00e8me d\u2019assemblage par embo\u00eetement, pour un montage simple et rapide. <\/p>\n","protected":false},"excerpt":{"rendered":"<p>Les courants marins ont emport\u00e9 cette magnifique <strong>m\u00e9duse rayonn\u00e9e<\/strong> pour lui permettre de rejoindre les autres cr\u00e9atures de notre oc\u00e9an de papier. Ses couleurs vives et ses mouvements hypnotiques vous donneront l\u2019impression de flotter sous la mer, quel que soit l\u2019espace o\u00f9 vous l\u2019accrocherez. <\/p>\n<p>Comme toute la COLLECTION MER, cette figurine se monte sans colle, de fa\u00e7on simple et ludique, et se suspend au plafond.<br \/>\nPr\u00eat \u00e0 donner vie \u00e0 ce charmant animal marin?<\/p>\n","protected":false},"featured_media":22677,"comment_status":"closed","ping_status":"closed","template":"","meta":{"_et_pb_use_builder":"","_et_pb_old_content":"","_et_gb_content_width":"","iawp_total_views":170},"product_brand":[],"product_cat":[265],"product_tag":[],"class_list":{"0":"post-22676","1":"product","2":"type-product","3":"status-publish","4":"has-post-thumbnail","6":"product_cat-collection-mer","8":"first","9":"instock","10":"taxable","11":"shipping-taxable","12":"purchasable","13":"product-type-simple","14":"wpzoom-wc-spi-has-enabled"},"_links":{"self":[{"href":"https:\/\/www.plego.art\/fr\/wp-json\/wp\/v2\/product\/22676","targetHints":{"allow":["GET"]}}],"collection":[{"href":"https:\/\/www.plego.art\/fr\/wp-json\/wp\/v2\/product"}],"about":[{"href":"https:\/\/www.plego.art\/fr\/wp-json\/wp\/v2\/types\/product"}],"replies":[{"embeddable":true,"href":"https:\/\/www.plego.art\/fr\/wp-json\/wp\/v2\/comments?post=22676"}],"wp:featuredmedia":[{"embeddable":true,"href":"https:\/\/www.plego.art\/fr\/wp-json\/wp\/v2\/media\/22677"}],"wp:attachment":[{"href":"https:\/\/www.plego.art\/fr\/wp-json\/wp\/v2\/media?parent=22676"}],"wp:term":[{"taxonomy":"product_brand","embeddable":true,"href":"https:\/\/www.plego.art\/fr\/wp-json\/wp\/v2\/product_brand?post=22676"},{"taxonomy":"product_cat","embeddable":true,"href":"https:\/\/www.plego.art\/fr\/wp-json\/wp\/v2\/product_cat?post=22676"},{"taxonomy":"product_tag","embeddable":true,"href":"https:\/\/www.plego.art\/fr\/wp-json\/wp\/v2\/product_tag?post=22676"}],"curies":[{"name":"wp","href":"https:\/\/api.w.org\/{rel}","templated":true}]}}