{"id":22666,"date":"2024-08-12T15:45:51","date_gmt":"2024-08-12T13:45:51","guid":{"rendered":"https:\/\/www.plego.art\/botiga\/hirundo-rustica-2\/"},"modified":"2025-06-23T13:25:55","modified_gmt":"2025-06-23T11:25:55","slug":"hirundo-rustica-2","status":"publish","type":"product","link":"https:\/\/www.plego.art\/fr\/botiga\/hirundo-rustica-2\/","title":{"rendered":"Hirundo Rustica"},"content":{"rendered":"<p>Le kit contient 4 feuilles de papier d\u2019art en pulpe teint\u00e9e, avec 50 % de coton et r\u00e9sistants \u00e0 la lumi\u00e8re, une fiche didactique pr\u00e9sentant les principales caract\u00e9ristiques de l\u2019hirondelle rustique, et des instructions de montage, disponibles en 8 langues. Les pi\u00e8ces sont pr\u00e9d\u00e9coup\u00e9es et les plis marqu\u00e9s pour faciliter le pliage et l\u2019assemblage. Tout ce mat\u00e9riel est pr\u00e9sent\u00e9 dans une pochette soign\u00e9e et r\u00e9sistante. Vous aurez besoin de colle blanche pour loisirs cr\u00e9atifs pour assembler les pi\u00e8ces de la figurine.   <\/p>\n","protected":false},"excerpt":{"rendered":"<p>\u00c0 la demande g\u00e9n\u00e9rale, l\u2019<strong>hirondelle rustique<\/strong> a enfin rejoint notre grande famille ail\u00e9e&#8230; et nous esp\u00e9rons qu\u2019elle y restera longtemps ! Nous l\u2019avons immortalis\u00e9e telle que nous l\u2019imaginons toujours : fendant le ciel en vol libre, en qu\u00eate de son prochain repas. C\u2019est pourquoi cette figurine est con\u00e7ue pour \u00eatre suspendue au plafond, comme un mobile.  <\/p>\n","protected":false},"featured_media":22667,"comment_status":"closed","ping_status":"closed","template":"","meta":{"_et_pb_use_builder":"","_et_pb_old_content":"","_et_gb_content_width":"","iawp_total_views":181},"product_brand":[],"product_cat":[263],"product_tag":[],"class_list":{"0":"post-22666","1":"product","2":"type-product","3":"status-publish","4":"has-post-thumbnail","6":"product_cat-collection-oiseaux","8":"first","9":"instock","10":"taxable","11":"shipping-taxable","12":"purchasable","13":"product-type-simple","14":"wpzoom-wc-spi-has-enabled"},"_links":{"self":[{"href":"https:\/\/www.plego.art\/fr\/wp-json\/wp\/v2\/product\/22666","targetHints":{"allow":["GET"]}}],"collection":[{"href":"https:\/\/www.plego.art\/fr\/wp-json\/wp\/v2\/product"}],"about":[{"href":"https:\/\/www.plego.art\/fr\/wp-json\/wp\/v2\/types\/product"}],"replies":[{"embeddable":true,"href":"https:\/\/www.plego.art\/fr\/wp-json\/wp\/v2\/comments?post=22666"}],"wp:featuredmedia":[{"embeddable":true,"href":"https:\/\/www.plego.art\/fr\/wp-json\/wp\/v2\/media\/22667"}],"wp:attachment":[{"href":"https:\/\/www.plego.art\/fr\/wp-json\/wp\/v2\/media?parent=22666"}],"wp:term":[{"taxonomy":"product_brand","embeddable":true,"href":"https:\/\/www.plego.art\/fr\/wp-json\/wp\/v2\/product_brand?post=22666"},{"taxonomy":"product_cat","embeddable":true,"href":"https:\/\/www.plego.art\/fr\/wp-json\/wp\/v2\/product_cat?post=22666"},{"taxonomy":"product_tag","embeddable":true,"href":"https:\/\/www.plego.art\/fr\/wp-json\/wp\/v2\/product_tag?post=22666"}],"curies":[{"name":"wp","href":"https:\/\/api.w.org\/{rel}","templated":true}]}}