{"id":22657,"date":"2024-08-12T15:56:45","date_gmt":"2024-08-12T13:56:45","guid":{"rendered":"https:\/\/www.plego.art\/botiga\/selasphorus-platycercus-2\/"},"modified":"2025-06-23T13:24:35","modified_gmt":"2025-06-23T11:24:35","slug":"selasphorus-platycercus-2","status":"publish","type":"product","link":"https:\/\/www.plego.art\/fr\/botiga\/selasphorus-platycercus-2\/","title":{"rendered":"Selasphorus Platycercus"},"content":{"rendered":"<p>Le kit contient 4 feuilles de papier d\u2019art en pulpe teint\u00e9e, avec 50 % de coton et r\u00e9sistants \u00e0 la lumi\u00e8re, ainsi que 2 feuilles imprim\u00e9es avec des encres m\u00e9tallis\u00e9es et iris\u00e9es, une fiche didactique pr\u00e9sentant les principales caract\u00e9ristiques du colibri \u00e0 queue large, et des instructions de montage, le tout disponible en 8 langues. Les pi\u00e8ces sont pr\u00e9d\u00e9coup\u00e9es et les plis marqu\u00e9s pour faciliter le pliage et l\u2019assemblage. Tout ce mat\u00e9riel est pr\u00e9sent\u00e9 dans une pochette soign\u00e9e et r\u00e9sistante. Vous aurez besoin de colle blanche pour loisirs cr\u00e9atifs pour assembler les pi\u00e8ces de la figurine.   <\/p>\n","protected":false},"excerpt":{"rendered":"<p>Le <strong>colibri \u00e0 queue large<\/strong> est un oiseau que l\u2019on rencontre facilement, surtout si vous habitez au Mexique ou en Am\u00e9rique centrale. Il est encore peu connu en Europe, mais jouit d\u2019une grande popularit\u00e9 dans le monde entier. Sa large queue, sa gorge chatoyante aux reflets fuchsia et la position de ses ailes en vol, pr\u00eat \u00e0 butiner une fleur, font de cet oiseau un incontournable de Plego. Cette figurine est con\u00e7ue pour \u00eatre suspendue, comme un mobile.   <\/p>\n","protected":false},"featured_media":22658,"comment_status":"closed","ping_status":"closed","template":"","meta":{"_et_pb_use_builder":"","_et_pb_old_content":"","_et_gb_content_width":"","iawp_total_views":285},"product_brand":[],"product_cat":[263],"product_tag":[],"class_list":{"0":"post-22657","1":"product","2":"type-product","3":"status-publish","4":"has-post-thumbnail","6":"product_cat-collection-oiseaux","8":"first","9":"instock","10":"taxable","11":"shipping-taxable","12":"purchasable","13":"product-type-simple","14":"wpzoom-wc-spi-has-enabled"},"_links":{"self":[{"href":"https:\/\/www.plego.art\/fr\/wp-json\/wp\/v2\/product\/22657","targetHints":{"allow":["GET"]}}],"collection":[{"href":"https:\/\/www.plego.art\/fr\/wp-json\/wp\/v2\/product"}],"about":[{"href":"https:\/\/www.plego.art\/fr\/wp-json\/wp\/v2\/types\/product"}],"replies":[{"embeddable":true,"href":"https:\/\/www.plego.art\/fr\/wp-json\/wp\/v2\/comments?post=22657"}],"wp:featuredmedia":[{"embeddable":true,"href":"https:\/\/www.plego.art\/fr\/wp-json\/wp\/v2\/media\/22658"}],"wp:attachment":[{"href":"https:\/\/www.plego.art\/fr\/wp-json\/wp\/v2\/media?parent=22657"}],"wp:term":[{"taxonomy":"product_brand","embeddable":true,"href":"https:\/\/www.plego.art\/fr\/wp-json\/wp\/v2\/product_brand?post=22657"},{"taxonomy":"product_cat","embeddable":true,"href":"https:\/\/www.plego.art\/fr\/wp-json\/wp\/v2\/product_cat?post=22657"},{"taxonomy":"product_tag","embeddable":true,"href":"https:\/\/www.plego.art\/fr\/wp-json\/wp\/v2\/product_tag?post=22657"}],"curies":[{"name":"wp","href":"https:\/\/api.w.org\/{rel}","templated":true}]}}