{"id":22601,"date":"2022-12-07T10:00:04","date_gmt":"2022-12-07T10:00:04","guid":{"rendered":"https:\/\/www.plego.art\/botiga\/corvus-corax-2\/"},"modified":"2026-03-20T12:43:09","modified_gmt":"2026-03-20T11:43:09","slug":"corvus-corax","status":"publish","type":"product","link":"https:\/\/www.plego.art\/fr\/botiga\/corvus-corax\/","title":{"rendered":"Corvus corax"},"content":{"rendered":"<p>Le kit contient 7 feuilles de papier d\u2019art en pulpe teint\u00e9e, avec 50 % de coton et r\u00e9sistants \u00e0 la lumi\u00e8re, une fiche didactique pr\u00e9sentant les principales caract\u00e9ristiques du corbeau, et des instructions de montage, disponibles en 8 langues. Les pi\u00e8ces sont pr\u00e9d\u00e9coup\u00e9es et les plis marqu\u00e9s pour faciliter le pliage et l\u2019assemblage. Tout ce mat\u00e9riel est pr\u00e9sent\u00e9 dans une pochette soign\u00e9e et r\u00e9sistante. Vous aurez besoin de colle blanche pour loisirs cr\u00e9atifs pour assembler les pi\u00e8ces de la figurine.   <\/p>\n","protected":false},"excerpt":{"rendered":"<p>Le <strong>corbeau<\/strong> m\u00eale mysticisme et intelligence \u00e0 parts \u00e9gales. C\u2019est l\u2019une des plus grandes figurines de la collection, enti\u00e8rement r\u00e9alis\u00e9e en papier cartonn\u00e9 noir. Difficile de faire plus \u00e9l\u00e9gant, vous ne trouvez pas?  <\/p>\n","protected":false},"featured_media":22602,"comment_status":"closed","ping_status":"closed","template":"","meta":{"_et_pb_use_builder":"","_et_pb_old_content":"","_et_gb_content_width":"","iawp_total_views":89},"product_brand":[],"product_cat":[263],"product_tag":[],"class_list":{"0":"post-22601","1":"product","2":"type-product","3":"status-publish","4":"has-post-thumbnail","6":"product_cat-collection-oiseaux","8":"first","9":"instock","10":"taxable","11":"shipping-taxable","12":"purchasable","13":"product-type-simple","14":"wpzoom-wc-spi-has-enabled"},"_links":{"self":[{"href":"https:\/\/www.plego.art\/fr\/wp-json\/wp\/v2\/product\/22601","targetHints":{"allow":["GET"]}}],"collection":[{"href":"https:\/\/www.plego.art\/fr\/wp-json\/wp\/v2\/product"}],"about":[{"href":"https:\/\/www.plego.art\/fr\/wp-json\/wp\/v2\/types\/product"}],"replies":[{"embeddable":true,"href":"https:\/\/www.plego.art\/fr\/wp-json\/wp\/v2\/comments?post=22601"}],"wp:featuredmedia":[{"embeddable":true,"href":"https:\/\/www.plego.art\/fr\/wp-json\/wp\/v2\/media\/22602"}],"wp:attachment":[{"href":"https:\/\/www.plego.art\/fr\/wp-json\/wp\/v2\/media?parent=22601"}],"wp:term":[{"taxonomy":"product_brand","embeddable":true,"href":"https:\/\/www.plego.art\/fr\/wp-json\/wp\/v2\/product_brand?post=22601"},{"taxonomy":"product_cat","embeddable":true,"href":"https:\/\/www.plego.art\/fr\/wp-json\/wp\/v2\/product_cat?post=22601"},{"taxonomy":"product_tag","embeddable":true,"href":"https:\/\/www.plego.art\/fr\/wp-json\/wp\/v2\/product_tag?post=22601"}],"curies":[{"name":"wp","href":"https:\/\/api.w.org\/{rel}","templated":true}]}}