{"id":22574,"date":"2021-11-09T12:49:39","date_gmt":"2021-11-09T12:49:39","guid":{"rendered":"https:\/\/www.plego.art\/botiga\/pyrrhula-pyrrhula-2\/"},"modified":"2025-06-23T13:15:57","modified_gmt":"2025-06-23T11:15:57","slug":"pyrrhula-pyrrhula-2","status":"publish","type":"product","link":"https:\/\/www.plego.art\/fr\/botiga\/pyrrhula-pyrrhula-2\/","title":{"rendered":"Pyrrhula pyrrhula"},"content":{"rendered":"<p>Le kit contient 5 feuilles de papier d\u2019art en pulpe teint\u00e9e, avec 50 % de coton et r\u00e9sistants \u00e0 la lumi\u00e8re, une fiche didactique pr\u00e9sentant les principales caract\u00e9ristiques du bouvreuil pivoine, et des instructions de montage, disponibles en 8 langues. Les pi\u00e8ces sont pr\u00e9d\u00e9coup\u00e9es et les plis marqu\u00e9s pour faciliter le pliage et l\u2019assemblage. Tout ce mat\u00e9riel est pr\u00e9sent\u00e9 dans une pochette soign\u00e9e et r\u00e9sistante. Vous aurez besoin de colle blanche pour loisirs cr\u00e9atifs pour assembler les pi\u00e8ces de la figurine.   <\/p>\n","protected":false},"excerpt":{"rendered":"<p>La figurine du <strong>bouvreuil pivoine<\/strong> se distingue par la teinte rouge intense de sa poitrail et la forme dodue de son corps, qui lui donnent un aspect \u00e0 la fois charmant et amusant.<\/p>\n","protected":false},"featured_media":22575,"comment_status":"closed","ping_status":"closed","template":"","meta":{"_et_pb_use_builder":"","_et_pb_old_content":"","_et_gb_content_width":"","iawp_total_views":227},"product_brand":[],"product_cat":[263],"product_tag":[],"class_list":{"0":"post-22574","1":"product","2":"type-product","3":"status-publish","4":"has-post-thumbnail","6":"product_cat-collection-oiseaux","8":"first","9":"instock","10":"taxable","11":"shipping-taxable","12":"purchasable","13":"product-type-simple","14":"wpzoom-wc-spi-has-enabled"},"_links":{"self":[{"href":"https:\/\/www.plego.art\/fr\/wp-json\/wp\/v2\/product\/22574","targetHints":{"allow":["GET"]}}],"collection":[{"href":"https:\/\/www.plego.art\/fr\/wp-json\/wp\/v2\/product"}],"about":[{"href":"https:\/\/www.plego.art\/fr\/wp-json\/wp\/v2\/types\/product"}],"replies":[{"embeddable":true,"href":"https:\/\/www.plego.art\/fr\/wp-json\/wp\/v2\/comments?post=22574"}],"wp:featuredmedia":[{"embeddable":true,"href":"https:\/\/www.plego.art\/fr\/wp-json\/wp\/v2\/media\/22575"}],"wp:attachment":[{"href":"https:\/\/www.plego.art\/fr\/wp-json\/wp\/v2\/media?parent=22574"}],"wp:term":[{"taxonomy":"product_brand","embeddable":true,"href":"https:\/\/www.plego.art\/fr\/wp-json\/wp\/v2\/product_brand?post=22574"},{"taxonomy":"product_cat","embeddable":true,"href":"https:\/\/www.plego.art\/fr\/wp-json\/wp\/v2\/product_cat?post=22574"},{"taxonomy":"product_tag","embeddable":true,"href":"https:\/\/www.plego.art\/fr\/wp-json\/wp\/v2\/product_tag?post=22574"}],"curies":[{"name":"wp","href":"https:\/\/api.w.org\/{rel}","templated":true}]}}