{"id":22561,"date":"2021-11-05T17:50:28","date_gmt":"2021-11-05T17:50:28","guid":{"rendered":"https:\/\/www.plego.art\/botiga\/merops-apiaster-2\/"},"modified":"2025-06-23T13:13:53","modified_gmt":"2025-06-23T11:13:53","slug":"merops-apiaster-2","status":"publish","type":"product","link":"https:\/\/www.plego.art\/fr\/botiga\/merops-apiaster-2\/","title":{"rendered":"Merops apiaster"},"content":{"rendered":"<p>Le kit contient 5 feuilles de papier d\u2019art en pulpe teint\u00e9e, avec 50 % de coton et r\u00e9sistants \u00e0 la lumi\u00e8re, une fiche didactique pr\u00e9sentant les principales caract\u00e9ristiques du gu\u00eapier d\u2019Europe, et des instructions de montage, disponibles en 8 langues. Les pi\u00e8ces sont pr\u00e9d\u00e9coup\u00e9es et les plis marqu\u00e9s pour faciliter le pliage et l\u2019assemblage. Tout ce mat\u00e9riel est pr\u00e9sent\u00e9 dans une pochette soign\u00e9e et r\u00e9sistante. Vous aurez besoin de colle blanche pour loisirs cr\u00e9atifs pour assembler les pi\u00e8ces de la figurine.   <\/p>\n","protected":false},"excerpt":{"rendered":"<p>Le <strong>gu\u00eapier d\u2019Europe<\/strong> attire le regard par l\u2019exub\u00e9rance de ses couleurs, qui lui conf\u00e8rent un air \u00e0 la fois exotique et \u00e9clatant. Il se d\u00e9marque clairement des autres oiseaux et devient ainsi la figurine la plus \u00ab tropicale \u00bb de la collection. <\/p>\n<p>Elle est con\u00e7ue pour \u00eatre pos\u00e9e au bord d\u2019un meuble, sa longue queue d\u00e9passant vers l\u2019ext\u00e9rieur.<\/p>\n","protected":false},"featured_media":22562,"comment_status":"closed","ping_status":"closed","template":"","meta":{"_et_pb_use_builder":"","_et_pb_old_content":"","_et_gb_content_width":"","iawp_total_views":195},"product_brand":[],"product_cat":[263],"product_tag":[],"class_list":{"0":"post-22561","1":"product","2":"type-product","3":"status-publish","4":"has-post-thumbnail","6":"product_cat-collection-oiseaux","8":"first","9":"instock","10":"taxable","11":"shipping-taxable","12":"purchasable","13":"product-type-simple","14":"wpzoom-wc-spi-has-enabled"},"_links":{"self":[{"href":"https:\/\/www.plego.art\/fr\/wp-json\/wp\/v2\/product\/22561","targetHints":{"allow":["GET"]}}],"collection":[{"href":"https:\/\/www.plego.art\/fr\/wp-json\/wp\/v2\/product"}],"about":[{"href":"https:\/\/www.plego.art\/fr\/wp-json\/wp\/v2\/types\/product"}],"replies":[{"embeddable":true,"href":"https:\/\/www.plego.art\/fr\/wp-json\/wp\/v2\/comments?post=22561"}],"wp:featuredmedia":[{"embeddable":true,"href":"https:\/\/www.plego.art\/fr\/wp-json\/wp\/v2\/media\/22562"}],"wp:attachment":[{"href":"https:\/\/www.plego.art\/fr\/wp-json\/wp\/v2\/media?parent=22561"}],"wp:term":[{"taxonomy":"product_brand","embeddable":true,"href":"https:\/\/www.plego.art\/fr\/wp-json\/wp\/v2\/product_brand?post=22561"},{"taxonomy":"product_cat","embeddable":true,"href":"https:\/\/www.plego.art\/fr\/wp-json\/wp\/v2\/product_cat?post=22561"},{"taxonomy":"product_tag","embeddable":true,"href":"https:\/\/www.plego.art\/fr\/wp-json\/wp\/v2\/product_tag?post=22561"}],"curies":[{"name":"wp","href":"https:\/\/api.w.org\/{rel}","templated":true}]}}