{"id":23235,"date":"2025-06-25T10:00:39","date_gmt":"2025-06-25T08:00:39","guid":{"rendered":"https:\/\/www.plego.art\/mentions-legales\/"},"modified":"2025-06-25T10:00:39","modified_gmt":"2025-06-25T08:00:39","slug":"mentions-legales","status":"publish","type":"page","link":"https:\/\/www.plego.art\/fr\/mentions-legales\/","title":{"rendered":"Mentions l\u00e9gales"},"content":{"rendered":"<p>[et_pb_section fb_built=&#8221;1&#8243; admin_label=&#8221;section&#8221; _builder_version=&#8221;4.23.2&#8243; background_color=&#8221;gcid-1b00c915-a7f2-4a48-a798-c1d71a4961ff&#8221; global_colors_info=&#8221;{%22gcid-1b00c915-a7f2-4a48-a798-c1d71a4961ff%22:%91%22background_color%22%93}&#8221;][et_pb_row column_structure=&#8221;3_4,1_4&#8243; _builder_version=&#8221;4.23.2&#8243; _module_preset=&#8221;default&#8221; max_width=&#8221;1300px&#8221; module_alignment=&#8221;center&#8221; global_colors_info=&#8221;{}&#8221;][et_pb_column type=&#8221;3_4&#8243; _builder_version=&#8221;4.22.2&#8243; _module_preset=&#8221;default&#8221; global_colors_info=&#8221;{}&#8221;][et_pb_toggle title=&#8221;Mentions l\u00e9gales&#8221; _builder_version=&#8221;4.23.2&#8243; _module_preset=&#8221;baacd325-0f08-4a9e-bf98-b982f09d27cd&#8221; title_font=&#8221;|700|||||||&#8221; title_font_size=&#8221;1.8rem&#8221; title_line_height=&#8221;2rem&#8221; global_colors_info=&#8221;{}&#8221;]<\/p>\n<h4><strong>Informations g\u00e9n\u00e9rales<\/strong><\/h4>\n<p>Les conditions suivantes r\u00e9gissent les informations et l&#8217;utilisation autoris\u00e9e du site web https:\/\/www.plego.art\/ (ci-apr\u00e8s \u00ab le Site \u00bb), que PLEGO, S.C.P. (ci-apr\u00e8s \u00ab LA SOCI\u00c9T\u00c9 \u00bb), dont le si\u00e8ge social est situ\u00e9 carrer Cap de Creus, 4, 3-3 CP: 17005 Girona, Girona, CIF J0679578, met \u00e0 la disposition des internautes, conform\u00e9ment \u00e0 la loi 34\/2002 du 11 juillet relative aux services de la soci\u00e9t\u00e9 de l&#8217;information et du commerce \u00e9lectronique. Ce site web a \u00e9t\u00e9 cr\u00e9\u00e9 et con\u00e7u dans le but de diffuser toutes les informations et actualit\u00e9s relatives aux produits distribu\u00e9s par cette SOCI\u00c9T\u00c9. <\/p>\n<h4><strong>Conditions g\u00e9n\u00e9rales<\/strong><\/h4>\n<p>Les pr\u00e9sentes conditions g\u00e9n\u00e9rales r\u00e9gissent l&#8217;acc\u00e8s et l&#8217;utilisation du site web que la SOCI\u00c9T\u00c9 met gratuitement \u00e0 la disposition du public, \u00e0 l&#8217;exception du co\u00fbt de la connexion au r\u00e9seau de t\u00e9l\u00e9communications fourni par le fournisseur d&#8217;acc\u00e8s souscrit par l&#8217;internaute. L&#8217;acc\u00e8s au site web et sa navigation impliquent l&#8217;acceptation sans r\u00e9serve de toutes les conditions \u00e9nonc\u00e9es dans le pr\u00e9sent document. <\/p>\n<h4><strong>Conditions d&#8217;utilisation<\/strong><\/h4>\n<p>L&#8217;internaute s&#8217;engage \u00e0 utiliser le site web conform\u00e9ment \u00e0 la l\u00e9gislation espagnole et europ\u00e9enne en vigueur et aux conditions \u00e9nonc\u00e9es dans le pr\u00e9sent document. Il sera responsable envers la SOCI\u00c9T\u00c9 ou tout tiers de tout dommage et\/ou pr\u00e9judice pouvant r\u00e9sulter du non-respect de ces obligations. Il est express\u00e9ment interdit d&#8217;utiliser le site web \u00e0 des fins pr\u00e9judiciables aux biens ou aux int\u00e9r\u00eats de la SOCI\u00c9T\u00c9 ou de tiers, ou qui, de toute autre mani\u00e8re, surchargeraient, endommageraient ou rendraient inutilisables les r\u00e9seaux, serveurs et autres \u00e9quipements informatiques (mat\u00e9riel) ou produits et applications informatiques (logiciels) de la SOCI\u00c9T\u00c9 ou de tiers. La SOCI\u00c9T\u00c9 se r\u00e9serve le droit d&#8217;apporter, \u00e0 tout moment et sans pr\u00e9avis, des modifications et des mises \u00e0 jour aux informations contenues sur le site web, \u00e0 sa configuration et \u00e0 sa pr\u00e9sentation, ainsi qu&#8217;aux pr\u00e9sentes Conditions d&#8217;utilisation. La fourniture du service web est limit\u00e9e \u00e0 la connexion de l&#8217;internaute au site web ou \u00e0 l&#8217;un des services fournis par son interm\u00e9diaire. C&#8217;est pourquoi il est recommand\u00e9 aux internautes de lire attentivement les pr\u00e9sentes Conditions d&#8217;utilisation chaque fois qu&#8217;ils acc\u00e8dent au site web et l&#8217;utilisent, celles-ci \u00e9tant susceptibles d&#8217;\u00eatre modifi\u00e9es. La SOCI\u00c9T\u00c9 ne garantit pas l&#8217;absence d&#8217;interruptions ou d&#8217;erreurs dans l&#8217;acc\u00e8s au site web ou \u00e0 son contenu, ni sa mise \u00e0 jour. La SOCI\u00c9T\u00c9 effectuera, sauf en cas de circonstances rendant son ex\u00e9cution impossible ou difficile, et d\u00e8s qu&#8217;elle aura connaissance d&#8217;erreurs, de d\u00e9connexions ou de manque de mise \u00e0 jour du contenu, toutes les t\u00e2ches n\u00e9cessaires pour corriger les erreurs, r\u00e9tablir la communication et mettre \u00e0 jour le contenu. L&#8217;acc\u00e8s au site web et toute utilisation non autoris\u00e9e des informations qu&#8217;il contient rel\u00e8vent de la responsabilit\u00e9 exclusive de la personne qui l&#8217;effectue. La SOCI\u00c9T\u00c9 d\u00e9cline toute responsabilit\u00e9 quant aux cons\u00e9quences, dommages ou pertes pouvant d\u00e9couler de cet acc\u00e8s ou de cette utilisation. La SOCI\u00c9T\u00c9 d\u00e9cline toute responsabilit\u00e9 quant aux erreurs de s\u00e9curit\u00e9 pouvant survenir ou aux dommages pouvant survenir sur le syst\u00e8me informatique (mat\u00e9riel et logiciel) de l&#8217;internaute, ainsi que sur les fichiers ou documents qui y sont stock\u00e9s, r\u00e9sultant de la pr\u00e9sence de logiciels malveillants sur l&#8217;ordinateur de l&#8217;internaute utilis\u00e9 pour se connecter aux contenus du Site, d&#8217;un dysfonctionnement du navigateur ou de l&#8217;utilisation de versions non mises \u00e0 jour de ce dernier. La SOCI\u00c9T\u00c9 d\u00e9cline toute responsabilit\u00e9 quant aux contenus li\u00e9s au Site, \u00e0 condition qu&#8217;ils lui soient \u00e9trangers, et ne garantit pas l&#8217;absence de logiciels malveillants ou d&#8217;autres \u00e9l\u00e9ments susceptibles d&#8217;alt\u00e9rer le syst\u00e8me informatique (mat\u00e9riel et logiciel), les documents ou les fichiers de l&#8217;internaute, excluant toute responsabilit\u00e9 pour les dommages de toute nature caus\u00e9s de ce fait. Si un utilisateur d&#8217;Internet consid\u00e8re que les contenus ou les services fournis par les sites Web li\u00e9s sont illicites ou portent atteinte \u00e0 la propri\u00e9t\u00e9 ou aux droits de l&#8217;utilisateur d&#8217;Internet lui-m\u00eame ou d&#8217;un tiers susceptible d&#8217;indemnisation et qu&#8217;en particulier, consistent en : \u00b7 des activit\u00e9s ou des contenus qui violent les droits de propri\u00e9t\u00e9 intellectuelle ou industrielle, \u00b7 des activit\u00e9s ou des contenus qui mettent en danger la protection de la sant\u00e9 publique, le respect de la dignit\u00e9 de la personne et le principe de non-discrimination et la protection de la sant\u00e9 et de l&#8217;enfance, il doit le notifier, avec les observations ou les ill\u00e9galit\u00e9s constat\u00e9es par lui.            <\/p>\n<h4><strong>Proc\u00e9dure en cas d&#8217;exercice d&#8217;activit\u00e9s ill\u00e9gales<\/strong><\/h4>\n<p>Si un internaute consid\u00e8re qu&#8217;il existe des faits ou des circonstances qui r\u00e9v\u00e8lent le caract\u00e8re illicite de l&#8217;utilisation de tout contenu et\/ou de la r\u00e9alisation de toute activit\u00e9 sur le Site, et en particulier, la violation de droits de propri\u00e9t\u00e9 intellectuelle ou industrielle (brevets, mod\u00e8les et dessins industriels, marques et noms commerciaux, etc.) ou d&#8217;autres droits, il doit envoyer une notification \u00e0 la SOCI\u00c9T\u00c9 avec le contenu suivant : \u00b7 coordonn\u00e9es de la personne ou de l&#8217;entit\u00e9 qui fait la r\u00e9clamation : nom, adresse, num\u00e9ro de t\u00e9l\u00e9phone et adresse e-mail, \u00b7 description de l&#8217;activit\u00e9 illicite pr\u00e9sum\u00e9e r\u00e9alis\u00e9e sur le Site et, en particulier, lorsqu&#8217;il s&#8217;agit d&#8217;une violation pr\u00e9sum\u00e9e de droits, l&#8217;indication pr\u00e9cise et sp\u00e9cifique du contenu prot\u00e9g\u00e9 ainsi que sa localisation sur le Site, \u00b7 faits ou circonstances qui r\u00e9v\u00e8lent le caract\u00e8re illicite de cette activit\u00e9, \u00b7 en cas de violation de droits, signature manuscrite ou \u00e9quivalente, avec les donn\u00e9es personnelles du titulaire des droits pr\u00e9tendument viol\u00e9s ou de la personne autoris\u00e9e \u00e0 agir au nom et pour le compte de ce dernier, \u00b7 d\u00e9claration expresse, claire et responsable de la personne ou de l&#8217;entit\u00e9 qui fait la r\u00e9clamation que les informations fournies dans la notification sont exactes et du caract\u00e8re illicite de la Utilisation des contenus ou r\u00e9alisation des activit\u00e9s d\u00e9crites. Coordonn\u00e9es de l&#8217;ENTREPRISE Les informations suivantes sont mises \u00e0 la disposition des internautes pour r\u00e9pondre \u00e0 leurs demandes, questions et r\u00e9clamations : Nom : PLEGO, SCP. Adresse postale : C\/ Finestrelles,15 ; CP 17006, Girona, Girona. Courriel : plego@plego.art T\u00e9l\u00e9phone : 872 07 24 52   <\/p>\n<p>[\/et_pb_toggle][et_pb_toggle title=&#8221;Politique de confidentialit\u00e9&#8221; _builder_version=&#8221;4.27.4&#8243; _module_preset=&#8221;baacd325-0f08-4a9e-bf98-b982f09d27cd&#8221; title_font=&#8221;|700|||||||&#8221; title_font_size=&#8221;1.8rem&#8221; title_line_height=&#8221;2rem&#8221; global_colors_info=&#8221;{}&#8221;]<\/p>\n<h4><strong>Responsable du traitement<\/strong><\/h4>\n<p><strong>Identit\u00e9 : PLEGO, SCP (\u00e9galement le fournisseur)<\/strong><\/p>\n<p><strong>NIF: <\/strong>J06795785 <strong>Adresse:<\/strong> c\/ Cap de Creus num. 4, 3- 3, 17005 Girona, Girona <\/p>\n<p><strong>Email: plego@plego.art<\/strong><\/p>\n<p>PLEGO, SCP, en tant que responsable du Site Web, conform\u00e9ment aux dispositions du R\u00e8glement (UE) 2016\/679 du 27 avril 2016 (RGPD), de la Loi Organique 3\/2018 du 5 d\u00e9cembre (LOPDGDD) et d&#8217;autres r\u00e9glementations l\u00e9gales en vigueur sur la protection des donn\u00e9es personnelles, et par la Loi 34\/2002, du 11 juillet, sur les Services de la Soci\u00e9t\u00e9 de l&#8217;Information et du Commerce \u00c9lectronique (LSSICE), vous informe qu&#8217;elle a mis en \u0153uvre les mesures de s\u00e9curit\u00e9 n\u00e9cessaires, de nature technique et organisationnelle, pour garantir et prot\u00e9ger la confidentialit\u00e9, l&#8217;int\u00e9grit\u00e9 et la disponibilit\u00e9 des donn\u00e9es saisies.<\/p>\n<h4><strong>Finalit\u00e9 du traitement<\/strong><\/h4>\n<p>Vos donn\u00e9es personnelles ne seront utilis\u00e9es qu&#8217;aux fins suivantes:<\/p>\n<p>Effectuer les d\u00e9marches commerciales et administratives n\u00e9cessaires aupr\u00e8s des utilisateurs du site web;<br \/>\nEnvoyer des communications commerciales par e-mail, fax, SMS, MMS, r\u00e9seaux sociaux ou tout autre moyen \u00e9lectronique ou physique, si l&#8217;Utilisateur a express\u00e9ment consenti \u00e0 l&#8217;envoi de communications commerciales par voie \u00e9lectronique en s&#8217;abonnant \u00e0 la NEWSLETTER;<br \/>\nR\u00e9pondre aux demandes de renseignements et\/ou fournir les informations demand\u00e9es par l&#8217;Utilisateur;<br \/>\nR\u00e9pondre aux demandes de renseignements et\/ou fournir les informations demand\u00e9es par l&#8217;Utilisateur;<br \/>\nUtiliser vos donn\u00e9es pour vous contacter, par voie \u00e9lectronique ou non, afin de recueillir votre avis sur le service fourni et<br \/>\nVous informer des modifications et des \u00e9volutions importantes de la politique de confidentialit\u00e9, des mentions l\u00e9gales ou de la politique relative aux cookies.<br \/>\nDes analyses de profil et d\u2019utilisabilit\u00e9 seront r\u00e9alis\u00e9es.<br \/>\nLes donn\u00e9es des clients et\/ou fournisseurs seront trait\u00e9es, dans le cadre de la relation contractuelle qui les lie au responsable, dans le respect des obligations administratives, fiscales, comptables et de travail n\u00e9cessaires en vertu de la l\u00e9gislation en vigueur.<br \/>\nVous pouvez r\u00e9voquer votre consentement \u00e0 tout moment en envoyant une lettre avec pour objet &#8220;Retrait&#8221; \u00e0 plego@plego.art.<\/p>\n<p>Conform\u00e9ment \u00e0 la LSSICE, PLEGO, SCP ne pratique pas le spam ; par cons\u00e9quent, elle n&#8217;envoie pas de courriers \u00e9lectroniques commerciaux sans la demande ou l&#8217;autorisation pr\u00e9alable de l&#8217;utilisateur. Par cons\u00e9quent, dans toutes les communications qu&#8217;il recevra du fournisseur, l&#8217;utilisateur a la possibilit\u00e9 d&#8217;annuler son consentement expr\u00e8s \u00e0 recevoir nos communications. <\/p>\n<p>Nous ne traiterons pas vos donn\u00e9es personnelles \u00e0 d\u2019autres fins que celles d\u00e9crites, sauf obligation l\u00e9gale ou demande judiciaire.<\/p>\n<h4><strong>L\u00e9gitimation du traitement<\/strong><\/h4>\n<p>La base juridique du traitement des donn\u00e9es est votre consentement accord\u00e9 pour r\u00e9aliser les finalit\u00e9s d\u00e9crites ci-dessus, qui sera demand\u00e9 en cochant la case correspondante lors de la collecte de vos donn\u00e9es.<\/p>\n<p>Le fait de ne pas fournir les donn\u00e9es personnelles demand\u00e9es ou de ne pas accepter la pr\u00e9sente politique de protection des donn\u00e9es signifie qu&#8217;il est impossible de s&#8217;abonner, de s&#8217;inscrire ou de recevoir des informations sur les produits et services du Fournisseur.<\/p>\n<p>Dans les cas o\u00f9 il existe une relation contractuelle pr\u00e9alable entre les parties, la l\u00e9gitimit\u00e9 pour le d\u00e9veloppement des obligations administratives, fiscales, comptables et de travail qui sont n\u00e9cessaires en vertu de la l\u00e9gislation en vigueur sera l&#8217;existence pr\u00e9alable de la relation commerciale \u00e9tablie entre les parties.<\/p>\n<h4><strong>B\u00e9n\u00e9ficiaires d&#8217;affectations et de transferts<\/strong><\/h4>\n<p>PLEGO, SCP n&#8217;effectue aucun transfert ou communication de donn\u00e9es \u00e0 des tiers, sauf s&#8217;il existe une n\u00e9cessit\u00e9 raisonnable de se conformer \u00e0 une proc\u00e9dure judiciaire, \u00e0 une obligation l\u00e9gale ou \u00e0 l&#8217;obtention pr\u00e9alable du consentement de l&#8217;utilisateur.<\/p>\n<p>Aucun transfert international de vos donn\u00e9es personnelles ne sera effectu\u00e9 sans votre consentement pr\u00e9alable, sans pr\u00e9judice de la possibilit\u00e9 de bloquer ou de supprimer votre compte en cas d&#8217;indices d&#8217;infraction p\u00e9nale. Les informations fournies seront celles dont dispose le fournisseur \u00e0 ce moment-l\u00e0. <\/p>\n<h4><strong>Communications<\/strong><\/h4>\n<p>Toute communication envoy\u00e9e sera int\u00e9gr\u00e9e aux syst\u00e8mes d&#8217;information de PLEGO, SCP. En acceptant les pr\u00e9sentes conditions g\u00e9n\u00e9rales et politiques, l&#8217;Utilisateur consent express\u00e9ment \u00e0 ce que PLEGO, SCP r\u00e9alise les activit\u00e9s et\/ou actions suivantes, sauf indication contraire de sa part:<\/p>\n<p>L&#8217;envoi de communications commerciales et\/ou promotionnelles par tout moyen permettant d&#8217;informer les Utilisateurs des activit\u00e9s, services, promotions, publicit\u00e9s, actualit\u00e9s, offres et autres informations sur les services et produits li\u00e9s \u00e0 l&#8217;activit\u00e9.<br \/>\nDans le cas o\u00f9 l&#8217;Utilisateur a express\u00e9ment consenti \u00e0 l&#8217;envoi de communications commerciales par voie \u00e9lectronique en s&#8217;abonnant \u00e0 la NEWSLETTER, l&#8217;envoi de ces communications par voie \u00e9lectronique informant les Utilisateurs des activit\u00e9s, services, promotions, publicit\u00e9s, actualit\u00e9s, offres et autres informations sur les services et produits de PLEGO, SCP \u00e9gales ou similaires \u00e0 celles qui ont initialement fait l&#8217;objet du contrat ou qui int\u00e9ressent l&#8217;Utilisateur.<br \/>\nLa conservation des donn\u00e9es pendant les dur\u00e9es pr\u00e9vues par les dispositions applicables.<\/p>\n<h4><strong>Droits des parties int\u00e9ress\u00e9es<\/strong><\/h4>\n<p>En tant que personne int\u00e9ress\u00e9e par l&#8217;utilisateur, vous pouvez demander l&#8217;exercice des droits suivants aupr\u00e8s de PLEGO, SCP en soumettant une lettre \u00e0 l&#8217;adresse postale de l&#8217;en-t\u00eate ou en envoyant un e-mail \u00e0 plego@plego.art, en indiquant comme objet : \u00ab PROTECTION DES DONN\u00c9ES : DROITS AFFECT\u00c9S \u00bb, et en joignant une photocopie de votre carte d&#8217;identit\u00e9 ou tout moyen similaire en droit, comme indiqu\u00e9 par la loi.<\/p>\n<p>Droits:<\/p>\n<p>Droit d&#8217;acc\u00e8s: permet \u00e0 l&#8217;int\u00e9ress\u00e9 de conna\u00eetre et d&#8217;obtenir des informations sur ses donn\u00e9es personnelles faisant l&#8217;objet d&#8217;un traitement.<br \/>\nDroit de rectification ou de suppression: vous permet de corriger les erreurs et de modifier les donn\u00e9es qui s&#8217;av\u00e8rent inexactes ou incompl\u00e8tes.<br \/>\nDroit de r\u00e9tractation: permet la suppression des donn\u00e9es qui s\u2019av\u00e8rent inad\u00e9quates ou excessives.<br \/>\nDroit d&#8217;opposition: droit de la personne concern\u00e9e \u00e0 ce que ses donn\u00e9es personnelles ne soient pas trait\u00e9es ou \u00e0 ce qu&#8217;elles cessent.<br \/>\nLimitation du traitement: consiste \u00e0 marquer les donn\u00e9es personnelles conserv\u00e9es, afin de limiter leur traitement futur.<br \/>\nPortabilit\u00e9 des donn\u00e9es: mise \u00e0 disposition des donn\u00e9es faisant l&#8217;objet du traitement \u00e0 l&#8217;int\u00e9ress\u00e9, afin qu&#8217;il puisse les transmettre \u00e0 un autre responsable du traitement, sans obstacle.<br \/>\nDroit de ne pas faire l\u2019objet de d\u00e9cisions individuelles automatis\u00e9es (y compris le profilage): droit de ne pas faire l\u2019objet d\u2019une d\u00e9cision fond\u00e9e sur un traitement automatis\u00e9 produisant des effets vous concernant ou vous affectant de mani\u00e8re significative.<br \/>\nEn tant qu&#8217;utilisateur, vous avez le droit de retirer votre consentement \u00e0 tout moment. Ce retrait n&#8217;affectera pas la lic\u00e9it\u00e9 du traitement effectu\u00e9 avant ce retrait. <\/p>\n<p>Vous avez \u00e9galement le droit de d\u00e9poser une plainte aupr\u00e8s de l&#8217;autorit\u00e9 de contr\u00f4le si vous estimez que vos droits en mati\u00e8re de protection de vos donn\u00e9es peuvent avoir \u00e9t\u00e9 viol\u00e9s (agpd.es).<\/p>\n<h4><strong>Conservation de vos donn\u00e9es<\/strong><\/h4>\n<p>Vos donn\u00e9es seront conserv\u00e9es pendant toute la dur\u00e9e de la relation commerciale avec nous ou pendant l&#8217;exercice de votre droit de r\u00e9tractation, d&#8217;opposition ou de limitation du traitement. Toutefois, nous conserverons certaines donn\u00e9es personnelles d&#8217;identification et de trafic pendant une dur\u00e9e maximale de deux ans, si les juges et les tribunaux l&#8217;exigent ou si des actions internes sont engag\u00e9es suite \u00e0 une utilisation abusive du site web. <\/p>\n<p>Vous ne serez pas soumis \u00e0 des d\u00e9cisions fond\u00e9es sur un traitement automatis\u00e9 ayant des effets sur vos donn\u00e9es.[\/et_pb_toggle][et_pb_toggle title=&#8221;Politique relative aux cookies&#8221; _builder_version=&#8221;4.27.4&#8243; _module_preset=&#8221;baacd325-0f08-4a9e-bf98-b982f09d27cd&#8221; title_font=&#8221;|700|||||||&#8221; title_font_size=&#8221;1.8rem&#8221; title_line_height=&#8221;2rem&#8221; hover_enabled=&#8221;0&#8243; global_colors_info=&#8221;{}&#8221; sticky_enabled=&#8221;0&#8243;]<\/p>\n<p>Un cookie est un fichier t\u00e9l\u00e9charg\u00e9 sur votre ordinateur lorsque vous acc\u00e9dez \u00e0 une page web. Les cookies permettent, entre autres, \u00e0 une page web de stocker des donn\u00e9es et de r\u00e9cup\u00e9rer des informations sur les habitudes de navigation d&#8217;un utilisateur ou de son ordinateur. <\/p>\n<p>L&#8217;objectif de l&#8217;utilisation de cookies sur notre page est de vous offrir une exp\u00e9rience de navigation confortable et d&#8217;optimiser le fonctionnement de notre site Web.<\/p>\n<p>Votre navigateur stocke des cookies sur votre disque dur uniquement pendant la session en cours, occupant ainsi un espace m\u00e9moire minimal et ne nuisant pas \u00e0 votre ordinateur.<\/p>\n<p>Les cookies ne contiennent aucune information personnelle sp\u00e9cifique et la plupart sont supprim\u00e9s du disque dur \u00e0 la fin de la session du navigateur (appel\u00e9s cookies de session).<\/p>\n<h4><strong>Quels types de cookies utilisons-nous ?<\/strong><\/h4>\n<p>&#8211; <span style=\"text-decoration: underline;\">Cookies techniques:<\/span> ceux qui permettent la navigation sur le site Web et l&#8217;utilisation des diff\u00e9rentes options ou services disponibles, comme par exemple, contr\u00f4ler le trafic et la communication de donn\u00e9es, identifier la session, acc\u00e9der aux parties \u00e0 acc\u00e8s restreint, m\u00e9moriser les produits de la commande, effectuer le processus d&#8217;achat, utiliser des \u00e9l\u00e9ments de s\u00e9curit\u00e9 pendant la navigation, stocker du contenu pour la diffusion de vid\u00e9os ou partager du contenu sur les r\u00e9seaux sociaux.<\/p>\n<p>Ces cookies font partie de la cat\u00e9gorie des cookies n\u00e9cessaires au fonctionnement du site web. Dans cette section, nous utilisons nos propres cookies d\u00e9riv\u00e9s de WordPress et de ses extensions. <\/p>\n<p>&#8211; <span style=\"text-decoration: underline;\">Cookies de personnalisation:<\/span> ceux qui vous permettent d&#8217;acc\u00e9der au service avec certaines caract\u00e9ristiques pr\u00e9d\u00e9finies telles que la langue, le type de navigateur, etc., pour cette raison nous utilisons nos propres cookies d\u00e9riv\u00e9s de WordPress.<\/p>\n<p>Ces cookies entrent \u00e9galement dans la cat\u00e9gorie des cookies n\u00e9cessaires.<\/p>\n<p>&#8211; <u>Cookies d&#8217;analyse:<\/u> Ce sont ceux qui, qu&#8217;ils soient trait\u00e9s par nous ou par des tiers, nous permettent de quantifier le nombre d&#8217;utilisateurs et ainsi de r\u00e9aliser la mesure et l&#8217;analyse statistique de l&#8217;utilisation faite par les utilisateurs de notre site Web.<\/p>\n<p>Pour cette raison, votre navigation sur notre site est analys\u00e9e afin d&#8217;am\u00e9liorer l&#8217;offre de produits ou services que nous vous proposons.<\/p>\n<p>Ce site web utilise notamment des cookies tiers de Google Analytics. Pour fournir ces services, des cookies collectent des informations, notamment l&#8217;adresse IP de l&#8217;utilisateur, qui seront transmises, trait\u00e9es et stock\u00e9es par Google selon les conditions d\u00e9finies sur le site web google.com. <\/p>\n<p>Il est important de savoir que <strong><u>chez Plego nous n&#8217;utilisons pas de cookies publicitaires ni de cookies de publicit\u00e9 comportementale<\/u><\/strong>, ce sont ceux qui sont couramment utilis\u00e9s pour proposer de la publicit\u00e9 li\u00e9e \u00e0 un produit lors de la navigation sur d&#8217;autres plateformes.<\/p>\n<p>En utilisant notre site Web, vous acceptez le traitement des informations collect\u00e9es aux fins mentionn\u00e9es ci-dessus.<\/p>\n<p>Vous avez la possibilit\u00e9 de refuser le traitement de ces donn\u00e9es ou informations en refusant l&#8217;utilisation de cookies dans les param\u00e8tres de votre navigateur. Cette option de blocage des cookies pourrait vous emp\u00eacher d&#8217;utiliser pleinement toutes les fonctionnalit\u00e9s du site web. <span style=\"font-size: 16px;\"> <\/span><\/p>\n<p>[\/et_pb_toggle][\/et_pb_column][et_pb_column type=&#8221;1_4&#8243; _builder_version=&#8221;4.23.2&#8243; _module_preset=&#8221;default&#8221; sticky_position=&#8221;top&#8221; sticky_offset_top=&#8221;15px&#8221; sticky_limit_bottom=&#8221;section&#8221; sticky_position_tablet=&#8221;none&#8221; sticky_position_phone=&#8221;none&#8221; sticky_position_last_edited=&#8221;on|desktop&#8221; global_colors_info=&#8221;{}&#8221;][et_pb_text _builder_version=&#8221;4.23.2&#8243; _module_preset=&#8221;2bf59a57-abaa-4d27-b958-72d8e1942f04&#8243; custom_margin=&#8221;2rem||2rem||true|false&#8221; global_colors_info=&#8221;{}&#8221;]<\/p>\n<h3><strong>Coordonn\u00e9es<\/strong><\/h3>\n<p>Courriel du service client: <a href=\"mailto:info@plego.art\" title=\"info@plego.art\">info@plego.art<\/a><\/p>\n<p>[\/et_pb_text][et_pb_button button_url=&#8221;@ET-DC@eyJkeW5hbWljIjp0cnVlLCJjb250ZW50IjoicG9zdF9saW5rX3VybF9wYWdlIiwic2V0dGluZ3MiOnsicG9zdF9pZCI6IjEzMDczIiwiZW5hYmxlX2h0bWwiOiJvZmYifX0=@&#8221; button_text=&#8221;Contact&#8221; _builder_version=&#8221;4.23.2&#8243; _dynamic_attributes=&#8221;button_url&#8221; _module_preset=&#8221;default&#8221; button_border_width=&#8221;0px&#8221; global_colors_info=&#8221;{%22gcid-3c5f6e93-bb73-4970-84cf-ac9a2ceea141%22:%91%22button_bg_color%22,%22button_border_color%22%93}&#8221; button_bg_color__hover_enabled=&#8221;on|hover&#8221; button_bg_color__hover=&#8221;#FF6666&#8243; button_bg_enable_color__hover=&#8221;on&#8221;][\/et_pb_button][\/et_pb_column][\/et_pb_row][\/et_pb_section]<\/p>\n","protected":false},"excerpt":{"rendered":"<p>Mentions l\u00e9gales, politique de confidentialit\u00e9 et cookies<\/p>\n","protected":false},"author":1,"featured_media":0,"parent":0,"menu_order":57,"comment_status":"closed","ping_status":"open","template":"","meta":{"_et_pb_use_builder":"on","_et_pb_old_content":"","_et_gb_content_width":"","iawp_total_views":24,"footnotes":""},"class_list":["post-23235","page","type-page","status-publish","hentry"],"_links":{"self":[{"href":"https:\/\/www.plego.art\/fr\/wp-json\/wp\/v2\/pages\/23235","targetHints":{"allow":["GET"]}}],"collection":[{"href":"https:\/\/www.plego.art\/fr\/wp-json\/wp\/v2\/pages"}],"about":[{"href":"https:\/\/www.plego.art\/fr\/wp-json\/wp\/v2\/types\/page"}],"author":[{"embeddable":true,"href":"https:\/\/www.plego.art\/fr\/wp-json\/wp\/v2\/users\/1"}],"replies":[{"embeddable":true,"href":"https:\/\/www.plego.art\/fr\/wp-json\/wp\/v2\/comments?post=23235"}],"version-history":[{"count":0,"href":"https:\/\/www.plego.art\/fr\/wp-json\/wp\/v2\/pages\/23235\/revisions"}],"wp:attachment":[{"href":"https:\/\/www.plego.art\/fr\/wp-json\/wp\/v2\/media?parent=23235"}],"curies":[{"name":"wp","href":"https:\/\/api.w.org\/{rel}","templated":true}]}}