{"id":23208,"date":"2025-06-24T13:41:29","date_gmt":"2025-06-24T11:41:29","guid":{"rendered":"https:\/\/www.plego.art\/termes-et-conditions\/"},"modified":"2025-06-24T13:41:29","modified_gmt":"2025-06-24T11:41:29","slug":"termes-et-conditions","status":"publish","type":"page","link":"https:\/\/www.plego.art\/fr\/termes-et-conditions\/","title":{"rendered":"Termes et conditions"},"content":{"rendered":"<p>[et_pb_section fb_built=&#8221;1&#8243; admin_label=&#8221;Termes B2B&#8221; _builder_version=&#8221;4.27.0&#8243; _module_preset=&#8221;default&#8221; background_color=&#8221;RGBA(255,255,255,0)&#8221; display_conditions=&#8221;W3siaWQiOiJhMGNlZjA5ZS1kZDI4LTRkMTAtYmVlNC1jYzcwMmM1N2JhNDMiLCJjb25kaXRpb24iOiJ1c2VyUm9sZSIsImNvbmRpdGlvblNldHRpbmdzIjp7ImRpc3BsYXlSdWxlIjoiaXMiLCJ1c2VyUm9sZXMiOlt7ImxhYmVsIjoiQ2xpZW50IEIyQiIsInZhbHVlIjoiY3VzdG9tZXJfYjJiIn1dLCJ1c2VySWRzIjoiVXNlciBJRHMgc2VwYXJhdGVkIGJ5IGNvbW1hcyIsImFkbWluTGFiZWwiOiJVc2VyIFJvbGUiLCJlbmFibGVDb25kaXRpb24iOiJvbiJ9LCJvcGVyYXRvciI6Ik9SIn1d&#8221; custom_padding=&#8221;|||6px||&#8221; border_width_bottom=&#8221;2px&#8221; border_color_bottom=&#8221;#4DDCA8&#8243; collapsed=&#8221;on&#8221; global_colors_info=&#8221;{}&#8221; theme_builder_area=&#8221;post_content&#8221;][et_pb_row column_structure=&#8221;3_4,1_4&#8243; _builder_version=&#8221;4.23.2&#8243; _module_preset=&#8221;default&#8221; global_colors_info=&#8221;{}&#8221; theme_builder_area=&#8221;post_content&#8221;][et_pb_column type=&#8221;3_4&#8243; _builder_version=&#8221;4.22.2&#8243; _module_preset=&#8221;default&#8221; global_colors_info=&#8221;{}&#8221; theme_builder_area=&#8221;post_content&#8221;][et_pb_text _builder_version=&#8221;4.27.0&#8243; _module_preset=&#8221;default&#8221; header_4_font=&#8221;||||||||&#8221; header_4_text_color=&#8221;#52CEBE&#8221; header_4_font_size=&#8221;1.8rem&#8221; custom_margin=&#8221;||10px||false|false&#8221; custom_padding=&#8221;||||false|false&#8221; global_colors_info=&#8221;{}&#8221; theme_builder_area=&#8221;post_content&#8221;]<\/p>\n<h4>Informations B2B<\/h4>\n<h5>Conditions g\u00e9n\u00e9rales:<\/h5>\n<p>[\/et_pb_text][et_pb_text _builder_version=&#8221;4.27.0&#8243; _module_preset=&#8221;2bf59a57-abaa-4d27-b958-72d8e1942f04&#8243; text_font_size=&#8221;1.1rem&#8221; text_line_height=&#8221;1.5rem&#8221; global_colors_info=&#8221;{}&#8221; theme_builder_area=&#8221;post_content&#8221;]<\/p>\n\n<p>[\/et_pb_text][et_pb_toggle title=&#8221;B2B Info: Informations sur la livraison&#8221; module_id=&#8221;desplegable-termes-enviaments&#8221; _builder_version=&#8221;4.27.0&#8243; _module_preset=&#8221;baacd325-0f08-4a9e-bf98-b982f09d27cd&#8221; custom_padding=&#8221;30px|4px|20px|0px|false|false&#8221; global_colors_info=&#8221;{}&#8221; theme_builder_area=&#8221;post_content&#8221;]<\/p>\n<p>L&#8217;exp\u00e9dition est effectu\u00e9e le jour ouvrable suivant la r\u00e9ception de la commande. Le minimum de commande est de 200 \u20ac. <\/p>\n<ul>\n<li>Espagne (p\u00e9ninsule) : le d\u00e9lai de livraison est de 24 \u00e0 48 heures, jours ouvr\u00e9s compris. Pour les commandes sup\u00e9rieures \u00e0 200 \u20ac, les frais de livraison sont offerts. <\/li>\n<li>\u00celes Bal\u00e9ares : le d\u00e9lai de livraison est de 4 \u00e0 6 jours. Pour les commandes inf\u00e9rieures \u00e0 250 \u20ac, les frais de livraison sont de 6 \u20ac. Pour les commandes sup\u00e9rieures \u00e0 250 \u20ac, les frais de livraison sont offerts.  <\/li>\n<li>Pays de l&#8217;UE : le d\u00e9lai de livraison est de 3 \u00e0 7 jours ouvr\u00e9s. Pour les commandes inf\u00e9rieures \u00e0 300 \u20ac, les frais de livraison sont de 17 \u20ac. Pour les commandes sup\u00e9rieures \u00e0 300 \u20ac, la livraison est gratuite.  <\/li>\n<\/ul>\n<p>Pour les envois vers toute autre destination, contactez-nous \u00e0 <a href=\"mailto:sales@plego.art\">sales@plego.art<\/a>.<\/p>\n<p>[\/et_pb_toggle][et_pb_toggle title=&#8221;B2B Info: \u00c9changes et retours&#8221; module_id=&#8221;desplegable-termes-canvis&#8221; _builder_version=&#8221;4.27.0&#8243; _module_preset=&#8221;baacd325-0f08-4a9e-bf98-b982f09d27cd&#8221; custom_padding=&#8221;30px|4px|20px|0px|false|false&#8221; global_colors_info=&#8221;{}&#8221; theme_builder_area=&#8221;post_content&#8221;]<\/p>\n<ul>\n<li>Si le produit que vous avez re\u00e7u est d\u00e9fectueux ou endommag\u00e9, veuillez nous en informer dans les deux jours suivant la r\u00e9ception de votre commande. Nous le remplacerons dans les plus brefs d\u00e9lais. Contactez-nous \u00e0 l&#8217;adresse <a href=\"mailto:sales@plego.art\">sales@plego.art<\/a> et nous nous en occuperons.  <\/li>\n<\/ul>\n<ul>\n<li>Si l&#8217;erreur est de notre fait et que vous avez re\u00e7u un produit diff\u00e9rent, nous vous l&#8217;\u00e9changerons dans les plus brefs d\u00e9lais. Contactez-nous \u00e0 l&#8217;adresse <a href=\"mailto:sales@plego.art\">sales@plego.art<\/a> et nous nous en occuperons. <\/li>\n<\/ul>\n<p>[\/et_pb_toggle][et_pb_toggle title=&#8221;B2B Info: Quels modes de paiement acceptons-nous?&#8221; module_id=&#8221;desplegable-termes-pagaments&#8221; _builder_version=&#8221;4.27.0&#8243; _module_preset=&#8221;baacd325-0f08-4a9e-bf98-b982f09d27cd&#8221; global_colors_info=&#8221;{}&#8221; theme_builder_area=&#8221;post_content&#8221;]<\/p>\n<p>Chez Plego, nous proposons diff\u00e9rentes options de paiement pour faciliter vos transactions et r\u00e9pondre \u00e0 vos besoins commerciaux. Vous trouverez ci-dessous le d\u00e9tail des modes de paiement disponibles pour nos clients B2B. <\/p>\n<ul>\n<li style=\"list-style-type: none;\">\n<ul>\n<li><strong>Virement bancaire:<\/strong> c&#8217;est l&#8217;une des options de paiement les plus s\u00fbres et les plus rapides. Vous trouverez nos coordonn\u00e9es bancaires sur la facture correspondante. Veuillez indiquer le num\u00e9ro de facture comme r\u00e9f\u00e9rence lors du virement.  <\/li>\n<li><strong>Pr\u00e9l\u00e8vement automatique\/SEPA:<\/strong> Nous proposons le pr\u00e9l\u00e8vement automatique aux clients qui privil\u00e9gient ce mode de paiement. Cette option permet d&#8217;automatiser les paiements \u00e0 une date pr\u00e9cise, facilitant ainsi la gestion des transactions. Pour mettre en place un pr\u00e9l\u00e8vement automatique, veuillez remplir le formulaire d&#8217;autorisation (manquant) et l&#8217;envoyer \u00e0 <a href=\"mailto:sales@plego.art\">sales@plego.art<\/a>.  <\/li>\n<\/ul>\n<\/li>\n<\/ul>\n<p>[\/et_pb_toggle][\/et_pb_column][et_pb_column type=&#8221;1_4&#8243; _builder_version=&#8221;4.23.2&#8243; _module_preset=&#8221;default&#8221; sticky_position=&#8221;top&#8221; sticky_offset_top=&#8221;15px&#8221; sticky_limit_bottom=&#8221;row&#8221; sticky_position_tablet=&#8221;none&#8221; sticky_position_phone=&#8221;none&#8221; sticky_position_last_edited=&#8221;on|desktop&#8221; global_colors_info=&#8221;{}&#8221; theme_builder_area=&#8221;post_content&#8221;][et_pb_text _builder_version=&#8221;4.23.2&#8243; _module_preset=&#8221;2bf59a57-abaa-4d27-b958-72d8e1942f04&#8243; custom_margin=&#8221;||1rem||false|false&#8221; locked=&#8221;off&#8221; global_colors_info=&#8221;{}&#8221; theme_builder_area=&#8221;post_content&#8221;]<\/p>\n<h4><strong>Contact B2B<br \/><\/strong><\/h4>\n<p>Courriel du service client B2B: <a href=\"mailto:sales@plego.art\" title=\"sales@plego.art\">sales@plego.art<\/a><\/p>\n<p>[\/et_pb_text][\/et_pb_column][\/et_pb_row][\/et_pb_section][et_pb_section fb_built=&#8221;1&#8243; admin_label=&#8221;Termes generals&#8221; _builder_version=&#8221;4.23.2&#8243; _module_preset=&#8221;default&#8221; background_color=&#8221;RGBA(255,255,255,0)&#8221; collapsed=&#8221;off&#8221; global_colors_info=&#8221;{}&#8221; theme_builder_area=&#8221;post_content&#8221;][et_pb_row column_structure=&#8221;3_4,1_4&#8243; _builder_version=&#8221;4.27.0&#8243; _module_preset=&#8221;default&#8221; display_conditions=&#8221;W3siaWQiOiI4ZWU3NDIxMS02YTU3LTRlMjYtODRiZi0yYzUxOGIyZGJkYzEiLCJjb25kaXRpb24iOiJ1c2VyUm9sZSIsImNvbmRpdGlvblNldHRpbmdzIjp7ImRpc3BsYXlSdWxlIjoiaXNOb3QiLCJ1c2VyUm9sZXMiOlt7ImxhYmVsIjoiQ2xpZW50IEIyQiIsInZhbHVlIjoiY3VzdG9tZXJfYjJiIn1dLCJ1c2VySWRzIjoiVXNlciBJRHMgc2VwYXJhdGVkIGJ5IGNvbW1hcyIsImFkbWluTGFiZWwiOiJVc2VyIFJvbGUiLCJlbmFibGVDb25kaXRpb24iOiJvbiJ9LCJvcGVyYXRvciI6Ik9SIn1d&#8221; custom_padding=&#8221;18px|||||&#8221; global_colors_info=&#8221;{}&#8221; theme_builder_area=&#8221;post_content&#8221;][et_pb_column type=&#8221;3_4&#8243; _builder_version=&#8221;4.22.2&#8243; _module_preset=&#8221;default&#8221; global_colors_info=&#8221;{}&#8221; theme_builder_area=&#8221;post_content&#8221;][et_pb_toggle title=&#8221;Informations d&#039;exp\u00e9dition&#8221; module_id=&#8221;desplegable-termes-enviaments&#8221; _builder_version=&#8221;4.27.4&#8243; _module_preset=&#8221;baacd325-0f08-4a9e-bf98-b982f09d27cd&#8221; hover_enabled=&#8221;0&#8243; global_colors_info=&#8221;{}&#8221; theme_builder_area=&#8221;post_content&#8221; sticky_enabled=&#8221;0&#8243;]<\/p>\n<p>L&#8217;exp\u00e9dition est trait\u00e9e le jour ouvrable suivant la r\u00e9ception de la commande.<\/p>\n<ul>\n<li>Espagne (p\u00e9ninsule) : le d\u00e9lai de livraison est de 24 \u00e0 48 heures, jours ouvr\u00e9s compris. Pour les commandes inf\u00e9rieures \u00e0 50 \u20ac, les frais de livraison sont de 3,9 \u20ac. Pour les commandes sup\u00e9rieures \u00e0 50 \u20ac, les frais de livraison sont offerts.  <\/li>\n<li>\u00celes Bal\u00e9ares : le d\u00e9lai de livraison est compris entre 4 et 6 jours ouvr\u00e9s. Pour les commandes inf\u00e9rieures \u00e0 100 \u20ac, les frais de livraison sont de 4,9 \u20ac. Pour les commandes sup\u00e9rieures \u00e0 100 \u20ac, les frais de livraison sont offerts.  <\/li>\n<li>UE : le d\u00e9lai de livraison est compris entre 3 et 7 jours ouvr\u00e9s. Pour les commandes inf\u00e9rieures \u00e0 100 \u20ac, les frais de livraison sont de 12 \u20ac. Pour les commandes sup\u00e9rieures \u00e0 100 \u20ac, les frais de livraison sont offerts.  <\/li>\n<\/ul>\n<p>Pour les envois vers toute autre destination, veuillez nous contacter \u00e0 <a href=\"mailto:sales@plego.art\">sales@plego.art<\/a><\/p>\n<p>[\/et_pb_toggle][et_pb_toggle title=&#8221;\u00c9changes et retours&#8221; module_id=&#8221;desplegable-termes-canvis&#8221; _builder_version=&#8221;4.27.4&#8243; _module_preset=&#8221;baacd325-0f08-4a9e-bf98-b982f09d27cd&#8221; hover_enabled=&#8221;0&#8243; global_colors_info=&#8221;{}&#8221; theme_builder_area=&#8221;post_content&#8221; sticky_enabled=&#8221;0&#8243;]Vous pouvez retourner tout article achet\u00e9 chez Plego dans un d\u00e9lai de 7 jours calendaires \u00e0 compter de la date de r\u00e9ception. Pour \u00eatre accept\u00e9, l&#8217;article doit \u00eatre en parfait \u00e9tat et conserver son \u00e9tiquette et son emballage d&#8217;origine. Vous devez joindre une copie de la facture ou du bon de livraison du produit retourn\u00e9, en pr\u00e9cisant le motif du retour. Avant d&#8217;effectuer un retour, veuillez envoyer un e-mail \u00e0 <a href=\"mailto:sales@plego.art\">sales@plego.art<\/a> en expliquant le motif du retour ou de l&#8217;\u00e9change.   <\/p>\n<p>Les frais de retour seront \u00e0 votre charge, sauf s&#8217;il s&#8217;agit d&#8217;un \u00e9change ou d&#8217;un retour d\u00fb \u00e0 une erreur de notre part. Dans ce cas, Plego prendra en charge les frais de retour. Il est essentiel de bien prot\u00e9ger le colis afin que l&#8217;article retourn\u00e9 ou \u00e9chang\u00e9 ne soit pas endommag\u00e9. D\u00e8s r\u00e9ception du colis et v\u00e9rification de son bon \u00e9tat, nous vous enverrons un e-mail de confirmation et proc\u00e9derons imm\u00e9diatement au remboursement du montant de la commande ou \u00e0 l&#8217;\u00e9change du produit, le cas \u00e9ch\u00e9ant.[\/et_pb_toggle][et_pb_toggle title=&#8221;Quels modes de paiement acceptons-nous?&#8221; title_last_edited=&#8221;off|desktop&#8221; module_id=&#8221;desplegable-termes-pagament&#8221; _builder_version=&#8221;4.27.0&#8243; _module_preset=&#8221;baacd325-0f08-4a9e-bf98-b982f09d27cd&#8221; global_colors_info=&#8221;{}&#8221; title__hover_enabled=&#8221;off|desktop&#8221; theme_builder_area=&#8221;post_content&#8221;]<\/p>\n<p><strong>Carte de cr\u00e9dit ou de d\u00e9bit<\/strong> (Visa, MasterCard, Visa Electron).<br \/>Il s&#8217;agit d&#8217;une m\u00e9thode tr\u00e8s s\u00e9curis\u00e9e, qui prot\u00e8ge vos donn\u00e9es bancaires contre tout acc\u00e8s non autoris\u00e9 lors de la transaction.<\/p>\n<p><strong>Paypal<\/strong><br \/>Effectuez votre paiement en toute s\u00e9curit\u00e9 depuis votre compte PayPal.<\/p>\n<p>[\/et_pb_toggle][\/et_pb_column][et_pb_column type=&#8221;1_4&#8243; _builder_version=&#8221;4.23.2&#8243; _module_preset=&#8221;default&#8221; sticky_position=&#8221;top&#8221; sticky_offset_top=&#8221;15px&#8221; sticky_limit_bottom=&#8221;section&#8221; sticky_position_tablet=&#8221;none&#8221; sticky_position_phone=&#8221;none&#8221; sticky_position_last_edited=&#8221;on|desktop&#8221; global_colors_info=&#8221;{}&#8221; theme_builder_area=&#8221;post_content&#8221;][et_pb_text _builder_version=&#8221;4.23.2&#8243; _module_preset=&#8221;2bf59a57-abaa-4d27-b958-72d8e1942f04&#8243; custom_margin=&#8221;||1rem||false|false&#8221; global_colors_info=&#8221;{}&#8221; theme_builder_area=&#8221;post_content&#8221;]<\/p>\n<h3><strong>Coordonn\u00e9es<\/strong><\/h3>\n<p>Courriel du service client: <a href=\"mailto:info@plego.art\" title=\"info@plego.art\">info@plego.art<\/a><\/p>\n<p>[\/et_pb_text][et_pb_button button_url=&#8221;@ET-DC@eyJkeW5hbWljIjp0cnVlLCJjb250ZW50IjoicG9zdF9saW5rX3VybF9wYWdlIiwic2V0dGluZ3MiOnsicG9zdF9pZCI6IjEzMDczIiwiZW5hYmxlX2h0bWwiOiJvZmYifX0=@&#8221; button_text=&#8221;Contact&#8221; _builder_version=&#8221;4.23.2&#8243; _dynamic_attributes=&#8221;button_url&#8221; _module_preset=&#8221;default&#8221; button_border_width=&#8221;0px&#8221; global_colors_info=&#8221;{%22gcid-3c5f6e93-bb73-4970-84cf-ac9a2ceea141%22:%91%22button_bg_color%22,%22button_border_color%22%93}&#8221; button_bg_color__hover_enabled=&#8221;on|hover&#8221; button_bg_color__hover=&#8221;#FF6666&#8243; button_bg_enable_color__hover=&#8221;on&#8221; theme_builder_area=&#8221;post_content&#8221;][\/et_pb_button][\/et_pb_column][\/et_pb_row][et_pb_row column_structure=&#8221;3_4,1_4&#8243; admin_label=&#8221;Row FAQS&#8221; _builder_version=&#8221;4.23.2&#8243; _module_preset=&#8221;default&#8221; global_colors_info=&#8221;{}&#8221; theme_builder_area=&#8221;post_content&#8221;][et_pb_column type=&#8221;3_4&#8243; _builder_version=&#8221;4.22.2&#8243; _module_preset=&#8221;default&#8221; global_colors_info=&#8221;{}&#8221; theme_builder_area=&#8221;post_content&#8221;][et_pb_text admin_label=&#8221;Text&#8221; _builder_version=&#8221;4.23.2&#8243; _module_preset=&#8221;default&#8221; header_4_font=&#8221;||||||||&#8221; header_4_text_color=&#8221;#52CEBE&#8221; header_4_font_size=&#8221;1.8rem&#8221; custom_margin=&#8221;||0px||false|false&#8221; custom_padding=&#8221;||||false|false&#8221; global_colors_info=&#8221;{}&#8221; theme_builder_area=&#8221;post_content&#8221;]<\/p>\n<h4>FAQ&#8217;s<\/h4>\n<p>[\/et_pb_text][et_pb_toggle title=&#8221;Puis-je payer par virement bancaire?&#8221; _builder_version=&#8221;4.23.2&#8243; _module_preset=&#8221;baacd325-0f08-4a9e-bf98-b982f09d27cd&#8221; global_colors_info=&#8221;{}&#8221; theme_builder_area=&#8221;post_content&#8221;]<\/p>\n<p>Envoyez-nous un message \u00e0 <a href=\"mailto:sales@plego.art\" title=\"sales@plego.art\">sales@plego.art<\/a> et nous vous fournirons le num\u00e9ro de compte pour effectuer l&#8217;acompte, ainsi qu&#8217;un num\u00e9ro de commande \u00e0 inscrire sur le concept, avec votre nom. L&#8217;exp\u00e9dition sera effectu\u00e9e d\u00e8s r\u00e9ception du justificatif de paiement. <\/p>\n<p>[\/et_pb_toggle][et_pb_toggle title=&#8221;Est-il s\u00fbr d&#039;acheter sur Plego.art ?&#8221; _builder_version=&#8221;4.23.2&#8243; _module_preset=&#8221;baacd325-0f08-4a9e-bf98-b982f09d27cd&#8221; global_colors_info=&#8221;{}&#8221; theme_builder_area=&#8221;post_content&#8221;]<\/p>\n<p>Les achats que vous effectuez sur notre site sont enti\u00e8rement s\u00e9curis\u00e9s : vos donn\u00e9es personnelles et bancaires sont prot\u00e9g\u00e9es et ne sont accessibles \u00e0 aucune personne non autoris\u00e9e \u00e0 aucun moment du processus.<\/p>\n<p>[\/et_pb_toggle][et_pb_toggle title=&#8221;Puis-je annuler l&#039;achat une fois le paiement effectu\u00e9 ?&#8221; _builder_version=&#8221;4.23.2&#8243; _module_preset=&#8221;baacd325-0f08-4a9e-bf98-b982f09d27cd&#8221; global_colors_info=&#8221;{}&#8221; theme_builder_area=&#8221;post_content&#8221;]<\/p>\n<p>Oui. Pour annuler une commande, vous devez nous contacter imm\u00e9diatement \u00e0 l&#8217;adresse <a href=\"mailto:sales@plego.art\" title=\"sales@plego.art\">sales@plego.art<\/a>. Si l&#8217;annulation intervient avant l&#8217;exp\u00e9dition de la commande, nous vous rembourserons le prix du produit et les frais de livraison. Si l&#8217;annulation intervient apr\u00e8s l&#8217;exp\u00e9dition de la commande, elle doit \u00eatre trait\u00e9e comme un retour.   <\/p>\n<p>[\/et_pb_toggle][et_pb_toggle title=&#8221;Que se passe-t-il si la commande arrive en mauvais \u00e9tat?&#8221; _builder_version=&#8221;4.23.2&#8243; _module_preset=&#8221;baacd325-0f08-4a9e-bf98-b982f09d27cd&#8221; custom_padding=&#8221;30px|3px|20px|0px|false|false&#8221; global_colors_info=&#8221;{}&#8221; theme_builder_area=&#8221;post_content&#8221;]<\/p>\n<p>Tous les articles sont soigneusement v\u00e9rifi\u00e9s avant exp\u00e9dition. Cependant, si un article arrive en mauvais \u00e9tat, veuillez contacter imm\u00e9diatement <a href=\"mailto:sales@plego.art\" title=\"sales@plego.art\">sales@plego.art<\/a> et nous trouverons une solution. <\/p>\n<p>[\/et_pb_toggle][et_pb_toggle title=&#8221;Puis-je recevoir la commande \u00e0 une adresse diff\u00e9rente de l&#039;adresse de facturation?&#8221; _builder_version=&#8221;4.23.2&#8243; _module_preset=&#8221;baacd325-0f08-4a9e-bf98-b982f09d27cd&#8221; global_colors_info=&#8221;{}&#8221; theme_builder_area=&#8221;post_content&#8221;]<\/p>\n<p>Oui, dans le formulaire que vous devez remplir pour passer la commande, il y a la possibilit\u00e9 d&#8217;inclure une adresse de livraison diff\u00e9rente de l&#8217;adresse de facturation.<\/p>\n<p>[\/et_pb_toggle][\/et_pb_column][et_pb_column type=&#8221;1_4&#8243; _builder_version=&#8221;4.23.2&#8243; _module_preset=&#8221;default&#8221; sticky_position=&#8221;top&#8221; sticky_offset_top=&#8221;15px&#8221; sticky_limit_bottom=&#8221;row&#8221; sticky_position_tablet=&#8221;none&#8221; sticky_position_phone=&#8221;none&#8221; sticky_position_last_edited=&#8221;on|desktop&#8221; global_colors_info=&#8221;{}&#8221; theme_builder_area=&#8221;post_content&#8221;][\/et_pb_column][\/et_pb_row][\/et_pb_section]<\/p>\n","protected":false},"excerpt":{"rendered":"<p>Coordonn\u00e9es, exp\u00e9dition, modifications et retours.<\/p>\n","protected":false},"author":1,"featured_media":22805,"parent":0,"menu_order":53,"comment_status":"closed","ping_status":"closed","template":"","meta":{"_et_pb_use_builder":"on","_et_pb_old_content":"","_et_gb_content_width":"","iawp_total_views":72,"footnotes":""},"class_list":["post-23208","page","type-page","status-publish","has-post-thumbnail","hentry"],"_links":{"self":[{"href":"https:\/\/www.plego.art\/fr\/wp-json\/wp\/v2\/pages\/23208","targetHints":{"allow":["GET"]}}],"collection":[{"href":"https:\/\/www.plego.art\/fr\/wp-json\/wp\/v2\/pages"}],"about":[{"href":"https:\/\/www.plego.art\/fr\/wp-json\/wp\/v2\/types\/page"}],"author":[{"embeddable":true,"href":"https:\/\/www.plego.art\/fr\/wp-json\/wp\/v2\/users\/1"}],"replies":[{"embeddable":true,"href":"https:\/\/www.plego.art\/fr\/wp-json\/wp\/v2\/comments?post=23208"}],"version-history":[{"count":0,"href":"https:\/\/www.plego.art\/fr\/wp-json\/wp\/v2\/pages\/23208\/revisions"}],"wp:featuredmedia":[{"embeddable":true,"href":"https:\/\/www.plego.art\/fr\/wp-json\/wp\/v2\/media\/22805"}],"wp:attachment":[{"href":"https:\/\/www.plego.art\/fr\/wp-json\/wp\/v2\/media?parent=23208"}],"curies":[{"name":"wp","href":"https:\/\/api.w.org\/{rel}","templated":true}]}}