{"id":23155,"date":"2025-06-24T12:28:38","date_gmt":"2025-06-24T10:28:38","guid":{"rendered":"https:\/\/www.plego.art\/mon-compte\/"},"modified":"2026-01-13T19:06:33","modified_gmt":"2026-01-13T18:06:33","slug":"mon-compte","status":"publish","type":"page","link":"https:\/\/www.plego.art\/fr\/mon-compte\/","title":{"rendered":"Mon compte"},"content":{"rendered":"<p>[et_pb_section fb_built=&#8221;1&#8243; admin_label=&#8221;section&#8221; _builder_version=&#8221;4.27.0&#8243; background_color=&#8221;gcid-ec6c522d-f824-435a-85ff-e5eb53d63a50&#8243; display_conditions=&#8221;W3siaWQiOiJlNDdiNjYxZC1mOTA0LTQ2YzYtOWE1NS00N2Q1NGI3ZTFkNTUiLCJjb25kaXRpb24iOiJsb2dnZWRJblN0YXR1cyIsImNvbmRpdGlvblNldHRpbmdzIjp7ImRpc3BsYXlSdWxlIjoibG9nZ2VkT3V0IiwiYWRtaW5MYWJlbCI6IkxvZ2dlZCBJbiBTdGF0dXMiLCJlbmFibGVDb25kaXRpb24iOiJvbiJ9LCJvcGVyYXRvciI6Ik9SIn1d&#8221; global_colors_info=&#8221;{%22gcid-ec6c522d-f824-435a-85ff-e5eb53d63a50%22:%91%22background_color%22%93}&#8221; theme_builder_area=&#8221;post_content&#8221;][et_pb_row column_structure=&#8221;1_2,1_2&#8243; _builder_version=&#8221;4.27.0&#8243; _module_preset=&#8221;default&#8221; background_color=&#8221;#FFFFFF&#8221; custom_padding=&#8221;2rem|3rem|2rem|3rem|true|true&#8221; global_colors_info=&#8221;{}&#8221; theme_builder_area=&#8221;post_content&#8221;][et_pb_column type=&#8221;1_2&#8243; _builder_version=&#8221;4.27.0&#8243; _module_preset=&#8221;default&#8221; global_colors_info=&#8221;{}&#8221; theme_builder_area=&#8221;post_content&#8221;][et_pb_text _builder_version=&#8221;4.27.0&#8243; _module_preset=&#8221;default&#8221; custom_margin=&#8221;||10px||false|false&#8221; global_colors_info=&#8221;{}&#8221; theme_builder_area=&#8221;post_content&#8221;]<\/p>\n<h5>Avez-vous d\u00e9j\u00e0 un compte chez Plego?<\/h5>\n<p>[\/et_pb_text][et_pb_text _builder_version=&#8221;4.27.0&#8243; _module_preset=&#8221;default&#8221; global_colors_info=&#8221;{}&#8221; theme_builder_area=&#8221;post_content&#8221;]<\/p>\n<p>Si vous \u00eates d\u00e9j\u00e0 un utilisateur Plego, entrez vos coordonn\u00e9es pour acc\u00e9der \u00e0 votre panneau de contr\u00f4le, o\u00f9 vous pourrez consulter vos donn\u00e9es, l&#8217;historique de vos commandes et bien plus encore.<\/p>\n<p>[\/et_pb_text][\/et_pb_column][et_pb_column type=&#8221;1_2&#8243; _builder_version=&#8221;4.27.0&#8243; _module_preset=&#8221;default&#8221; global_colors_info=&#8221;{}&#8221; theme_builder_area=&#8221;post_content&#8221;][et_pb_text _builder_version=&#8221;4.27.4&#8243; _module_preset=&#8221;default&#8221; hover_enabled=&#8221;0&#8243; global_colors_info=&#8221;{}&#8221; theme_builder_area=&#8221;post_content&#8221; sticky_enabled=&#8221;0&#8243;]<\/p>\n\n<div class=\"um um-login um-24571\">\n\t<div class=\"um-form\">\n\t\t<form method=\"post\" action=\"\" autocomplete=\"off\">\n\t\t\t<div class=\"um-row _um_row_1 \" style=\"padding: 0px 0px 0px 0px;margin: 0px 0px 10px 0px;border-width: 0px 0px 0px 0px;border-style: solid;border-radius: 0px;\"><div class=\"um-col-121\"><div  id=\"um_field_24571_username\" class=\"um-field um-field-text  um-field-username um-field-text um-field-type_text\" data-key=\"username\"><div class=\"um-field-label\"><label for=\"username-24571\">Nom d&#039;utilisateur \/ E-mail<span class=\"um-req\" title=\"Obligatoire\">*<\/span><\/label><span class=\"um-tip um-tip-w\" title=\"Nom d&#039;utilisateur ou adresse e-mail utilis\u00e9s pour enregistrer le compte\"><i class=\"um-icon-help-circled\"><\/i><\/span><div class=\"um-clear\"><\/div><\/div><div class=\"um-field-area\"><div class=\"um-field-icon\"><i class=\"far fa-circle-user\"><\/i><\/div><input  autocomplete=\"off\" class=\"um-form-field valid um-iconed \" type=\"text\" name=\"username-24571\" id=\"username-24571\" value=\"\" placeholder=\"\" data-validate=\"\" data-key=\"username\"  aria-invalid=\"false\" \/>\n\n\t\t\t\t\t\t<\/div><\/div><\/div><div class=\"um-col-122\"><div  id=\"um_field_24571_user_password\" class=\"um-field um-field-password  um-field-user_password um-field-password um-field-type_password\" data-key=\"user_password\"><div class=\"um-field-label\"><label for=\"user_password-24571\">Mot de passe<span class=\"um-req\" title=\"Obligatoire\">*<\/span><\/label><div class=\"um-clear\"><\/div><\/div><div class=\"um-field-area\"><div class=\"um-field-icon\"><i class=\"fas fa-key\"><\/i><\/div><div class=\"um-field-area-password\">\n\t\t\t\t\t\t\t\t\t<input class=\"um-form-field valid um-iconed \" type=\"password\" name=\"user_password-24571\" id=\"user_password-24571\" value=\"\" placeholder=\"\" data-validate=\"\" data-key=\"user_password\"  aria-invalid=\"false\" \/>\n\t\t\t\t\t\t\t\t\t<span class=\"um-toggle-password\"><i class=\"um-icon-eye\"><\/i><\/span>\n\t\t\t\t\t\t\t\t<\/div>\n\t\t\t\t\t\t\t<\/div><\/div><\/div><div class=\"um-clear\"><\/div><\/div>\t<input type=\"hidden\" name=\"form_id\" id=\"form_id_24571\" value=\"24571\" \/>\n\t\t<p class=\"um_request_name\">\n\t\t<label for=\"um_request_24571\">Only fill in if you are not human<\/label>\n\t\t<input type=\"hidden\" name=\"um_request\" id=\"um_request_24571\" class=\"input\" value=\"\" size=\"25\" autocomplete=\"off\" \/>\n\t<\/p>\n\t<input type=\"hidden\" name=\"redirect_to\" id=\"redirect_to\" value=\"https:\/\/www.plego.art\/fr\/wp-json\/wp\/v2\/pages\/23155\" \/><input type=\"hidden\" id=\"_wpnonce\" name=\"_wpnonce\" value=\"c2e5b84435\" \/><input type=\"hidden\" name=\"_wp_http_referer\" value=\"\/fr\/wp-json\/wp\/v2\/pages\/23155\" \/>\n\t<div class=\"um-col-alt\">\n\n\t\t\n\n\t\t\t<div class=\"um-field um-field-c\">\n\t\t\t\t<div class=\"um-field-area\">\n\t\t\t\t\t<label class=\"um-field-checkbox\">\n\t\t\t\t\t\t<input type=\"checkbox\" name=\"rememberme\" value=\"1\"  \/>\n\t\t\t\t\t\t<span class=\"um-field-checkbox-state\"><i class=\"um-icon-android-checkbox-outline-blank\"><\/i><\/span>\n\t\t\t\t\t\t<span class=\"um-field-checkbox-option\"> Se souvenir de moi<\/span>\n\t\t\t\t\t<\/label>\n\t\t\t\t<\/div>\n\t\t\t<\/div>\n\n\t\t\t\t\t\t<div class=\"um-clear\"><\/div>\n\t\t\n\t\t\t<div class=\"um-center\">\n\t\t\t\t<input type=\"submit\" value=\"Identifiez-vous\" class=\"um-button\" id=\"um-submit-btn\" \/>\n\t\t\t<\/div>\n\n\t\t\n\t\t<div class=\"um-clear\"><\/div>\n\n\t<\/div>\n\n\t\n\t<div class=\"um-col-alt-b\">\n\t\t<a href=\"https:\/\/www.plego.art\/fr\/password-reset-2\/\" class=\"um-link-alt\">\n\t\t\tMot de passe oubli\u00e9\u00a0?\t\t<\/a>\n\t<\/div>\n\n\t\t\t<\/form>\n\t<\/div>\n<\/div>\n<style>\n\t\t\t.um-24571.um {\n\t\t\tmax-width: 600px;\n\t\t}\n\t\t<\/style>\n\n<p>[\/et_pb_text][\/et_pb_column][\/et_pb_row][et_pb_row column_structure=&#8221;1_2,1_2&#8243; _builder_version=&#8221;4.27.0&#8243; _module_preset=&#8221;default&#8221; global_colors_info=&#8221;{}&#8221; theme_builder_area=&#8221;post_content&#8221;][et_pb_column type=&#8221;1_2&#8243; _builder_version=&#8221;4.27.0&#8243; _module_preset=&#8221;default&#8221; global_colors_info=&#8221;{}&#8221; theme_builder_area=&#8221;post_content&#8221;][et_pb_button button_url=&#8221;@ET-DC@eyJkeW5hbWljIjp0cnVlLCJjb250ZW50IjoicG9zdF9saW5rX3VybF9wYWdlIiwic2V0dGluZ3MiOnsicG9zdF9pZCI6IjIwNTIwIiwiZW5hYmxlX2h0bWwiOiJvZmYifX0=@&#8221; button_text=&#8221;S&apos;inscrire en tant que nouvel utilisateur&#8221; button_alignment=&#8221;center&#8221; _builder_version=&#8221;4.27.0&#8243; _dynamic_attributes=&#8221;button_url&#8221; _module_preset=&#8221;_initial&#8221; button_bg_color=&#8221;#F5825E&#8221; button_border_width=&#8221;0px&#8221; button_icon=&#8221;&#xf007;||fa||400&#8243; button_icon_placement=&#8221;left&#8221; button_on_hover=&#8221;off&#8221; custom_padding=&#8221;15px|5px|15px|5px|true|true&#8221; custom_css_free_form=&#8221;selector { width:100%; }&#8221; global_colors_info=&#8221;{%22gcid-3c5f6e93-bb73-4970-84cf-ac9a2ceea141%22:%91%22button_bg_color%22,%22button_border_color%22,%22button_border_color%22,%22button_border_color%22,%22button_border_color%22,%22button_border_color%22,%22button_border_color%22,%22button_border_color%22,%22button_border_color%22,%22button_border_color%22%93}&#8221; button_bg_color__hover=&#8221;#FF6666&#8243; button_bg_enable_color__hover=&#8221;on&#8221; theme_builder_area=&#8221;post_content&#8221;][\/et_pb_button][\/et_pb_column][et_pb_column type=&#8221;1_2&#8243; _builder_version=&#8221;4.27.0&#8243; _module_preset=&#8221;default&#8221; global_colors_info=&#8221;{}&#8221; theme_builder_area=&#8221;post_content&#8221;][et_pb_button button_url=&#8221;@ET-DC@eyJkeW5hbWljIjp0cnVlLCJjb250ZW50IjoicG9zdF9saW5rX3VybF9wYWdlIiwic2V0dGluZ3MiOnsicG9zdF9pZCI6IjE5ODgyIiwiZW5hYmxlX2h0bWwiOiJvZmYifX0=@&#8221; button_text=&#8221;Inscrivez-vous en tant qu&apos;entreprise B2B&#8221; button_alignment=&#8221;center&#8221; _builder_version=&#8221;4.27.0&#8243; _dynamic_attributes=&#8221;button_url&#8221; _module_preset=&#8221;_initial&#8221; button_bg_color=&#8221;#4DDCA8&#8243; button_border_width=&#8221;0px&#8221; button_icon=&#8221;&#xe021;||divi||400&#8243; button_icon_placement=&#8221;left&#8221; button_on_hover=&#8221;off&#8221; custom_padding=&#8221;15px|5px|15px|5px|true|true&#8221; custom_css_free_form=&#8221;selector { width:100%; }&#8221; global_colors_info=&#8221;{%22gcid-3c5f6e93-bb73-4970-84cf-ac9a2ceea141%22:%91%22button_bg_color%22,%22button_border_color%22,%22button_bg_color%22,%22button_border_color%22,%22button_border_color%22,%22button_border_color%22,%22button_border_color%22,%22button_border_color%22,%22button_border_color%22,%22button_border_color%22,%22button_border_color%22,%22button_border_color%22,%22button_border_color%22,%22button_border_color%22%93}&#8221; button_bg_color__hover=&#8221;#52CEBE&#8221; button_bg_enable_color__hover=&#8221;on&#8221; theme_builder_area=&#8221;post_content&#8221;][\/et_pb_button][\/et_pb_column][\/et_pb_row][\/et_pb_section][et_pb_section fb_built=&#8221;1&#8243; admin_label=&#8221;section&#8221; _builder_version=&#8221;4.27.0&#8243; background_color=&#8221;gcid-ec6c522d-f824-435a-85ff-e5eb53d63a50&#8243; display_conditions=&#8221;W3siaWQiOiJkZWYwMWEyZC01YmEzLTRjNTEtYWZlNi1lNzdhMzgzYWE4YmQiLCJjb25kaXRpb24iOiJsb2dnZWRJblN0YXR1cyIsImNvbmRpdGlvblNldHRpbmdzIjp7ImRpc3BsYXlSdWxlIjoibG9nZ2VkSW4iLCJhZG1pbkxhYmVsIjoiTG9nZ2VkIEluIFN0YXR1cyIsImVuYWJsZUNvbmRpdGlvbiI6Im9uIn0sIm9wZXJhdG9yIjoiT1IifV0=&#8221; global_colors_info=&#8221;{%22gcid-ec6c522d-f824-435a-85ff-e5eb53d63a50%22:%91%22background_color%22%93}&#8221; theme_builder_area=&#8221;post_content&#8221;][et_pb_row admin_label=&#8221;row&#8221; _builder_version=&#8221;4.27.0&#8243; background_size=&#8221;initial&#8221; background_position=&#8221;top_left&#8221; background_repeat=&#8221;repeat&#8221; display_conditions=&#8221;W10=&#8221; global_colors_info=&#8221;{}&#8221; theme_builder_area=&#8221;post_content&#8221;][et_pb_column type=&#8221;4_4&#8243; _builder_version=&#8221;4.16&#8243; custom_padding=&#8221;|||&#8221; global_colors_info=&#8221;{}&#8221; custom_padding__hover=&#8221;|||&#8221; theme_builder_area=&#8221;post_content&#8221;][et_pb_text admin_label=&#8221;Text&#8221; _builder_version=&#8221;4.27.4&#8243; _module_preset=&#8221;_initial&#8221; text_font_size=&#8221;1.1rem&#8221; background_size=&#8221;initial&#8221; background_position=&#8221;top_left&#8221; background_repeat=&#8221;repeat&#8221; global_colors_info=&#8221;{}&#8221; theme_builder_area=&#8221;post_content&#8221;]<\/p>\n<div class=\"woocommerce\"><\/div>\n<p>[\/et_pb_text][\/et_pb_column][\/et_pb_row][\/et_pb_section][et_pb_section fb_built=&#8221;1&#8243; admin_label=&#8221;Sliders Novetats Destacats segons usuari&#8221; _builder_version=&#8221;4.27.4&#8243; _module_preset=&#8221;default&#8221; background_color=&#8221;RGBA(255,255,255,0)&#8221; max_width=&#8221;1400px&#8221; module_alignment=&#8221;center&#8221; custom_padding=&#8221;1rem||||false|false&#8221; saved_tabs=&#8221;all&#8221; global_colors_info=&#8221;{}&#8221; theme_builder_area=&#8221;post_content&#8221;][et_pb_row admin_label=&#8221;Slider Destacats&#8221; _builder_version=&#8221;4.27.4&#8243; _module_preset=&#8221;default&#8221; display_conditions=&#8221;W10=&#8221; global_colors_info=&#8221;{}&#8221; theme_builder_area=&#8221;post_content&#8221;][et_pb_column type=&#8221;4_4&#8243; _builder_version=&#8221;4.23.2&#8243; _module_preset=&#8221;default&#8221; global_colors_info=&#8221;{}&#8221; theme_builder_area=&#8221;post_content&#8221;][et_pb_text _builder_version=&#8221;4.27.4&#8243; _module_preset=&#8221;default&#8221; custom_margin=&#8221;||5px||false|false&#8221; global_colors_info=&#8221;{}&#8221; theme_builder_area=&#8221;post_content&#8221;]<\/p>\n<h4>En vedette<\/h4>\n<p>[\/et_pb_text][et_pb_slider admin_label=&#8221;Slider No Usuari&#8221; _builder_version=&#8221;4.27.4&#8243; _module_preset=&#8221;default&#8221; min_height_last_edited=&#8221;off|desktop&#8221; custom_padding=&#8221;20vh||20vh||true|false&#8221; custom_padding_tablet=&#8221;10vh||10vh||true|false&#8221; custom_padding_phone=&#8221;5vh||5vh||true|false&#8221; custom_padding_last_edited=&#8221;on|desktop&#8221; global_colors_info=&#8221;{%22gcid-3c5f6e93-bb73-4970-84cf-ac9a2ceea141%22:%91%22arrows_custom_color__hover%22,%22button_bg_color__hover%22%93}&#8221; theme_builder_area=&#8221;post_content&#8221;][et_pb_slide heading=&#8221;Nouveau produit&#8221; button_text=&#8221;Voir&#8221; button_link=&#8221;@ET-DC@eyJkeW5hbWljIjp0cnVlLCJjb250ZW50IjoicG9zdF9saW5rX3VybF9wcm9kdWN0Iiwic2V0dGluZ3MiOnsicG9zdF9pZCI6IjIzNzY5IiwiZW5hYmxlX2h0bWwiOiJvZmYifX0=@&#8221; _builder_version=&#8221;4.27.4&#8243; _dynamic_attributes=&#8221;button_link&#8221; _module_preset=&#8221;default&#8221; background_color=&#8221;#d38f50&#8243; background_enable_color=&#8221;on&#8221; background_image=&#8221;https:\/\/www.plego.art\/wp-content\/uploads\/2025\/10\/cadentia_slideralt_home_v1.jpg&#8221; background_enable_image=&#8221;on&#8221; global_colors_info=&#8221;{}&#8221; sticky_transition=&#8221;on&#8221; theme_builder_area=&#8221;post_content&#8221;]<\/p>\n<p>&nbsp;<\/p>\n<p>&nbsp;<\/p>\n<p>[\/et_pb_slide][et_pb_slide heading=&#8221;Nouveau produit&#8221; button_text=&#8221;Voir&#8221; button_link=&#8221;@ET-DC@eyJkeW5hbWljIjp0cnVlLCJjb250ZW50IjoicG9zdF9saW5rX3VybF9wcm9kdWN0Iiwic2V0dGluZ3MiOnsicG9zdF9pZCI6IjIzNjIzIiwiZW5hYmxlX2h0bWwiOiJvZmYifX0=@&#8221; _builder_version=&#8221;4.27.4&#8243; _dynamic_attributes=&#8221;button_link&#8221; _module_preset=&#8221;default&#8221; background_color=&#8221;#d38f50&#8243; background_enable_color=&#8221;on&#8221; background_image=&#8221;https:\/\/www.plego.art\/wp-content\/uploads\/2025\/10\/nebula_taulell.jpg&#8221; background_enable_image=&#8221;on&#8221; global_colors_info=&#8221;{}&#8221; sticky_transition=&#8221;on&#8221; theme_builder_area=&#8221;post_content&#8221;]<\/p>\n<p>&nbsp;<\/p>\n<p>&nbsp;<\/p>\n<p>[\/et_pb_slide][et_pb_slide heading=&#8221;Nouveau produit&#8221; button_text=&#8221;Voir&#8221; button_link=&#8221;@ET-DC@eyJkeW5hbWljIjp0cnVlLCJjb250ZW50IjoicG9zdF9saW5rX3VybF9wcm9kdWN0Iiwic2V0dGluZ3MiOnsicG9zdF9pZCI6IjIwMjUzIiwiZW5hYmxlX2h0bWwiOiJvZmYifX0=@&#8221; _builder_version=&#8221;4.27.0&#8243; _dynamic_attributes=&#8221;button_link&#8221; _module_preset=&#8221;default&#8221; background_color=&#8221;#d38f50&#8243; background_enable_color=&#8221;on&#8221; background_image=&#8221;https:\/\/www.plego.art\/wp-content\/uploads\/2024\/08\/colibri_taulell.jpg&#8221; background_enable_image=&#8221;on&#8221; global_colors_info=&#8221;{}&#8221; sticky_transition=&#8221;on&#8221; theme_builder_area=&#8221;post_content&#8221;]<\/p>\n<p>&nbsp;<\/p>\n<p>&nbsp;<\/p>\n<p>[\/et_pb_slide][et_pb_slide heading=&#8221;Nouveau produit&#8221; button_text=&#8221;Voir&#8221; button_link=&#8221;@ET-DC@eyJkeW5hbWljIjp0cnVlLCJjb250ZW50IjoicG9zdF9saW5rX3VybF9wcm9kdWN0Iiwic2V0dGluZ3MiOnsicG9zdF9pZCI6IjIwMjIzIiwiZW5hYmxlX2h0bWwiOiJvZmYifX0=@&#8221; _builder_version=&#8221;4.27.0&#8243; _dynamic_attributes=&#8221;button_link&#8221; _module_preset=&#8221;default&#8221; background_color=&#8221;#d38f50&#8243; background_enable_color=&#8221;on&#8221; background_image=&#8221;https:\/\/www.plego.art\/wp-content\/uploads\/2024\/08\/oreneta_taulell.jpg&#8221; background_enable_image=&#8221;on&#8221; global_colors_info=&#8221;{}&#8221; sticky_transition=&#8221;on&#8221; theme_builder_area=&#8221;post_content&#8221;]<\/p>\n<p>&nbsp;<\/p>\n<p>&nbsp;<\/p>\n<p>[\/et_pb_slide][\/et_pb_slider][\/et_pb_column][\/et_pb_row][\/et_pb_section]<\/p>\n","protected":false},"excerpt":{"rendered":"<p>Panneau de compte utilisateur de la boutique en ligne Plego.art<\/p>\n","protected":false},"author":1,"featured_media":22805,"parent":0,"menu_order":42,"comment_status":"closed","ping_status":"closed","template":"","meta":{"_et_pb_use_builder":"on","_et_pb_old_content":"","_et_gb_content_width":"","iawp_total_views":281,"footnotes":""},"class_list":["post-23155","page","type-page","status-publish","has-post-thumbnail","hentry"],"_links":{"self":[{"href":"https:\/\/www.plego.art\/fr\/wp-json\/wp\/v2\/pages\/23155","targetHints":{"allow":["GET"]}}],"collection":[{"href":"https:\/\/www.plego.art\/fr\/wp-json\/wp\/v2\/pages"}],"about":[{"href":"https:\/\/www.plego.art\/fr\/wp-json\/wp\/v2\/types\/page"}],"author":[{"embeddable":true,"href":"https:\/\/www.plego.art\/fr\/wp-json\/wp\/v2\/users\/1"}],"replies":[{"embeddable":true,"href":"https:\/\/www.plego.art\/fr\/wp-json\/wp\/v2\/comments?post=23155"}],"version-history":[{"count":0,"href":"https:\/\/www.plego.art\/fr\/wp-json\/wp\/v2\/pages\/23155\/revisions"}],"wp:featuredmedia":[{"embeddable":true,"href":"https:\/\/www.plego.art\/fr\/wp-json\/wp\/v2\/media\/22805"}],"wp:attachment":[{"href":"https:\/\/www.plego.art\/fr\/wp-json\/wp\/v2\/media?parent=23155"}],"curies":[{"name":"wp","href":"https:\/\/api.w.org\/{rel}","templated":true}]}}