{"id":23119,"date":"2025-06-24T11:39:37","date_gmt":"2025-06-24T09:39:37","guid":{"rendered":"https:\/\/www.plego.art\/enregistrement-client\/"},"modified":"2026-01-13T19:23:10","modified_gmt":"2026-01-13T18:23:10","slug":"enregistrement-client","status":"publish","type":"page","link":"https:\/\/www.plego.art\/fr\/enregistrement-client\/","title":{"rendered":"Enregistrement client"},"content":{"rendered":"<p>[et_pb_section fb_built=&#8221;1&#8243; admin_label=&#8221;section&#8221; _builder_version=&#8221;4.27.0&#8243; background_color=&#8221;gcid-ec6c522d-f824-435a-85ff-e5eb53d63a50&#8243; display_conditions=&#8221;W3siaWQiOiJlNDdiNjYxZC1mOTA0LTQ2YzYtOWE1NS00N2Q1NGI3ZTFkNTUiLCJjb25kaXRpb24iOiJsb2dnZWRJblN0YXR1cyIsImNvbmRpdGlvblNldHRpbmdzIjp7ImRpc3BsYXlSdWxlIjoibG9nZ2VkT3V0IiwiYWRtaW5MYWJlbCI6IlNpIFVzdWFyaSBubyBlc3RcdTAwZTAgcmVnaXN0cmF0IiwiZW5hYmxlQ29uZGl0aW9uIjoib24ifSwib3BlcmF0b3IiOiJPUiJ9XQ==&#8221; global_colors_info=&#8221;{%22gcid-ec6c522d-f824-435a-85ff-e5eb53d63a50%22:%91%22background_color%22%93}&#8221;][et_pb_row column_structure=&#8221;1_2,1_2&#8243; _builder_version=&#8221;4.27.0&#8243; _module_preset=&#8221;default&#8221; max_width=&#8221;1200px&#8221; custom_padding=&#8221;||18px|||&#8221; global_colors_info=&#8221;{}&#8221;][et_pb_column type=&#8221;1_2&#8243; _builder_version=&#8221;4.27.0&#8243; _module_preset=&#8221;default&#8221; global_colors_info=&#8221;{}&#8221;][et_pb_text _builder_version=&#8221;4.27.0&#8243; _module_preset=&#8221;default&#8221; global_colors_info=&#8221;{}&#8221;]<\/p>\n<h4>S&#8217;inscrire en tant qu&#8217;utilisateur<\/h4>\n<p>[\/et_pb_text][\/et_pb_column][et_pb_column type=&#8221;1_2&#8243; _builder_version=&#8221;4.27.0&#8243; _module_preset=&#8221;default&#8221; global_colors_info=&#8221;{}&#8221;][et_pb_button button_url=&#8221;@ET-DC@eyJkeW5hbWljIjp0cnVlLCJjb250ZW50IjoicG9zdF9saW5rX3VybF9wYWdlIiwic2V0dGluZ3MiOnsicG9zdF9pZCI6IjE5ODgyIiwiZW5hYmxlX2h0bWwiOiJvZmYifX0=@&#8221; button_text=&#8221;Inscrivez-vous en tant que professionnel&#8221; button_alignment=&#8221;center&#8221; _builder_version=&#8221;4.27.0&#8243; _dynamic_attributes=&#8221;button_url&#8221; _module_preset=&#8221;_initial&#8221; button_bg_color=&#8221;#4DDCA8&#8243; button_border_width=&#8221;0px&#8221; custom_css_free_form=&#8221;selector { width:100%; }&#8221; global_colors_info=&#8221;{%22gcid-3c5f6e93-bb73-4970-84cf-ac9a2ceea141%22:%91%22button_bg_color%22,%22button_border_color%22,%22button_bg_color%22,%22button_border_color%22,%22button_border_color%22,%22button_border_color%22,%22button_border_color%22,%22button_border_color%22,%22button_border_color%22,%22button_border_color%22,%22button_border_color%22,%22button_border_color%22,%22button_border_color%22,%22button_border_color%22%93}&#8221; button_bg_color__hover=&#8221;#52CEBE&#8221; button_bg_enable_color__hover=&#8221;on&#8221;][\/et_pb_button][\/et_pb_column][\/et_pb_row][et_pb_row _builder_version=&#8221;4.27.0&#8243; _module_preset=&#8221;default&#8221; background_color=&#8221;#FFFFFF&#8221; max_width=&#8221;1200px&#8221; display_conditions=&#8221;W3siaWQiOiI5ZmViMTg4NS00NTdmLTQ4NzctYThhOS04ZmFlOWMwM2E0NTciLCJjb25kaXRpb24iOiJsb2dnZWRJblN0YXR1cyIsImNvbmRpdGlvblNldHRpbmdzIjp7ImRpc3BsYXlSdWxlIjoibG9nZ2VkT3V0IiwiYWRtaW5MYWJlbCI6IkxvZ2dlZCBJbiBTdGF0dXMiLCJlbmFibGVDb25kaXRpb24iOiJvbiJ9LCJvcGVyYXRvciI6Ik9SIn1d&#8221; custom_padding=&#8221;0rem|3rem|2rem|3rem|false|true&#8221; border_radii=&#8221;on|3px|3px|3px|3px&#8221; global_colors_info=&#8221;{}&#8221;][et_pb_column type=&#8221;4_4&#8243; _builder_version=&#8221;4.27.0&#8243; _module_preset=&#8221;default&#8221; global_colors_info=&#8221;{}&#8221;][et_pb_text _builder_version=&#8221;4.27.0&#8243; _module_preset=&#8221;default&#8221; custom_margin=&#8221;0px||0px||true|false&#8221; custom_padding=&#8221;0px||0px||true|false&#8221; global_colors_info=&#8221;{}&#8221;]<\/p>\n\n<div class=\"um um-register um-24586\">\n\t<div class=\"um-form\" data-mode=\"register\">\n\t\t<form method=\"post\" action=\"\">\n\t\t\t<div class=\"um-row _um_row_1 \" style=\"padding: 0px 0px 0px 0px;margin: 0px 0px 10px 0px;border-width: 0px 0px 0px 0px;border-style: solid;border-radius: 0px;\"><div class=\"um-col-131\"><div  id=\"um_field_24586_first_name\" class=\"um-field um-field-text  um-field-first_name um-field-text um-field-type_text\" data-key=\"first_name\"><div class=\"um-field-label\"><label for=\"first_name-24586\">Pr\u00e9nom<span class=\"um-req\" title=\"Obligatoire\">*<\/span><\/label><div class=\"um-clear\"><\/div><\/div><div class=\"um-field-area\"><div class=\"um-field-icon\"><i class=\"far fa-circle-user\"><\/i><\/div><input  autocomplete=\"off\" class=\"um-form-field valid um-iconed \" type=\"text\" name=\"first_name-24586\" id=\"first_name-24586\" value=\"\" placeholder=\"\" data-validate=\"\" data-key=\"first_name\"  aria-invalid=\"false\" \/>\n\n\t\t\t\t\t\t<\/div><\/div><\/div><div class=\"um-col-132\"><div  id=\"um_field_24586_last_name\" class=\"um-field um-field-text  um-field-last_name um-field-text um-field-type_text\" data-key=\"last_name\"><div class=\"um-field-label\"><label for=\"last_name-24586\">Nom de famille<span class=\"um-req\" title=\"Obligatoire\">*<\/span><\/label><div class=\"um-clear\"><\/div><\/div><div class=\"um-field-area\"><div class=\"um-field-icon\"><i class=\"far fa-circle-user\"><\/i><\/div><input  autocomplete=\"off\" class=\"um-form-field valid um-iconed \" type=\"text\" name=\"last_name-24586\" id=\"last_name-24586\" value=\"\" placeholder=\"\" data-validate=\"\" data-key=\"last_name\"  aria-invalid=\"false\" \/>\n\n\t\t\t\t\t\t<\/div><\/div><\/div><div class=\"um-col-133\"><div  id=\"um_field_24586_user_email\" class=\"um-field um-field-text  um-field-user_email um-field-text um-field-type_text\" data-key=\"user_email\"><div class=\"um-field-label\"><label for=\"user_email-24586\">E-mail<span class=\"um-req\" title=\"Obligatoire\">*<\/span><\/label><div class=\"um-clear\"><\/div><\/div><div class=\"um-field-area\"><div class=\"um-field-icon\"><i class=\"far fa-envelope\"><\/i><\/div><input  autocomplete=\"off\" class=\"um-form-field valid um-iconed \" type=\"text\" name=\"user_email-24586\" id=\"user_email-24586\" value=\"\" placeholder=\"\" data-validate=\"unique_email\" data-key=\"user_email\"  aria-invalid=\"false\" \/>\n\n\t\t\t\t\t\t<\/div><\/div><\/div><div class=\"um-clear\"><\/div><\/div><div class=\"um-row _um_row_2 formulari-registre-fila-contrasenya\" style=\"padding: 0px 0px 0px 0px;margin: 0px 0px 10px 0px;border-width: 0px 0px 0px 0px;border-style: solid;border-radius: 0px;\"><div class=\"um-col-1\"><div  id=\"um_field_24586_user_password\" class=\"um-field um-field-password  um-field-user_password um-field-password um-field-type_password\" data-key=\"user_password\"><div class=\"um-field-label\"><label for=\"user_password-24586\">Mot de passe<span class=\"um-req\" title=\"Obligatoire\">*<\/span><\/label><div class=\"um-clear\"><\/div><\/div><div class=\"um-field-area\"><div class=\"um-field-icon\"><i class=\"fas fa-key\"><\/i><\/div><div class=\"um-field-area-password\">\n\t\t\t\t\t\t\t\t\t<input class=\"um-form-field valid um-iconed \" type=\"password\" name=\"user_password-24586\" id=\"user_password-24586\" value=\"\" placeholder=\"\" data-validate=\"\" data-key=\"user_password\"  aria-invalid=\"false\" \/>\n\t\t\t\t\t\t\t\t\t<span class=\"um-toggle-password\"><i class=\"um-icon-eye\"><\/i><\/span>\n\t\t\t\t\t\t\t\t<\/div>\n\t\t\t\t\t\t\t<\/div><\/div><div  id=\"um_field_24586_confirm_user_password\" class=\"um-field um-field-password  um-field-user_password um-field-password um-field-type_password\" data-key=\"confirm_user_password\"><div class=\"um-field-label\"><label for=\"confirm_user_password-24586\">Confirm password<span class=\"um-req\" title=\"Obligatoire\">*<\/span><\/label><div class=\"um-clear\"><\/div><\/div><div class=\"um-field-area\"><div class=\"um-field-icon\"><i class=\"fas fa-key\"><\/i><\/div><div class=\"um-field-area-password\"><input class=\"um-form-field valid um-iconed \" type=\"password\" name=\"confirm_user_password-24586\" id=\"confirm_user_password-24586\" value=\"\" placeholder=\"Confirm password\" data-validate=\"\" data-key=\"confirm_user_password\"  aria-invalid=\"false\" \/><span class=\"um-toggle-password\"><i class=\"um-icon-eye\"><\/i><\/span><\/div><\/div><\/div><\/div><\/div>\n<!-- This file should primarily consist of HTML with a little bit of PHP. -->\n<div class=\"um-field um-field-type_terms_conditions\" data-key=\"use_terms_conditions_agreement\" style=\"display:block;padding:0;\">\n\t<div class=\"um-field-area\">\n\t\t<div class=\"um-gdpr-content\" style=\"display:none;\">\n\t\t\t\t\t<\/div>\n\t\t<a href=\"javascript:void(0);\" class=\"um-toggle-gdpr\" data-toggle-state=\"hidden\"\n\t\t\tdata-toggle-show=\"Afficher la politique de confidentialit\u00e9\"\n\t\t\tdata-toggle-hide=\"Masquer la politique de confidentialit\u00e9\">\n\t\t\tAfficher la politique de confidentialit\u00e9\t\t<\/a>\n\t<\/div>\n\t<div class=\"um-field-area\">\n\t\t<label class=\"um-field-checkbox\">\n\t\t\t<input type=\"checkbox\" name=\"use_gdpr_agreement\" value=\"1\">\n\t\t\t<span class=\"um-field-checkbox-state\"><i class=\"um-icon-android-checkbox-outline-blank\"><\/i><\/span>\n\t\t\t<span class=\"um-field-checkbox-option\">Veuillez confirmer que vous acceptez notre politique de confidentialit\u00e9<\/span>\n\t\t<\/label>\n\t\t<div class=\"um-clear\"><\/div>\n\t\t\t\t<div class=\"um-clear\"><\/div>\n\t<\/div>\n<\/div>\n\t<input type=\"hidden\" name=\"form_id\" id=\"form_id_24586\" value=\"24586\" \/>\n\t\t<p class=\"um_request_name\">\n\t\t<label for=\"um_request_24586\">Only fill in if you are not human<\/label>\n\t\t<input type=\"hidden\" name=\"um_request\" id=\"um_request_24586\" class=\"input\" value=\"\" size=\"25\" autocomplete=\"off\" \/>\n\t<\/p>\n\t<input type=\"hidden\" id=\"_wpnonce\" name=\"_wpnonce\" value=\"4cbc6ad1a2\" \/><input type=\"hidden\" name=\"_wp_http_referer\" value=\"\/fr\/wp-json\/wp\/v2\/pages\/23119\" \/>\n\t<div class=\"um-col-alt\">\n\n\t\t\n\t\t\t<div class=\"um-center\">\n\t\t\t\t<input type=\"submit\" value=\"Registraire-se\" class=\"um-button\" id=\"um-submit-btn\" \/>\n\t\t\t<\/div>\n\n\t\t\n\t\t<div class=\"um-clear\"><\/div>\n\n\t<\/div>\n\n\t\t\t<\/form>\n\t<\/div>\n<\/div>\n<style>\n\t\t\t.um-24586.um {\n\t\t\tmax-width: 1200px;\n\t\t}\n\t\t<\/style>\n\n<p>[\/et_pb_text][\/et_pb_column][\/et_pb_row][\/et_pb_section][et_pb_section fb_built=&#8221;1&#8243; admin_label=&#8221;section&#8221; _builder_version=&#8221;4.27.0&#8243; background_color=&#8221;gcid-ec6c522d-f824-435a-85ff-e5eb53d63a50&#8243; display_conditions=&#8221;W3siaWQiOiJlNDdiNjYxZC1mOTA0LTQ2YzYtOWE1NS00N2Q1NGI3ZTFkNTUiLCJjb25kaXRpb24iOiJsb2dnZWRJblN0YXR1cyIsImNvbmRpdGlvblNldHRpbmdzIjp7ImRpc3BsYXlSdWxlIjoibG9nZ2VkSW4iLCJhZG1pbkxhYmVsIjoiU2kgVXN1YXJpIGphIGVzdFx1MDBlMCBpZGVudGlmaWNhdCIsImVuYWJsZUNvbmRpdGlvbiI6Im9uIn0sIm9wZXJhdG9yIjoiT1IifV0=&#8221; global_colors_info=&#8221;{%22gcid-ec6c522d-f824-435a-85ff-e5eb53d63a50%22:%91%22background_color%22%93}&#8221;][et_pb_row _builder_version=&#8221;4.27.0&#8243; _module_preset=&#8221;default&#8221; max_width=&#8221;1200px&#8221; global_colors_info=&#8221;{}&#8221;][et_pb_column type=&#8221;4_4&#8243; _builder_version=&#8221;4.27.0&#8243; _module_preset=&#8221;default&#8221; global_colors_info=&#8221;{}&#8221;][et_pb_text _builder_version=&#8221;4.27.0&#8243; _module_preset=&#8221;default&#8221; text_orientation=&#8221;center&#8221; custom_margin=&#8221;||20px||false|false&#8221; global_colors_info=&#8221;{}&#8221;]<\/p>\n<h4>Vous \u00eates d\u00e9j\u00e0 identifi\u00e9 en tant qu&#8217;utilisateur !<\/h4>\n<p>[\/et_pb_text][et_pb_button button_url=&#8221;@ET-DC@eyJkeW5hbWljIjp0cnVlLCJjb250ZW50IjoicG9zdF9saW5rX3VybF9wYWdlIiwic2V0dGluZ3MiOnsicG9zdF9pZCI6IjEzNDQ4IiwiZW5hYmxlX2h0bWwiOiJvZmYifX0=@&#8221; button_text=&#8221;Acc\u00e9der \u00e0 mon compte&#8221; button_alignment=&#8221;center&#8221; _builder_version=&#8221;4.27.0&#8243; _dynamic_attributes=&#8221;button_url&#8221; _module_preset=&#8221;_initial&#8221; button_bg_color=&#8221;#4DDCA8&#8243; button_border_width=&#8221;0px&#8221; button_icon=&#8221;&#xf007;||fa||400&#8243; custom_padding=&#8221;1rem|2rem|1rem|2rem|true|true&#8221; global_colors_info=&#8221;{%22gcid-3c5f6e93-bb73-4970-84cf-ac9a2ceea141%22:%91%22button_bg_color%22,%22button_border_color%22,%22button_bg_color%22,%22button_border_color%22,%22button_border_color%22,%22button_border_color%22,%22button_border_color%22,%22button_border_color%22,%22button_border_color%22,%22button_border_color%22,%22button_border_color%22,%22button_border_color%22,%22button_border_color%22,%22button_border_color%22%93}&#8221; button_bg_color__hover=&#8221;#52CEBE&#8221; button_bg_enable_color__hover=&#8221;on&#8221;][\/et_pb_button][\/et_pb_column][\/et_pb_row][\/et_pb_section][et_pb_section fb_built=&#8221;1&#8243; admin_label=&#8221;Sliders Novetats Destacats segons usuari&#8221; _builder_version=&#8221;4.27.0&#8243; _module_preset=&#8221;default&#8221; background_color=&#8221;RGBA(255,255,255,0)&#8221; hover_enabled=&#8221;0&#8243; global_colors_info=&#8221;{}&#8221; global_module=&#8221;21119&#8243; theme_builder_area=&#8221;post_content&#8221; max_width=&#8221;1200px&#8221; module_alignment=&#8221;center&#8221; sticky_enabled=&#8221;0&#8243;][et_pb_row admin_label=&#8221;Novetats Usuari sense identificar&#8221; _builder_version=&#8221;4.27.0&#8243; _module_preset=&#8221;default&#8221; display_conditions=&#8221;W3siaWQiOiI0ODM1ODVjOS1kZjcxLTQ5ZmYtOGI5ZC0wM2ZmOTdjZDM0ZTIiLCJjb25kaXRpb24iOiJsb2dnZWRJblN0YXR1cyIsImNvbmRpdGlvblNldHRpbmdzIjp7ImRpc3BsYXlSdWxlIjoibG9nZ2VkT3V0IiwiYWRtaW5MYWJlbCI6IlVzdWFyaSBzZW5zZSBpZGVudGlmaWNhciIsImVuYWJsZUNvbmRpdGlvbiI6Im9uIn0sIm9wZXJhdG9yIjoiT1IifV0=&#8221; global_colors_info=&#8221;{}&#8221; theme_builder_area=&#8221;post_content&#8221;][et_pb_column type=&#8221;4_4&#8243; _builder_version=&#8221;4.23.2&#8243; _module_preset=&#8221;default&#8221; global_colors_info=&#8221;{}&#8221; theme_builder_area=&#8221;post_content&#8221;][et_pb_text _builder_version=&#8221;4.23.2&#8243; _module_preset=&#8221;default&#8221; custom_margin=&#8221;||5px||false|false&#8221; global_colors_info=&#8221;{}&#8221; theme_builder_area=&#8221;post_content&#8221;]<\/p>\n<h4>En vedette<\/h4>\n<p>[\/et_pb_text][et_pb_slider admin_label=&#8221;Slider No Usuari&#8221; _builder_version=&#8221;4.27.0&#8243; _module_preset=&#8221;default&#8221; min_height=&#8221;650px&#8221; min_height_tablet=&#8221;650px&#8221; min_height_phone=&#8221;650px&#8221; min_height_last_edited=&#8221;on|desktop&#8221; global_colors_info=&#8221;{%22gcid-3c5f6e93-bb73-4970-84cf-ac9a2ceea141%22:%91%22arrows_custom_color__hover%22,%22button_bg_color__hover%22%93}&#8221; theme_builder_area=&#8221;post_content&#8221;][et_pb_slide heading=&#8221;Nouveau produit&#8221; button_text=&#8221;Voir&#8221; button_link=&#8221;@ET-DC@eyJkeW5hbWljIjp0cnVlLCJjb250ZW50IjoicG9zdF9saW5rX3VybF9wcm9kdWN0Iiwic2V0dGluZ3MiOnsicG9zdF9pZCI6IjIwMjUzIiwiZW5hYmxlX2h0bWwiOiJvZmYifX0=@&#8221; url_new_window=&#8221;on&#8221; _builder_version=&#8221;4.27.0&#8243; _dynamic_attributes=&#8221;button_link,link_option_url&#8221; _module_preset=&#8221;default&#8221; background_color=&#8221;#d38f50&#8243; background_enable_color=&#8221;on&#8221; background_image=&#8221;https:\/\/www.plego.art\/wp-content\/uploads\/2024\/08\/colibri_taulell.jpg&#8221; background_enable_image=&#8221;on&#8221; link_option_url=&#8221;@ET-DC@eyJkeW5hbWljIjp0cnVlLCJjb250ZW50IjoicG9zdF9saW5rX3VybF9wcm9kdWN0Iiwic2V0dGluZ3MiOnsicG9zdF9pZCI6IjIwMjUzIiwiZW5hYmxlX2h0bWwiOiJvZmYifX0=@&#8221; global_colors_info=&#8221;{}&#8221; sticky_transition=&#8221;on&#8221; theme_builder_area=&#8221;post_content&#8221;]<\/p>\n<p>&nbsp;<\/p>\n<p>&nbsp;<\/p>\n<p>[\/et_pb_slide][et_pb_slide heading=&#8221;Nouveau produit&#8221; button_text=&#8221;Voir&#8221; button_link=&#8221;@ET-DC@eyJkeW5hbWljIjp0cnVlLCJjb250ZW50IjoicG9zdF9saW5rX3VybF9wcm9kdWN0Iiwic2V0dGluZ3MiOnsicG9zdF9pZCI6IjIwMjIzIiwiZW5hYmxlX2h0bWwiOiJvZmYifX0=@&#8221; url_new_window=&#8221;on&#8221; _builder_version=&#8221;4.27.0&#8243; _dynamic_attributes=&#8221;button_link,link_option_url&#8221; _module_preset=&#8221;default&#8221; background_color=&#8221;#d38f50&#8243; background_enable_color=&#8221;on&#8221; background_image=&#8221;https:\/\/www.plego.art\/wp-content\/uploads\/2024\/08\/oreneta_taulell.jpg&#8221; background_enable_image=&#8221;on&#8221; link_option_url=&#8221;@ET-DC@eyJkeW5hbWljIjp0cnVlLCJjb250ZW50IjoicG9zdF9saW5rX3VybF9wcm9kdWN0Iiwic2V0dGluZ3MiOnsicG9zdF9pZCI6IjIwMjIzIiwiZW5hYmxlX2h0bWwiOiJvZmYifX0=@&#8221; global_colors_info=&#8221;{}&#8221; sticky_transition=&#8221;on&#8221; theme_builder_area=&#8221;post_content&#8221;]<\/p>\n<p>&nbsp;<\/p>\n<p>&nbsp;<\/p>\n<p>[\/et_pb_slide][\/et_pb_slider][\/et_pb_column][\/et_pb_row][et_pb_row admin_label=&#8221;Novetats Client B2C&#8221; _builder_version=&#8221;4.27.0&#8243; _module_preset=&#8221;default&#8221; display_conditions=&#8221;W3siaWQiOiI5YThiZjAyMC1iNjVkLTQ4NTEtYjY1NS0zOWVhOTgzN2ViZGEiLCJjb25kaXRpb24iOiJ1c2VyUm9sZSIsImNvbmRpdGlvblNldHRpbmdzIjp7ImRpc3BsYXlSdWxlIjoiaXMiLCJ1c2VyUm9sZXMiOlt7ImxhYmVsIjoiQ3VzdG9tZXIiLCJ2YWx1ZSI6ImN1c3RvbWVyIn1dLCJ1c2VySWRzIjoiVXNlciBJRHMgc2VwYXJhdGVkIGJ5IGNvbW1hcyIsImFkbWluTGFiZWwiOiJDbGllbnQgQjJDIiwiZW5hYmxlQ29uZGl0aW9uIjoib24ifSwib3BlcmF0b3IiOiJPUiJ9XQ==&#8221; global_colors_info=&#8221;{}&#8221; theme_builder_area=&#8221;post_content&#8221;][et_pb_column type=&#8221;4_4&#8243; _builder_version=&#8221;4.23.2&#8243; _module_preset=&#8221;default&#8221; global_colors_info=&#8221;{}&#8221; theme_builder_area=&#8221;post_content&#8221;][et_pb_text _builder_version=&#8221;4.23.2&#8243; _module_preset=&#8221;default&#8221; custom_margin=&#8221;||5px||false|false&#8221; global_colors_info=&#8221;{}&#8221; theme_builder_area=&#8221;post_content&#8221;]<\/p>\n<h4>En vedette<\/h4>\n<p>[\/et_pb_text][et_pb_slider admin_label=&#8221;Slider Client B2C&#8221; _builder_version=&#8221;4.27.0&#8243; _module_preset=&#8221;default&#8221; min_height=&#8221;650px&#8221; min_height_tablet=&#8221;650px&#8221; min_height_phone=&#8221;650px&#8221; min_height_last_edited=&#8221;on|desktop&#8221; global_colors_info=&#8221;{%22gcid-3c5f6e93-bb73-4970-84cf-ac9a2ceea141%22:%91%22arrows_custom_color__hover%22,%22button_bg_color__hover%22%93}&#8221; theme_builder_area=&#8221;post_content&#8221;][et_pb_slide heading=&#8221;Nouveau produit&#8221; button_text=&#8221;Voir&#8221; button_link=&#8221;@ET-DC@eyJkeW5hbWljIjp0cnVlLCJjb250ZW50IjoicG9zdF9saW5rX3VybF9wcm9kdWN0Iiwic2V0dGluZ3MiOnsicG9zdF9pZCI6IjIwMjUzIiwiZW5hYmxlX2h0bWwiOiJvZmYifX0=@&#8221; url_new_window=&#8221;on&#8221; _builder_version=&#8221;4.27.0&#8243; _dynamic_attributes=&#8221;button_link,link_option_url&#8221; _module_preset=&#8221;default&#8221; background_color=&#8221;#d38f50&#8243; background_enable_color=&#8221;on&#8221; background_image=&#8221;https:\/\/www.plego.art\/wp-content\/uploads\/2024\/08\/colibri_taulell.jpg&#8221; background_enable_image=&#8221;on&#8221; link_option_url=&#8221;@ET-DC@eyJkeW5hbWljIjp0cnVlLCJjb250ZW50IjoicG9zdF9saW5rX3VybF9wcm9kdWN0Iiwic2V0dGluZ3MiOnsicG9zdF9pZCI6IjIwMjUzIiwiZW5hYmxlX2h0bWwiOiJvZmYifX0=@&#8221; global_colors_info=&#8221;{}&#8221; sticky_transition=&#8221;on&#8221; theme_builder_area=&#8221;post_content&#8221;]<\/p>\n<p>&nbsp;<\/p>\n<p>&nbsp;<\/p>\n<p>[\/et_pb_slide][et_pb_slide heading=&#8221;Nouveau produit&#8221; button_text=&#8221;Voir&#8221; button_link=&#8221;@ET-DC@eyJkeW5hbWljIjp0cnVlLCJjb250ZW50IjoicG9zdF9saW5rX3VybF9wcm9kdWN0Iiwic2V0dGluZ3MiOnsicG9zdF9pZCI6IjIwMjIzIiwiZW5hYmxlX2h0bWwiOiJvZmYifX0=@&#8221; url_new_window=&#8221;on&#8221; _builder_version=&#8221;4.27.0&#8243; _dynamic_attributes=&#8221;button_link,link_option_url&#8221; _module_preset=&#8221;default&#8221; background_color=&#8221;#d38f50&#8243; background_enable_color=&#8221;on&#8221; background_image=&#8221;https:\/\/www.plego.art\/wp-content\/uploads\/2024\/08\/oreneta_taulell.jpg&#8221; background_enable_image=&#8221;on&#8221; link_option_url=&#8221;@ET-DC@eyJkeW5hbWljIjp0cnVlLCJjb250ZW50IjoicG9zdF9saW5rX3VybF9wcm9kdWN0Iiwic2V0dGluZ3MiOnsicG9zdF9pZCI6IjIwMjIzIiwiZW5hYmxlX2h0bWwiOiJvZmYifX0=@&#8221; global_colors_info=&#8221;{}&#8221; sticky_transition=&#8221;on&#8221; theme_builder_area=&#8221;post_content&#8221;]<\/p>\n<p>&nbsp;<\/p>\n<p>&nbsp;<\/p>\n<p>[\/et_pb_slide][\/et_pb_slider][\/et_pb_column][\/et_pb_row][et_pb_row admin_label=&#8221;Novetats Client B2B&#8221; _builder_version=&#8221;4.27.0&#8243; _module_preset=&#8221;default&#8221; display_conditions=&#8221;W3siaWQiOiI5YThiZjAyMC1iNjVkLTQ4NTEtYjY1NS0zOWVhOTgzN2ViZGEiLCJjb25kaXRpb24iOiJ1c2VyUm9sZSIsImNvbmRpdGlvblNldHRpbmdzIjp7ImRpc3BsYXlSdWxlIjoiaXMiLCJ1c2VyUm9sZXMiOlt7ImxhYmVsIjoiRW1wcmVzYSBCMkIiLCJ2YWx1ZSI6ImN1c3RvbWVyX2IyYiJ9XSwidXNlcklkcyI6IlVzZXIgSURzIHNlcGFyYXRlZCBieSBjb21tYXMiLCJhZG1pbkxhYmVsIjoiQ2xpZW50IEIyQiIsImVuYWJsZUNvbmRpdGlvbiI6Im9uIn0sIm9wZXJhdG9yIjoiT1IifV0=&#8221; global_colors_info=&#8221;{}&#8221; theme_builder_area=&#8221;post_content&#8221;][et_pb_column type=&#8221;4_4&#8243; _builder_version=&#8221;4.23.2&#8243; _module_preset=&#8221;default&#8221; global_colors_info=&#8221;{}&#8221; theme_builder_area=&#8221;post_content&#8221;][et_pb_text _builder_version=&#8221;4.27.0&#8243; _module_preset=&#8221;default&#8221; custom_margin=&#8221;||5px||false|false&#8221; global_colors_info=&#8221;{}&#8221; theme_builder_area=&#8221;post_content&#8221;]<\/p>\n<h4>En vedette<\/h4>\n<p>[\/et_pb_text][et_pb_slider admin_label=&#8221;Slider Client B2B&#8221; _builder_version=&#8221;4.27.0&#8243; _module_preset=&#8221;default&#8221; min_height=&#8221;650px&#8221; min_height_tablet=&#8221;650px&#8221; min_height_phone=&#8221;650px&#8221; min_height_last_edited=&#8221;on|desktop&#8221; global_colors_info=&#8221;{%22gcid-3c5f6e93-bb73-4970-84cf-ac9a2ceea141%22:%91%22arrows_custom_color__hover%22,%22button_bg_color__hover%22%93}&#8221; theme_builder_area=&#8221;post_content&#8221;][et_pb_slide heading=&#8221;Nouveau produit&#8221; button_text=&#8221;Voir&#8221; button_link=&#8221;@ET-DC@eyJkeW5hbWljIjp0cnVlLCJjb250ZW50IjoicG9zdF9saW5rX3VybF9wcm9kdWN0Iiwic2V0dGluZ3MiOnsicG9zdF9pZCI6IjIwMjUzIiwiZW5hYmxlX2h0bWwiOiJvZmYifX0=@&#8221; url_new_window=&#8221;on&#8221; _builder_version=&#8221;4.27.0&#8243; _dynamic_attributes=&#8221;button_link,link_option_url&#8221; _module_preset=&#8221;default&#8221; background_color=&#8221;#d38f50&#8243; background_enable_color=&#8221;on&#8221; background_image=&#8221;https:\/\/www.plego.art\/wp-content\/uploads\/2024\/08\/colibri_taulell.jpg&#8221; background_enable_image=&#8221;on&#8221; link_option_url=&#8221;@ET-DC@eyJkeW5hbWljIjp0cnVlLCJjb250ZW50IjoicG9zdF9saW5rX3VybF9wcm9kdWN0Iiwic2V0dGluZ3MiOnsicG9zdF9pZCI6IjIwMjUzIiwiZW5hYmxlX2h0bWwiOiJvZmYifX0=@&#8221; global_colors_info=&#8221;{}&#8221; sticky_transition=&#8221;on&#8221; theme_builder_area=&#8221;post_content&#8221;]<\/p>\n<p>&nbsp;<\/p>\n<p>&nbsp;<\/p>\n<p>[\/et_pb_slide][et_pb_slide heading=&#8221;Nouveau produit&#8221; button_text=&#8221;Voir&#8221; button_link=&#8221;@ET-DC@eyJkeW5hbWljIjp0cnVlLCJjb250ZW50IjoicG9zdF9saW5rX3VybF9wcm9kdWN0Iiwic2V0dGluZ3MiOnsicG9zdF9pZCI6IjIwMjIzIiwiZW5hYmxlX2h0bWwiOiJvZmYifX0=@&#8221; url_new_window=&#8221;on&#8221; _builder_version=&#8221;4.27.0&#8243; _dynamic_attributes=&#8221;button_link,link_option_url&#8221; _module_preset=&#8221;default&#8221; background_color=&#8221;#d38f50&#8243; background_enable_color=&#8221;on&#8221; background_image=&#8221;https:\/\/www.plego.art\/wp-content\/uploads\/2024\/08\/oreneta_taulell.jpg&#8221; background_enable_image=&#8221;on&#8221; link_option_url=&#8221;@ET-DC@eyJkeW5hbWljIjp0cnVlLCJjb250ZW50IjoicG9zdF9saW5rX3VybF9wcm9kdWN0Iiwic2V0dGluZ3MiOnsicG9zdF9pZCI6IjIwMjIzIiwiZW5hYmxlX2h0bWwiOiJvZmYifX0=@&#8221; global_colors_info=&#8221;{}&#8221; sticky_transition=&#8221;on&#8221; theme_builder_area=&#8221;post_content&#8221;]<\/p>\n<p>&nbsp;<\/p>\n<p>&nbsp;<\/p>\n<p>[\/et_pb_slide][\/et_pb_slider][\/et_pb_column][\/et_pb_row][\/et_pb_section]<\/p>\n","protected":false},"excerpt":{"rendered":"<p>Inscription des nouveaux utilisateurs de la boutique en ligne Plego<\/p>\n","protected":false},"author":1,"featured_media":22805,"parent":0,"menu_order":30,"comment_status":"closed","ping_status":"closed","template":"","meta":{"_et_pb_use_builder":"on","_et_pb_old_content":"","_et_gb_content_width":"","iawp_total_views":49,"footnotes":""},"class_list":["post-23119","page","type-page","status-publish","has-post-thumbnail","hentry"],"_links":{"self":[{"href":"https:\/\/www.plego.art\/fr\/wp-json\/wp\/v2\/pages\/23119","targetHints":{"allow":["GET"]}}],"collection":[{"href":"https:\/\/www.plego.art\/fr\/wp-json\/wp\/v2\/pages"}],"about":[{"href":"https:\/\/www.plego.art\/fr\/wp-json\/wp\/v2\/types\/page"}],"author":[{"embeddable":true,"href":"https:\/\/www.plego.art\/fr\/wp-json\/wp\/v2\/users\/1"}],"replies":[{"embeddable":true,"href":"https:\/\/www.plego.art\/fr\/wp-json\/wp\/v2\/comments?post=23119"}],"version-history":[{"count":0,"href":"https:\/\/www.plego.art\/fr\/wp-json\/wp\/v2\/pages\/23119\/revisions"}],"wp:featuredmedia":[{"embeddable":true,"href":"https:\/\/www.plego.art\/fr\/wp-json\/wp\/v2\/media\/22805"}],"wp:attachment":[{"href":"https:\/\/www.plego.art\/fr\/wp-json\/wp\/v2\/media?parent=23119"}],"curies":[{"name":"wp","href":"https:\/\/api.w.org\/{rel}","templated":true}]}}