{"id":23060,"date":"2025-06-24T11:04:44","date_gmt":"2025-06-24T09:04:44","guid":{"rendered":"https:\/\/www.plego.art\/projets\/"},"modified":"2025-11-07T10:14:02","modified_gmt":"2025-11-07T09:14:02","slug":"projets","status":"publish","type":"page","link":"https:\/\/www.plego.art\/fr\/projets\/","title":{"rendered":"Projets"},"content":{"rendered":"<p>[et_pb_section fb_built=&#8221;1&#8243; admin_label=&#8221;Secci\u00f3 Menu Principal Superior Transparent&#8221; module_id=&#8221;seccio-menu-principal-superior&#8221; module_class=&#8221;seccio-menu-principal-superior-transparent&#8221; _builder_version=&#8221;4.23.2&#8243; _module_preset=&#8221;default&#8221; background_color=&#8221;RGBA(255,255,255,0)&#8221; positioning=&#8221;none&#8221; position_origin_a=&#8221;top_center&#8221; position_origin_f=&#8221;top_center&#8221; z_index=&#8221;10&#8243; custom_margin=&#8221;||||false|false&#8221; custom_padding=&#8221;5px||5px||true|false&#8221; sticky_position=&#8221;top&#8221; sticky_position_tablet=&#8221;none&#8221; sticky_position_phone=&#8221;none&#8221; sticky_position_last_edited=&#8221;on|tablet&#8221; global_module=&#8221;19548&#8243; saved_tabs=&#8221;all&#8221; global_colors_info=&#8221;{}&#8221; background__sticky_enabled=&#8221;on|sticky&#8221; background_color__sticky=&#8221;#FFFFFF&#8221; background_enable_color__sticky=&#8221;on&#8221; custom_padding__sticky_enabled=&#8221;on|desktop&#8221; custom_padding__sticky=&#8221;0px||0px||true|false&#8221;][et_pb_row _builder_version=&#8221;4.27.0&#8243; _module_preset=&#8221;default&#8221; width=&#8221;97%&#8221; max_width=&#8221;2500px&#8221; custom_padding=&#8221;0px|15px|0px|15px|true|false&#8221; global_colors_info=&#8221;{}&#8221;][et_pb_column type=&#8221;4_4&#8243; _builder_version=&#8221;4.22.2&#8243; _module_preset=&#8221;default&#8221; global_colors_info=&#8221;{}&#8221;][et_pb_image src=&#8221;https:\/\/www.plego.art\/wp-content\/uploads\/2023\/11\/marca-WEBL-1.png&#8221; title_text=&#8221;Plego.art&#8221; url=&#8221;@ET-DC@eyJkeW5hbWljIjp0cnVlLCJjb250ZW50IjoiaG9tZV91cmwiLCJzZXR0aW5ncyI6eyJlbmFibGVfaHRtbCI6Im9mZiJ9fQ==@&#8221; use_overlay=&#8221;off&#8221; show_bottom_space=&#8221;off&#8221; admin_label=&#8221;Imatge Logo&#8221; module_class=&#8221;menu-superior-imatge-logo menu-logo-color&#8221; _builder_version=&#8221;4.23.2&#8243; _dynamic_attributes=&#8221;url&#8221; _module_preset=&#8221;default&#8221; max_width=&#8221;90px&#8221; global_colors_info=&#8221;{}&#8221; transform_styles__hover_enabled=&#8221;off|desktop&#8221; transform_scale__hover_enabled=&#8221;off|desktop&#8221; transform_translate__hover_enabled=&#8221;off|desktop&#8221; transform_rotate__hover_enabled=&#8221;off|desktop&#8221; transform_skew__hover_enabled=&#8221;off|desktop&#8221; transform_origin__hover_enabled=&#8221;off|desktop&#8221; transform_scale__hover=&#8221;100%|100%&#8221;][\/et_pb_image][et_pb_image src=&#8221;https:\/\/www.plego.art\/wp-content\/uploads\/2016\/12\/plego_logo_trans.png&#8221; title_text=&#8221;plego_logo_trans&#8221; url=&#8221;@ET-DC@eyJkeW5hbWljIjp0cnVlLCJjb250ZW50IjoiaG9tZV91cmwiLCJzZXR0aW5ncyI6eyJlbmFibGVfaHRtbCI6Im9mZiJ9fQ==@&#8221; use_overlay=&#8221;off&#8221; show_bottom_space=&#8221;off&#8221; admin_label=&#8221;Imatge Logo Blanc&#8221; module_class=&#8221;menu-superior-imatge-logo menu-logo-blanc&#8221; _builder_version=&#8221;4.23.2&#8243; _dynamic_attributes=&#8221;url&#8221; _module_preset=&#8221;default&#8221; max_width=&#8221;90px&#8221; global_colors_info=&#8221;{}&#8221; transform_styles__hover_enabled=&#8221;off|desktop&#8221; transform_scale__hover_enabled=&#8221;off|desktop&#8221; transform_translate__hover_enabled=&#8221;off|desktop&#8221; transform_rotate__hover_enabled=&#8221;off|desktop&#8221; transform_skew__hover_enabled=&#8221;off|desktop&#8221; transform_origin__hover_enabled=&#8221;off|desktop&#8221; transform_scale__hover=&#8221;100%|100%&#8221;][\/et_pb_image][et_pb_menu menu_id=&#8221;21&#8243; logo_url=&#8221;@ET-DC@eyJkeW5hbWljIjp0cnVlLCJjb250ZW50IjoiaG9tZV91cmwiLCJzZXR0aW5ncyI6eyJlbmFibGVfaHRtbCI6Im9mZiJ9fQ==@&#8221; show_search_icon=&#8221;off&#8221; admin_label=&#8221;Men\u00fa Principal&#8221; module_id=&#8221;modul-menu-principal-superior&#8221; _builder_version=&#8221;4.23.2&#8243; _dynamic_attributes=&#8221;logo_url&#8221; _module_preset=&#8221;1dc04df3-1d46-4845-864c-2f3719e99809&#8243; menu_text_color=&#8221;#FFFFFF&#8221; text_orientation=&#8221;center&#8221; custom_margin_phone=&#8221;-91px||||false|false&#8221; custom_margin_last_edited=&#8221;off|desktop&#8221; global_colors_info=&#8221;{%22gcid-3c5f6e93-bb73-4970-84cf-ac9a2ceea141%22:%91%22dropdown_menu_line_color%22,%22active_link_color%22,%22dropdown_menu_active_link_color%22%93,%22gcid-ec6c522d-f824-435a-85ff-e5eb53d63a50%22:%91%22dropdown_menu_bg_color%22,%22mobile_menu_bg_color%22%93}&#8221; custom_padding__sticky_enabled=&#8221;off|desktop&#8221; logo_height__sticky_enabled=&#8221;on|desktop&#8221; menu_text_color__hover_enabled=&#8221;off|desktop&#8221; menu_text_color__sticky_enabled=&#8221;on|desktop&#8221; menu_text_color__sticky=&#8221;#252525&#8243;][\/et_pb_menu][et_pb_menu menu_id=&#8221;115&#8243; logo_url=&#8221;@ET-DC@eyJkeW5hbWljIjp0cnVlLCJjb250ZW50IjoiaG9tZV91cmwiLCJzZXR0aW5ncyI6eyJlbmFibGVfaHRtbCI6Im9mZiJ9fQ==@&#8221; cart_icon_color=&#8221;#FFFFFF&#8221; search_icon_color=&#8221;#FFFFFF&#8221; menu_icon_color=&#8221;#FFFFFF&#8221; admin_label=&#8221;Men\u00fa Usuari&#8221; module_id=&#8221;modul-menu-opcions-rapides&#8221; module_class=&#8221;menu-expandit-mobil&#8221; _builder_version=&#8221;4.23.2&#8243; _dynamic_attributes=&#8221;logo_url&#8221; _module_preset=&#8221;1dc04df3-1d46-4845-864c-2f3719e99809&#8243; menu_text_color=&#8221;#FFFFFF&#8221; custom_margin_phone=&#8221;-137px||||false|false&#8221; custom_margin_last_edited=&#8221;off|desktop&#8221; global_colors_info=&#8221;{%22gcid-3c5f6e93-bb73-4970-84cf-ac9a2ceea141%22:%91%22dropdown_menu_line_color%22,%22active_link_color%22,%22dropdown_menu_active_link_color%22%93,%22gcid-ec6c522d-f824-435a-85ff-e5eb53d63a50%22:%91%22dropdown_menu_bg_color%22,%22mobile_menu_bg_color%22%93}&#8221; custom_padding__sticky_enabled=&#8221;off|desktop&#8221; logo_height__sticky_enabled=&#8221;on|desktop&#8221; menu_text_color__hover_enabled=&#8221;off|desktop&#8221; menu_text_color__sticky_enabled=&#8221;on|desktop&#8221; menu_text_color__sticky=&#8221;#252525&#8243; cart_icon_color__sticky_enabled=&#8221;on|sticky&#8221; search_icon_color__sticky_enabled=&#8221;on|desktop&#8221; menu_icon_color__sticky_enabled=&#8221;on|desktop&#8221; cart_icon_color__sticky=&#8221;#252525&#8243; search_icon_color__sticky=&#8221;#252525&#8243; menu_icon_color__sticky=&#8221;#252525&#8243; menu_icon_color__hover_enabled=&#8221;on|desktop&#8221; menu_icon_color__hover=&#8221;#FFFFFF&#8221;][\/et_pb_menu][\/et_pb_column][\/et_pb_row][\/et_pb_section][et_pb_section fb_built=&#8221;1&#8243; custom_padding_last_edited=&#8221;on|desktop&#8221; _builder_version=&#8221;4.23.2&#8243; _module_preset=&#8221;default&#8221; background_color=&#8221;gcid-94e326be-b92d-4fb2-9e33-3a5118baa9ea&#8221; background_image=&#8221;https:\/\/www.plego.art\/wp-content\/uploads\/2017\/01\/capsalera_clients_3.jpg&#8221; parallax=&#8221;on&#8221; min_height=&#8221;461.8px&#8221; custom_margin=&#8221;-82px||||false|false&#8221; custom_padding=&#8221;200px||40px||false|false&#8221; custom_padding_tablet=&#8221;170px||||false|false&#8221; custom_padding_phone=&#8221;150px||||false|false&#8221; bottom_divider_style=&#8221;triangle&#8221; bottom_divider_color=&#8221;gcid-819d3a90-2793-4963-b702-98ad221b4802&#8243; bottom_divider_height=&#8221;29px&#8221; bottom_divider_flip=&#8221;vertical&#8221; global_colors_info=&#8221;{%22gcid-819d3a90-2793-4963-b702-98ad221b4802%22:%91%22bottom_divider_color%22%93}&#8221;][et_pb_row _builder_version=&#8221;4.23.2&#8243; _module_preset=&#8221;default&#8221; custom_padding=&#8221;8px||0px||false|false&#8221; global_colors_info=&#8221;{}&#8221;][et_pb_column type=&#8221;4_4&#8243; _builder_version=&#8221;4.23.2&#8243; _module_preset=&#8221;default&#8221; global_colors_info=&#8221;{}&#8221;][et_pb_blurb title=&#8221;Plions ensemble!&#8221; content_max_width=&#8221;814px&#8221; _builder_version=&#8221;4.27.2&#8243; _module_preset=&#8221;765dc06e-2f43-485a-9b38-1ede1b8ace43&#8243; header_level=&#8221;h2&#8243; header_font=&#8221;Source Sans Pro|700|||||||&#8221; header_text_align=&#8221;center&#8221; header_text_color=&#8221;gcid-9a54e857-c67a-482c-9822-ea6cf76efa57&#8243; header_font_size=&#8221;3.4rem&#8221; header_line_height=&#8221;0.9em&#8221; body_font=&#8221;||||||||&#8221; body_text_color=&#8221;#FFFFFF&#8221; body_font_size=&#8221;1.5rem&#8221; body_line_height=&#8221;1.2em&#8221; text_orientation=&#8221;center&#8221; custom_margin=&#8221;||-13px|||&#8221; custom_padding=&#8221;|15px|45px||false|false&#8221; locked=&#8221;off&#8221; global_colors_info=&#8221;{%22gcid-3c5f6e93-bb73-4970-84cf-ac9a2ceea141%22:%91%22image_icon_background_color__hover%22,%22icon_color%22,%22image_icon_background_color__hover%22,%22icon_color%22,%22image_icon_background_color__hover%22,%22icon_color%22,%22image_icon_background_color__hover%22,%22icon_color%22,%22image_icon_background_color__hover%22,%22icon_color%22,%22image_icon_background_color__hover%22,%22icon_color%22,%22icon_color%22,%22icon_color%22,%22icon_color%22%93,%22gcid-9a54e857-c67a-482c-9822-ea6cf76efa57%22:%91%22header_text_color%22%93}&#8221; icon_color__hover_enabled=&#8221;on|hover&#8221; image_icon_background_color__hover=&#8221;#FF6666&#8243; icon_color__hover=&#8221;rgba(255,255,255,0.98)&#8221;]<\/p>\n<p>Chez <em>Plego<\/em>, nous r\u00e9alisons des projets sur mesure, parfaitement adapt\u00e9s aux besoins de chaque client. Vitrines commerciales, espaces \u00e9ph\u00e9m\u00e8res, d\u00e9corsou figurines personnalis\u00e9es pour tous types d\u2019\u00e9v\u00e9nements: confiez-nous vos id\u00e9es, nous les plierons pour vous. <\/p>\n<p>[\/et_pb_blurb][et_pb_button button_url=&#8221;@ET-DC@eyJkeW5hbWljIjp0cnVlLCJjb250ZW50IjoicG9zdF9saW5rX3VybF9wYWdlIiwic2V0dGluZ3MiOnsicG9zdF9pZCI6IjEzMDczIiwiZW5hYmxlX2h0bWwiOiJvZmYifX0=@&#8221; button_text=&#8221;Contactez-nous&#8221; button_alignment=&#8221;center&#8221; _builder_version=&#8221;4.27.0&#8243; _dynamic_attributes=&#8221;button_url&#8221; _module_preset=&#8221;default&#8221; button_text_size=&#8221;1.3rem&#8221; button_bg_color=&#8221;RGBA(255,255,255,0)&#8221; button_border_width=&#8221;1px&#8221; button_border_color=&#8221;#FFFFFF&#8221; button_letter_spacing=&#8221;0px&#8221; button_use_icon=&#8221;off&#8221; custom_padding=&#8221;10px|37px|10px|37px|true|true&#8221; global_colors_info=&#8221;{%22gcid-3c5f6e93-bb73-4970-84cf-ac9a2ceea141%22:%91%22button_bg_color%22,%22button_border_color%22,%22button_bg_color%22,%22button_border_color%22,%22button_bg_color%22,%22button_border_color%22,%22button_bg_color%22,%22button_border_color%22,%22button_bg_color%22,%22button_border_color%22,%22button_bg_color%22,%22button_border_color%22,%22button_bg_color%22,%22button_border_color%22,%22button_bg_color%22,%22button_border_color%22,%22button_bg_color%22,%22button_border_color%22,%22button_bg_color%22,%22button_border_color%22,%22button_bg_color%22,%22button_border_color%22,%22button_bg_color%22,%22button_border_color%22,%22button_bg_color%22,%22button_border_color%22,%22button_bg_color%22,%22button_border_color%22,%22button_bg_color%22,%22button_border_color%22,%22button_bg_color%22,%22button_border_color%22,%22button_bg_color%22,%22button_border_color%22%93}&#8221; button_bg_color__hover=&#8221;#FFFFFF&#8221; button_bg_enable_color__hover=&#8221;on&#8221; button_bg_color__hover_enabled=&#8221;on|hover&#8221; button_text_color__hover_enabled=&#8221;on|hover&#8221; button_text_color__hover=&#8221;#F5825E&#8221;][\/et_pb_button][et_pb_text _builder_version=&#8221;4.27.0&#8243; _module_preset=&#8221;default&#8221; text_text_color=&#8221;#FFFFFF&#8221; header_text_color=&#8221;#FFFFFF&#8221; text_orientation=&#8221;center&#8221; background_layout=&#8221;dark&#8221; custom_margin=&#8221;||0px||false|false&#8221; custom_padding=&#8221;20px||0px||false|false&#8221; global_colors_info=&#8221;{}&#8221;]<\/p>\n<p>Ils nous ont d\u00e9j\u00e0 fait confiance:<\/p>\n<p>[\/et_pb_text][\/et_pb_column][\/et_pb_row][\/et_pb_section][et_pb_section fb_built=&#8221;1&#8243; admin_label=&#8221;Secci\u00f3 Projectes&#8221; _builder_version=&#8221;4.23.2&#8243; _module_preset=&#8221;default&#8221; background_color=&#8221;gcid-819d3a90-2793-4963-b702-98ad221b4802&#8243; custom_margin=&#8221;0px||0px||false|false&#8221; custom_padding=&#8221;0px||0px||true|false&#8221; global_colors_info=&#8221;{%22gcid-819d3a90-2793-4963-b702-98ad221b4802%22:%91%22background_color%22%93}&#8221;][et_pb_row _builder_version=&#8221;4.23.2&#8243; _module_preset=&#8221;default&#8221; max_width=&#8221;1200px&#8221; custom_padding=&#8221;0px||0px||false|false&#8221; global_colors_info=&#8221;{}&#8221;][et_pb_column type=&#8221;4_4&#8243; _builder_version=&#8221;4.22.2&#8243; _module_preset=&#8221;default&#8221; global_colors_info=&#8221;{}&#8221;][dsm_image_carousel gallery_ids=&#8221;23976,23977,23978,23979,23980,23981,23982,23983&#8243; slide_to_show=&#8221;7&#8243; space_between=&#8221;35&#8243; arrows=&#8221;off&#8221; dots=&#8221;off&#8221; slide_to_show_tablet=&#8221;4&#8243; slide_to_show_phone=&#8221;1&#8243; slide_to_show_last_edited=&#8221;on|phone&#8221; _builder_version=&#8221;4.23.2&#8243; _module_preset=&#8221;default&#8221; custom_margin=&#8221;6px||20px||false|false&#8221; global_colors_info=&#8221;{}&#8221;][\/dsm_image_carousel][\/et_pb_column][\/et_pb_row][\/et_pb_section][et_pb_section fb_built=&#8221;1&#8243; next_background_color=&#8221;#F5C55E&#8221; _builder_version=&#8221;4.23.2&#8243; _module_preset=&#8221;default&#8221; background_color=&#8221;gcid-ec6c522d-f824-435a-85ff-e5eb53d63a50&#8243; custom_margin=&#8221;||||false|false&#8221; custom_padding=&#8221;1rem||||false|false&#8221; bottom_divider_style=&#8221;triangle&#8221; bottom_divider_height=&#8221;40px&#8221; bottom_divider_flip=&#8221;vertical&#8221; global_colors_info=&#8221;{%22gcid-ec6c522d-f824-435a-85ff-e5eb53d63a50%22:%91%22background_color%22%93}&#8221;][et_pb_row use_custom_gutter=&#8221;on&#8221; gutter_width=&#8221;2&#8243; custom_padding_last_edited=&#8221;on|phone&#8221; _builder_version=&#8221;4.27.2&#8243; _module_preset=&#8221;default&#8221; max_width=&#8221;1200px&#8221; custom_padding_tablet=&#8221;&#8221; custom_padding_phone=&#8221;|10px||10px|false|false&#8221; global_colors_info=&#8221;{}&#8221;][et_pb_column type=&#8221;4_4&#8243; _builder_version=&#8221;4.22.2&#8243; _module_preset=&#8221;default&#8221; global_colors_info=&#8221;{}&#8221;][et_pb_filterable_portfolio fullwidth=&#8221;off&#8221; posts_number=&#8221;16&#8243; _builder_version=&#8221;4.27.4&#8243; _module_preset=&#8221;4b0e826f-458a-4621-b0f7-28468f043f0e&#8221; caption_text_color=&#8221;#F5C55E&#8221; caption_font_size=&#8221;0.8rem&#8221; hover_enabled=&#8221;0&#8243; global_colors_info=&#8221;{}&#8221; sticky_enabled=&#8221;0&#8243;][\/et_pb_filterable_portfolio][\/et_pb_column][\/et_pb_row][\/et_pb_section][et_pb_section fb_built=&#8221;1&#8243; _builder_version=&#8221;4.23.2&#8243; _module_preset=&#8221;default&#8221; background_color=&#8221;#F5C55E&#8221; custom_padding=&#8221;4rem||4rem||true|false&#8221; top_divider_color=&#8221;gcid-ec6c522d-f824-435a-85ff-e5eb53d63a50&#8243; top_divider_height=&#8221;38px&#8221; global_colors_info=&#8221;{%22gcid-ec6c522d-f824-435a-85ff-e5eb53d63a50%22:%91%22top_divider_color%22%93}&#8221;][et_pb_row _builder_version=&#8221;4.22.2&#8243; _module_preset=&#8221;default&#8221; custom_margin=&#8221;-22px|auto||auto||&#8221; custom_padding=&#8221;29px||11px|||&#8221; locked=&#8221;off&#8221; global_colors_info=&#8221;{}&#8221;][et_pb_column type=&#8221;4_4&#8243; _builder_version=&#8221;4.22.2&#8243; _module_preset=&#8221;default&#8221; global_colors_info=&#8221;{}&#8221;][et_pb_text _builder_version=&#8221;4.23.2&#8243; _module_preset=&#8221;2bf59a57-abaa-4d27-b958-72d8e1942f04&#8243; text_font=&#8221;|600|||||||&#8221; text_text_color=&#8221;#252525&#8243; text_font_size=&#8221;1.5rem&#8221; header_font=&#8221;Source Sans Pro|||on|||||&#8221; header_text_align=&#8221;center&#8221; header_text_color=&#8221;#252525&#8243; header_font_size=&#8221;16px&#8221; header_line_height=&#8221;0.3em&#8221; header_2_font=&#8221;Source Sans Pro|||on|||||&#8221; header_2_text_align=&#8221;center&#8221; header_2_text_color=&#8221;#252525&#8243; header_2_font_size=&#8221;16px&#8221; header_2_line_height=&#8221;0.3em&#8221; header_3_font=&#8221;Source Sans Pro|||on|||||&#8221; header_3_text_align=&#8221;center&#8221; header_3_text_color=&#8221;#252525&#8243; header_3_font_size=&#8221;16px&#8221; header_3_line_height=&#8221;0.3em&#8221; header_4_font=&#8221;Source Sans Pro|||on|||||&#8221; header_4_text_align=&#8221;center&#8221; header_4_text_color=&#8221;#252525&#8243; header_4_font_size=&#8221;16px&#8221; header_4_line_height=&#8221;0.3em&#8221; header_5_font=&#8221;Source Sans Pro|||on|||||&#8221; header_5_text_align=&#8221;center&#8221; header_5_text_color=&#8221;#252525&#8243; header_5_line_height=&#8221;0.3em&#8221; header_6_font=&#8221;Source Sans Pro|||on|||||&#8221; header_6_text_align=&#8221;center&#8221; header_6_text_color=&#8221;#252525&#8243; header_6_font_size=&#8221;16px&#8221; header_6_line_height=&#8221;0.3em&#8221; text_orientation=&#8221;center&#8221; max_width=&#8221;847px&#8221; module_alignment=&#8221;center&#8221; custom_margin=&#8221;||23px|||&#8221; global_colors_info=&#8221;{%22gcid-3c5f6e93-bb73-4970-84cf-ac9a2ceea141%22:%91%22icon_color%22,%22icon_color%22,%22icon_color%22,%22icon_color%22,%22icon_color%22,%22icon_color%22,%22icon_color%22,%22icon_color%22,%22icon_color%22,%22icon_color%22,%22icon_color%22,%22icon_color%22,%22icon_color%22,%22icon_color%22,%22icon_color%22%93}&#8221;]<\/p>\n<p>Vos projets, nos pliages. On en parle?<\/p>\n<p>[\/et_pb_text][et_pb_button button_url=&#8221;@ET-DC@eyJkeW5hbWljIjp0cnVlLCJjb250ZW50IjoicG9zdF9saW5rX3VybF9wYWdlIiwic2V0dGluZ3MiOnsicG9zdF9pZCI6IjEzMDczIiwiZW5hYmxlX2h0bWwiOiJvZmYifX0=@&#8221; button_text=&#8221;Contactez-nous&#8221; button_alignment=&#8221;center&#8221; _builder_version=&#8221;4.27.0&#8243; _dynamic_attributes=&#8221;button_url&#8221; _module_preset=&#8221;default&#8221; button_text_size=&#8221;1.3rem&#8221; button_bg_color=&#8221;RGBA(255,255,255,0)&#8221; button_border_width=&#8221;1px&#8221; button_border_color=&#8221;#FFFFFF&#8221; button_letter_spacing=&#8221;0px&#8221; button_use_icon=&#8221;off&#8221; custom_padding=&#8221;10px|37px|10px|37px|true|true&#8221; locked=&#8221;off&#8221; global_colors_info=&#8221;{%22gcid-3c5f6e93-bb73-4970-84cf-ac9a2ceea141%22:%91%22button_bg_color%22,%22button_border_color%22,%22button_bg_color%22,%22button_border_color%22,%22button_bg_color%22,%22button_border_color%22,%22button_bg_color%22,%22button_border_color%22,%22button_bg_color%22,%22button_border_color%22,%22button_bg_color%22,%22button_border_color%22,%22button_bg_color%22,%22button_border_color%22,%22button_bg_color%22,%22button_border_color%22,%22button_bg_color%22,%22button_border_color%22,%22button_bg_color%22,%22button_border_color%22,%22button_bg_color%22,%22button_border_color%22,%22button_bg_color%22,%22button_border_color%22,%22button_bg_color%22,%22button_border_color%22,%22button_bg_color%22,%22button_border_color%22,%22button_bg_color%22,%22button_border_color%22,%22button_bg_color%22,%22button_border_color%22,%22button_bg_color%22,%22button_border_color%22%93}&#8221; button_bg_color__hover=&#8221;#FFFFFF&#8221; button_bg_enable_color__hover=&#8221;on&#8221; button_bg_color__hover_enabled=&#8221;on|hover&#8221; button_text_color__hover_enabled=&#8221;on|hover&#8221; button_text_color__hover=&#8221;#F5C55E&#8221;][\/et_pb_button][\/et_pb_column][\/et_pb_row][\/et_pb_section]<\/p>\n","protected":false},"excerpt":{"rendered":"<p>Chez Plego, nous r\u00e9alisons des projets sur mesure, parfaitement adapt\u00e9s aux besoins de chaque client. Vitrines commerciales, espaces \u00e9ph\u00e9m\u00e8res, d\u00e9corsou figurines personnalis\u00e9es pour tous types d\u2019\u00e9v\u00e9nements : confiez-nous vos id\u00e9es, nous les plierons pour vous. <\/p>\n","protected":false},"author":1,"featured_media":23075,"parent":0,"menu_order":16,"comment_status":"closed","ping_status":"open","template":"","meta":{"_et_pb_use_builder":"on","_et_pb_old_content":"","_et_gb_content_width":"","iawp_total_views":193,"footnotes":""},"class_list":["post-23060","page","type-page","status-publish","has-post-thumbnail","hentry"],"_links":{"self":[{"href":"https:\/\/www.plego.art\/fr\/wp-json\/wp\/v2\/pages\/23060","targetHints":{"allow":["GET"]}}],"collection":[{"href":"https:\/\/www.plego.art\/fr\/wp-json\/wp\/v2\/pages"}],"about":[{"href":"https:\/\/www.plego.art\/fr\/wp-json\/wp\/v2\/types\/page"}],"author":[{"embeddable":true,"href":"https:\/\/www.plego.art\/fr\/wp-json\/wp\/v2\/users\/1"}],"replies":[{"embeddable":true,"href":"https:\/\/www.plego.art\/fr\/wp-json\/wp\/v2\/comments?post=23060"}],"version-history":[{"count":0,"href":"https:\/\/www.plego.art\/fr\/wp-json\/wp\/v2\/pages\/23060\/revisions"}],"wp:featuredmedia":[{"embeddable":true,"href":"https:\/\/www.plego.art\/fr\/wp-json\/wp\/v2\/media\/23075"}],"wp:attachment":[{"href":"https:\/\/www.plego.art\/fr\/wp-json\/wp\/v2\/media?parent=23060"}],"curies":[{"name":"wp","href":"https:\/\/api.w.org\/{rel}","templated":true}]}}