{"id":23827,"date":"2025-10-08T13:55:12","date_gmt":"2025-10-08T11:55:12","guid":{"rendered":"https:\/\/www.plego.art\/?post_type=product&#038;p=23827"},"modified":"2025-12-15T12:32:31","modified_gmt":"2025-12-15T11:32:31","slug":"caelum-avis","status":"publish","type":"product","link":"https:\/\/www.plego.art\/es\/tienda\/caelum-avis\/","title":{"rendered":"Caelum Avis"},"content":{"rendered":"<p>El kit incluye tres hojas de 220 g\/m2 de papel de arte impresas en tintas vegetales, un cartoncillo negro de 700 g\/m\u00b2 para la estructura interna y unas instrucciones de montaje.<br \/>\nLas piezas vienen precortadas y marcadas para facilitar su montaje, no se necesitan tijeras ni cola blanca.<br \/>\nTodos estos materiales se presentan en una elegante y resistente carpeta, elaborada con papel certificado FSC\u00ae.<\/p>\n","protected":false},"excerpt":{"rendered":"<p><strong>Caelum Avis,<\/strong> <em>el ave secreta de los tr\u00f3picos, <\/em>forma parte de la \u00faltima colecci\u00f3n que hemos dise\u00f1ado.<br \/>Esta l\u00ednea est\u00e1 pensada para quienes tienen poca experiencia en el arte del plegado o para quienes tienen menos paciencia: \u00a1la <em>Fantasy Bird Collection <\/em>se monta en menos de 15 minutos! <\/p>\n<p>Para esta figura hemos dise\u00f1ado una estructura interna fuerte y resistente, con un sistema de encajes muy f\u00e1cil de montar. La parte exterior que envuelve este esqueleto est\u00e1 hecha con papel art\u00edstico de 220 g\/m\u00b2, impreso con tintas vegetales y con una cara texturizada. <\/p>\n","protected":false},"featured_media":23676,"comment_status":"closed","ping_status":"closed","template":"","meta":{"_et_pb_use_builder":"","_et_pb_old_content":"","_et_gb_content_width":"","iawp_total_views":83},"product_brand":[],"product_cat":[327],"product_tag":[],"class_list":{"0":"post-23827","1":"product","2":"type-product","3":"status-publish","4":"has-post-thumbnail","6":"product_cat-coleccion-fantasia","8":"first","9":"instock","10":"taxable","11":"shipping-taxable","12":"purchasable","13":"product-type-simple","14":"wpzoom-wc-spi-has-enabled"},"_links":{"self":[{"href":"https:\/\/www.plego.art\/es\/wp-json\/wp\/v2\/product\/23827","targetHints":{"allow":["GET"]}}],"collection":[{"href":"https:\/\/www.plego.art\/es\/wp-json\/wp\/v2\/product"}],"about":[{"href":"https:\/\/www.plego.art\/es\/wp-json\/wp\/v2\/types\/product"}],"replies":[{"embeddable":true,"href":"https:\/\/www.plego.art\/es\/wp-json\/wp\/v2\/comments?post=23827"}],"wp:featuredmedia":[{"embeddable":true,"href":"https:\/\/www.plego.art\/es\/wp-json\/wp\/v2\/media\/23676"}],"wp:attachment":[{"href":"https:\/\/www.plego.art\/es\/wp-json\/wp\/v2\/media?parent=23827"}],"wp:term":[{"taxonomy":"product_brand","embeddable":true,"href":"https:\/\/www.plego.art\/es\/wp-json\/wp\/v2\/product_brand?post=23827"},{"taxonomy":"product_cat","embeddable":true,"href":"https:\/\/www.plego.art\/es\/wp-json\/wp\/v2\/product_cat?post=23827"},{"taxonomy":"product_tag","embeddable":true,"href":"https:\/\/www.plego.art\/es\/wp-json\/wp\/v2\/product_tag?post=23827"}],"curies":[{"name":"wp","href":"https:\/\/api.w.org\/{rel}","templated":true}]}}