{"id":20255,"date":"2024-08-12T15:56:45","date_gmt":"2024-08-12T13:56:45","guid":{"rendered":"https:\/\/www.plego.art\/?post_type=product&#038;p=20255"},"modified":"2025-05-10T14:16:58","modified_gmt":"2025-05-10T12:16:58","slug":"selasphorus-platycercus","status":"publish","type":"product","link":"https:\/\/www.plego.art\/es\/tienda\/selasphorus-platycercus\/","title":{"rendered":"Selasphorus Platycercus"},"content":{"rendered":"<p>El kit contiene 4 papeles de arte de pulpa te\u00f1ida, con un 50 % de algod\u00f3n y resistentes a la luz, y 3 papeles con tintas metalizadas y tornasoladas, una ficha did\u00e1ctica con las principales caracter\u00edsticas del colibr\u00ed coliancho y unas instrucciones de montaje, todo en 8 idiomas diferentes. Las piezas vienen precortadas y marcadas para facilitar el plegado y montaje. Todos estos materiales se presentan en una carpeta atractiva y resistente. Es necesaria cola blanca de manualidades para pegar las piezas de la figura.   <\/p>\n","protected":false},"excerpt":{"rendered":"<p>El <strong>colibr\u00ed coliancho<\/strong> es un ave f\u00e1cil de ver, sobre todo si vives en la zona de M\u00e9xico y Centroam\u00e9rica \ud83d\ude09. Sin duda, se trata de un ave poco conocida en Europa, pero con una gran popularidad en todo el mundo. Su ancha cola, el reluciente babero de fucsias tornasolados y la posici\u00f3n de las alas como si estuviese suspendido en el aire a punto de polinizar una flor hacen de este p\u00e1jaro uno de los imprescindibles de Plego. Es una figura pensada para colgarla, como un m\u00f3vil.   <\/p>\n","protected":false},"featured_media":20258,"comment_status":"closed","ping_status":"closed","template":"","meta":{"_et_pb_use_builder":"","_et_pb_old_content":"","_et_gb_content_width":"","iawp_total_views":286},"product_brand":[],"product_cat":[127],"product_tag":[],"class_list":{"0":"post-20255","1":"product","2":"type-product","3":"status-publish","4":"has-post-thumbnail","6":"product_cat-coleccion-pajaros","8":"first","9":"instock","10":"taxable","11":"shipping-taxable","12":"purchasable","13":"product-type-simple","14":"wpzoom-wc-spi-has-enabled"},"_links":{"self":[{"href":"https:\/\/www.plego.art\/es\/wp-json\/wp\/v2\/product\/20255","targetHints":{"allow":["GET"]}}],"collection":[{"href":"https:\/\/www.plego.art\/es\/wp-json\/wp\/v2\/product"}],"about":[{"href":"https:\/\/www.plego.art\/es\/wp-json\/wp\/v2\/types\/product"}],"replies":[{"embeddable":true,"href":"https:\/\/www.plego.art\/es\/wp-json\/wp\/v2\/comments?post=20255"}],"wp:featuredmedia":[{"embeddable":true,"href":"https:\/\/www.plego.art\/es\/wp-json\/wp\/v2\/media\/20258"}],"wp:attachment":[{"href":"https:\/\/www.plego.art\/es\/wp-json\/wp\/v2\/media?parent=20255"}],"wp:term":[{"taxonomy":"product_brand","embeddable":true,"href":"https:\/\/www.plego.art\/es\/wp-json\/wp\/v2\/product_brand?post=20255"},{"taxonomy":"product_cat","embeddable":true,"href":"https:\/\/www.plego.art\/es\/wp-json\/wp\/v2\/product_cat?post=20255"},{"taxonomy":"product_tag","embeddable":true,"href":"https:\/\/www.plego.art\/es\/wp-json\/wp\/v2\/product_tag?post=20255"}],"curies":[{"name":"wp","href":"https:\/\/api.w.org\/{rel}","templated":true}]}}