{"id":16819,"date":"2023-06-22T16:00:20","date_gmt":"2023-06-22T14:00:20","guid":{"rendered":"https:\/\/www.plego.art\/?post_type=product&#038;p=16819"},"modified":"2025-05-11T12:46:59","modified_gmt":"2025-05-11T10:46:59","slug":"chrysaora-hysoscella","status":"publish","type":"product","link":"https:\/\/www.plego.art\/es\/tienda\/chrysaora-hysoscella\/","title":{"rendered":"Chrysaora hysoscella"},"content":{"rendered":"<p>El kit contiene 5 hojas de papel de arte de 175 g, una ficha did\u00e1ctica con las principales caracter\u00edsticas de la medusa de compases y unas instrucciones de montaje que van gui\u00e1ndote paso a paso, todo en 8 idiomas diferentes y dentro de una carpeta atractiva y resistente. Para montar esta figura no es necesario usar cola blanca, est\u00e1 dise\u00f1ada con un sistema de encajes para que sea todo m\u00e1s f\u00e1cil y r\u00e1pido. <\/p>\n","protected":false},"excerpt":{"rendered":"<p>Las corrientes marinas han arrastrado este bonito ejemplar de <strong>medusa de compases<\/strong> para hacer compa\u00f1\u00eda al resto de seres de nuestro particular oc\u00e9ano de papel. Con sus vibrantes colores y sus movimientos hipn\u00f3ticos te har\u00e1 sentir como si estuvieses flotando en el fondo del mar en cualquier estancia de tu casa. <\/p>\n<p>Como toda la COLECCI\u00d3N MAR, se trata de una figura pensada para montarla sin cola adhesiva, de forma f\u00e1cil y divertida, y colgarla del techo de cualquier habitaci\u00f3n.<br \/>\n\u00bfEst\u00e1s preparado para dar vida a este encantador animal marino?<\/p>\n","protected":false},"featured_media":16822,"comment_status":"closed","ping_status":"closed","template":"","meta":{"_et_pb_use_builder":"","_et_pb_old_content":"","_et_gb_content_width":"","iawp_total_views":191},"product_brand":[],"product_cat":[125],"product_tag":[],"class_list":{"0":"post-16819","1":"product","2":"type-product","3":"status-publish","4":"has-post-thumbnail","6":"product_cat-coleccion-mar","8":"first","9":"instock","10":"taxable","11":"shipping-taxable","12":"purchasable","13":"product-type-simple","14":"wpzoom-wc-spi-has-enabled"},"_links":{"self":[{"href":"https:\/\/www.plego.art\/es\/wp-json\/wp\/v2\/product\/16819","targetHints":{"allow":["GET"]}}],"collection":[{"href":"https:\/\/www.plego.art\/es\/wp-json\/wp\/v2\/product"}],"about":[{"href":"https:\/\/www.plego.art\/es\/wp-json\/wp\/v2\/types\/product"}],"replies":[{"embeddable":true,"href":"https:\/\/www.plego.art\/es\/wp-json\/wp\/v2\/comments?post=16819"}],"wp:featuredmedia":[{"embeddable":true,"href":"https:\/\/www.plego.art\/es\/wp-json\/wp\/v2\/media\/16822"}],"wp:attachment":[{"href":"https:\/\/www.plego.art\/es\/wp-json\/wp\/v2\/media?parent=16819"}],"wp:term":[{"taxonomy":"product_brand","embeddable":true,"href":"https:\/\/www.plego.art\/es\/wp-json\/wp\/v2\/product_brand?post=16819"},{"taxonomy":"product_cat","embeddable":true,"href":"https:\/\/www.plego.art\/es\/wp-json\/wp\/v2\/product_cat?post=16819"},{"taxonomy":"product_tag","embeddable":true,"href":"https:\/\/www.plego.art\/es\/wp-json\/wp\/v2\/product_tag?post=16819"}],"curies":[{"name":"wp","href":"https:\/\/api.w.org\/{rel}","templated":true}]}}