{"id":16771,"date":"2023-06-13T07:40:48","date_gmt":"2023-06-13T07:40:48","guid":{"rendered":"https:\/\/www.plego.art\/?post_type=product&#038;p=16771"},"modified":"2025-05-10T19:31:20","modified_gmt":"2025-05-10T17:31:20","slug":"sylvia","status":"publish","type":"product","link":"https:\/\/www.plego.art\/es\/tienda\/sylvia\/","title":{"rendered":"Sylvia"},"content":{"rendered":"<p>El kit contiene 6 papeles de arte de pulpa te\u00f1ida, con un 50 % de algod\u00f3n y resistentes a la luz, una ficha did\u00e1ctica con las principales caracter\u00edsticas de la curruca cabecinegra y unas instrucciones de montaje, todo en 8 idiomas diferentes. Las piezas vienen precortadas y marcadas para facilitar el plegado y montaje. Todos estos materiales se presentan en una carpeta atractiva y resistente. Es necesaria cola blanca de manualidades para pegar las piezas de la figura.   <\/p>\n","protected":false},"excerpt":{"rendered":"<p>La <strong>curruca cabecinegra<\/strong> es, sin duda, el p\u00e1jaro con m\u00e1s nervio de la familia Plego, \u00a1un culo inquieto en toda regla! Los machos tienen como rasgos caracter\u00edsticos la cabeza negra, el babero blanco y sobre todo los ojos rojos. \u00a1M\u00f3ntalo r\u00e1pido, antes de que se te escape!  <\/p>\n<p>Este p\u00e1jaro es ideal para los amantes de las manualidades que desean montar una figura f\u00e1cil para empezar.<\/p>\n","protected":false},"featured_media":19177,"comment_status":"closed","ping_status":"closed","template":"","meta":{"_et_pb_use_builder":"","_et_pb_old_content":"","_et_gb_content_width":"","iawp_total_views":120},"product_brand":[],"product_cat":[127],"product_tag":[],"class_list":{"0":"post-16771","1":"product","2":"type-product","3":"status-publish","4":"has-post-thumbnail","6":"product_cat-coleccion-pajaros","8":"first","9":"instock","10":"taxable","11":"shipping-taxable","12":"purchasable","13":"product-type-simple","14":"wpzoom-wc-spi-has-enabled"},"_links":{"self":[{"href":"https:\/\/www.plego.art\/es\/wp-json\/wp\/v2\/product\/16771","targetHints":{"allow":["GET"]}}],"collection":[{"href":"https:\/\/www.plego.art\/es\/wp-json\/wp\/v2\/product"}],"about":[{"href":"https:\/\/www.plego.art\/es\/wp-json\/wp\/v2\/types\/product"}],"replies":[{"embeddable":true,"href":"https:\/\/www.plego.art\/es\/wp-json\/wp\/v2\/comments?post=16771"}],"wp:featuredmedia":[{"embeddable":true,"href":"https:\/\/www.plego.art\/es\/wp-json\/wp\/v2\/media\/19177"}],"wp:attachment":[{"href":"https:\/\/www.plego.art\/es\/wp-json\/wp\/v2\/media?parent=16771"}],"wp:term":[{"taxonomy":"product_brand","embeddable":true,"href":"https:\/\/www.plego.art\/es\/wp-json\/wp\/v2\/product_brand?post=16771"},{"taxonomy":"product_cat","embeddable":true,"href":"https:\/\/www.plego.art\/es\/wp-json\/wp\/v2\/product_cat?post=16771"},{"taxonomy":"product_tag","embeddable":true,"href":"https:\/\/www.plego.art\/es\/wp-json\/wp\/v2\/product_tag?post=16771"}],"curies":[{"name":"wp","href":"https:\/\/api.w.org\/{rel}","templated":true}]}}