{"id":16177,"date":"2022-08-02T14:55:03","date_gmt":"2022-08-02T12:55:03","guid":{"rendered":"https:\/\/www.plego.art\/?post_type=product&#038;p=16177"},"modified":"2025-05-11T14:22:26","modified_gmt":"2025-05-11T12:22:26","slug":"anthias-anthias","status":"publish","type":"product","link":"https:\/\/www.plego.art\/es\/tienda\/anthias-anthias\/","title":{"rendered":"Anthias anthias"},"content":{"rendered":"<p>El kit contiene 6 hojas de papel de color de 160 g, una ficha did\u00e1ctica con las principales caracter\u00edsticas del tres colas y unas instrucciones de montaje que van gui\u00e1ndote paso a paso, todo en 8 idiomas diferentes y dentro de una carpeta atractiva y resistente. Para montar esta figura no es necesario usar cola blanca, est\u00e1 dise\u00f1ada con un sistema de encajes para que sea todo m\u00e1s f\u00e1cil y r\u00e1pido. <\/p>\n","protected":false},"excerpt":{"rendered":"<p>El cuerpo estilizado del <strong>tres colas<\/strong> y sus escamas de tres colores le confieren una sensaci\u00f3n de movimiento que lo hace especialmente atractivo. El hecho de que el montaje sea sin cola adhesiva hace que el cuerpo del pez sea ligeramente flexible y articulable. <\/p>\n<p>Esta figura se puede colgar con un anzuelo, incluido en el kit.<\/p>\n","protected":false},"featured_media":16456,"comment_status":"closed","ping_status":"closed","template":"","meta":{"_et_pb_use_builder":"","_et_pb_old_content":"","_et_gb_content_width":"","iawp_total_views":87},"product_brand":[],"product_cat":[125],"product_tag":[],"class_list":{"0":"post-16177","1":"product","2":"type-product","3":"status-publish","4":"has-post-thumbnail","6":"product_cat-coleccion-mar","8":"first","9":"instock","10":"taxable","11":"shipping-taxable","12":"purchasable","13":"product-type-simple","14":"wpzoom-wc-spi-has-enabled"},"_links":{"self":[{"href":"https:\/\/www.plego.art\/es\/wp-json\/wp\/v2\/product\/16177","targetHints":{"allow":["GET"]}}],"collection":[{"href":"https:\/\/www.plego.art\/es\/wp-json\/wp\/v2\/product"}],"about":[{"href":"https:\/\/www.plego.art\/es\/wp-json\/wp\/v2\/types\/product"}],"replies":[{"embeddable":true,"href":"https:\/\/www.plego.art\/es\/wp-json\/wp\/v2\/comments?post=16177"}],"wp:featuredmedia":[{"embeddable":true,"href":"https:\/\/www.plego.art\/es\/wp-json\/wp\/v2\/media\/16456"}],"wp:attachment":[{"href":"https:\/\/www.plego.art\/es\/wp-json\/wp\/v2\/media?parent=16177"}],"wp:term":[{"taxonomy":"product_brand","embeddable":true,"href":"https:\/\/www.plego.art\/es\/wp-json\/wp\/v2\/product_brand?post=16177"},{"taxonomy":"product_cat","embeddable":true,"href":"https:\/\/www.plego.art\/es\/wp-json\/wp\/v2\/product_cat?post=16177"},{"taxonomy":"product_tag","embeddable":true,"href":"https:\/\/www.plego.art\/es\/wp-json\/wp\/v2\/product_tag?post=16177"}],"curies":[{"name":"wp","href":"https:\/\/api.w.org\/{rel}","templated":true}]}}