{"id":14385,"date":"2018-12-03T17:29:35","date_gmt":"2018-12-03T17:29:35","guid":{"rendered":"https:\/\/plego.cat\/?post_type=product&#038;p=14385\/"},"modified":"2025-05-10T20:22:51","modified_gmt":"2025-05-10T18:22:51","slug":"upupa-epops","status":"publish","type":"product","link":"https:\/\/www.plego.art\/es\/tienda\/upupa-epops\/","title":{"rendered":"Upupa Epops"},"content":{"rendered":"<p>El kit contiene 5 papeles de arte de pulpa te\u00f1ida, con un 50 % de algod\u00f3n y resistentes a la luz, una ficha did\u00e1ctica con las principales caracter\u00edsticas de la abubilla y unas instrucciones de montaje, todo en 8 idiomas diferentes. Las piezas vienen precortadas y marcadas para facilitar el plegado y montaje. Todos estos materiales se presentan en una carpeta atractiva y resistente. Es necesaria cola blanca de manualidades para pegar las piezas de la figura.   <\/p>\n","protected":false},"excerpt":{"rendered":"<p>La <strong>abubilla<\/strong> es un p\u00e1jaro de tama\u00f1o mediano, caracterizado por un pico largo y delgado y una cresta naranja con las puntas negras. Llama especialmente la atenci\u00f3n por las alas y la cola rayadas de blanco y negro. Es una figura pensada para colgarla, como un m\u00f3vil.  <\/p>\n<p>Se trata de una figura de nivel intermedio.<\/p>\n","protected":false},"featured_media":19288,"comment_status":"closed","ping_status":"closed","template":"","meta":{"_et_pb_use_builder":"","_et_pb_old_content":"","_et_gb_content_width":"","iawp_total_views":232},"product_brand":[],"product_cat":[127],"product_tag":[],"class_list":{"0":"post-14385","1":"product","2":"type-product","3":"status-publish","4":"has-post-thumbnail","6":"product_cat-coleccion-pajaros","8":"first","9":"instock","10":"taxable","11":"shipping-taxable","12":"purchasable","13":"product-type-simple","14":"wpzoom-wc-spi-has-enabled"},"_links":{"self":[{"href":"https:\/\/www.plego.art\/es\/wp-json\/wp\/v2\/product\/14385","targetHints":{"allow":["GET"]}}],"collection":[{"href":"https:\/\/www.plego.art\/es\/wp-json\/wp\/v2\/product"}],"about":[{"href":"https:\/\/www.plego.art\/es\/wp-json\/wp\/v2\/types\/product"}],"replies":[{"embeddable":true,"href":"https:\/\/www.plego.art\/es\/wp-json\/wp\/v2\/comments?post=14385"}],"wp:featuredmedia":[{"embeddable":true,"href":"https:\/\/www.plego.art\/es\/wp-json\/wp\/v2\/media\/19288"}],"wp:attachment":[{"href":"https:\/\/www.plego.art\/es\/wp-json\/wp\/v2\/media?parent=14385"}],"wp:term":[{"taxonomy":"product_brand","embeddable":true,"href":"https:\/\/www.plego.art\/es\/wp-json\/wp\/v2\/product_brand?post=14385"},{"taxonomy":"product_cat","embeddable":true,"href":"https:\/\/www.plego.art\/es\/wp-json\/wp\/v2\/product_cat?post=14385"},{"taxonomy":"product_tag","embeddable":true,"href":"https:\/\/www.plego.art\/es\/wp-json\/wp\/v2\/product_tag?post=14385"}],"curies":[{"name":"wp","href":"https:\/\/api.w.org\/{rel}","templated":true}]}}