{"id":14262,"date":"2014-06-03T17:18:33","date_gmt":"2014-06-03T17:18:33","guid":{"rendered":"https:\/\/plego.cat\/producte\/product-one\/"},"modified":"2025-05-10T20:39:13","modified_gmt":"2025-05-10T18:39:13","slug":"athene-noctua","status":"publish","type":"product","link":"https:\/\/www.plego.art\/es\/tienda\/athene-noctua\/","title":{"rendered":"Athene Noctua"},"content":{"rendered":"<p>El kit contiene 7 papeles de arte de pulpa te\u00f1ida, con un 50 % de algod\u00f3n y resistentes a la luz, una ficha did\u00e1ctica con las principales caracter\u00edsticas del mochuelo y unas instrucciones de montaje, todo en 8 idiomas diferentes. Las piezas vienen precortadas y marcadas para facilitar el plegado y montaje. Todos estos materiales se presentan en una carpeta atractiva y resistente. Es necesaria cola blanca de manualidades para pegar las piezas de la figura.   <\/p>\n","protected":false},"excerpt":{"rendered":"<p>El <strong>mochuelo<\/strong> es una peque\u00f1a ave rapaz de h\u00e1bitos crepusculares. Sus ojos hundidos y la torsi\u00f3n del cuerpo lo convierten en una figura para manos expertas. \u00a1Todo un reto! El montaje, sin duda, habr\u00e1 merecido el esfuerzo.   <\/p>\n","protected":false},"featured_media":19392,"comment_status":"closed","ping_status":"closed","template":"","meta":{"_et_pb_use_builder":"","_et_pb_old_content":"","_et_gb_content_width":"","iawp_total_views":162},"product_brand":[],"product_cat":[127],"product_tag":[],"class_list":{"0":"post-14262","1":"product","2":"type-product","3":"status-publish","4":"has-post-thumbnail","6":"product_cat-coleccion-pajaros","8":"first","9":"instock","10":"taxable","11":"shipping-taxable","12":"purchasable","13":"product-type-simple","14":"wpzoom-wc-spi-has-enabled"},"_links":{"self":[{"href":"https:\/\/www.plego.art\/es\/wp-json\/wp\/v2\/product\/14262","targetHints":{"allow":["GET"]}}],"collection":[{"href":"https:\/\/www.plego.art\/es\/wp-json\/wp\/v2\/product"}],"about":[{"href":"https:\/\/www.plego.art\/es\/wp-json\/wp\/v2\/types\/product"}],"replies":[{"embeddable":true,"href":"https:\/\/www.plego.art\/es\/wp-json\/wp\/v2\/comments?post=14262"}],"wp:featuredmedia":[{"embeddable":true,"href":"https:\/\/www.plego.art\/es\/wp-json\/wp\/v2\/media\/19392"}],"wp:attachment":[{"href":"https:\/\/www.plego.art\/es\/wp-json\/wp\/v2\/media?parent=14262"}],"wp:term":[{"taxonomy":"product_brand","embeddable":true,"href":"https:\/\/www.plego.art\/es\/wp-json\/wp\/v2\/product_brand?post=14262"},{"taxonomy":"product_cat","embeddable":true,"href":"https:\/\/www.plego.art\/es\/wp-json\/wp\/v2\/product_cat?post=14262"},{"taxonomy":"product_tag","embeddable":true,"href":"https:\/\/www.plego.art\/es\/wp-json\/wp\/v2\/product_tag?post=14262"}],"curies":[{"name":"wp","href":"https:\/\/api.w.org\/{rel}","templated":true}]}}