{"id":14250,"date":"2014-06-03T17:23:08","date_gmt":"2014-06-03T17:23:08","guid":{"rendered":"https:\/\/plego.cat\/producte\/product-five\/"},"modified":"2026-03-30T10:16:43","modified_gmt":"2026-03-30T08:16:43","slug":"parus-major","status":"publish","type":"product","link":"https:\/\/www.plego.art\/es\/tienda\/parus-major\/","title":{"rendered":"Parus Major"},"content":{"rendered":"<p>El kit contiene 5 papeles de arte de pulpa te\u00f1ida, con un 50 % de algod\u00f3n y resistentes a la luz, una ficha did\u00e1ctica con las principales caracter\u00edsticas del carbonero y unas instrucciones de montaje, todo en 8 idiomas diferentes. Las piezas vienen precortadas y marcadas para facilitar el plegado y montaje. Todos estos materiales se presentan en una carpeta atractiva y resistente. Es necesaria cola blanca de manualidades para pegar las piezas de la figura.   <\/p>\n","protected":false},"excerpt":{"rendered":"<p>El <strong>carbonero<\/strong>, con su caracter\u00edstica corbata negra sobre el pecho amarillo, es un p\u00e1jaro f\u00e1cil de ver en las cajas nido de los jardines y parques de nuestras ciudades. Una vez plegadas y pegadas todas las piezas, tendr\u00e1s un p\u00e1jaro vistoso y lleno de colorido. Es uno de los favoritos de toda la colecci\u00f3n.  <\/p>\n","protected":false},"featured_media":19327,"comment_status":"closed","ping_status":"closed","template":"","meta":{"_et_pb_use_builder":"","_et_pb_old_content":"","_et_gb_content_width":"","iawp_total_views":278},"product_brand":[],"product_cat":[127],"product_tag":[],"class_list":{"0":"post-14250","1":"product","2":"type-product","3":"status-publish","4":"has-post-thumbnail","6":"product_cat-coleccion-pajaros","8":"first","9":"instock","10":"taxable","11":"shipping-taxable","12":"purchasable","13":"product-type-simple","14":"wpzoom-wc-spi-has-enabled"},"_links":{"self":[{"href":"https:\/\/www.plego.art\/es\/wp-json\/wp\/v2\/product\/14250","targetHints":{"allow":["GET"]}}],"collection":[{"href":"https:\/\/www.plego.art\/es\/wp-json\/wp\/v2\/product"}],"about":[{"href":"https:\/\/www.plego.art\/es\/wp-json\/wp\/v2\/types\/product"}],"replies":[{"embeddable":true,"href":"https:\/\/www.plego.art\/es\/wp-json\/wp\/v2\/comments?post=14250"}],"wp:featuredmedia":[{"embeddable":true,"href":"https:\/\/www.plego.art\/es\/wp-json\/wp\/v2\/media\/19327"}],"wp:attachment":[{"href":"https:\/\/www.plego.art\/es\/wp-json\/wp\/v2\/media?parent=14250"}],"wp:term":[{"taxonomy":"product_brand","embeddable":true,"href":"https:\/\/www.plego.art\/es\/wp-json\/wp\/v2\/product_brand?post=14250"},{"taxonomy":"product_cat","embeddable":true,"href":"https:\/\/www.plego.art\/es\/wp-json\/wp\/v2\/product_cat?post=14250"},{"taxonomy":"product_tag","embeddable":true,"href":"https:\/\/www.plego.art\/es\/wp-json\/wp\/v2\/product_tag?post=14250"}],"curies":[{"name":"wp","href":"https:\/\/api.w.org\/{rel}","templated":true}]}}