{"id":20935,"date":"2024-08-29T15:34:30","date_gmt":"2024-08-29T13:34:30","guid":{"rendered":"https:\/\/www.plego.art\/terminos-y-condiciones\/"},"modified":"2025-06-24T13:18:24","modified_gmt":"2025-06-24T11:18:24","slug":"terminos-y-condiciones","status":"publish","type":"page","link":"https:\/\/www.plego.art\/es\/terminos-y-condiciones\/","title":{"rendered":"T\u00e9rminos y condiciones"},"content":{"rendered":"<p>[et_pb_section fb_built=&#8221;1&#8243; admin_label=&#8221;Termes B2B&#8221; _builder_version=&#8221;4.27.0&#8243; _module_preset=&#8221;default&#8221; background_color=&#8221;RGBA(255,255,255,0)&#8221; display_conditions=&#8221;W3siaWQiOiJhMGNlZjA5ZS1kZDI4LTRkMTAtYmVlNC1jYzcwMmM1N2JhNDMiLCJjb25kaXRpb24iOiJ1c2VyUm9sZSIsImNvbmRpdGlvblNldHRpbmdzIjp7ImRpc3BsYXlSdWxlIjoiaXMiLCJ1c2VyUm9sZXMiOlt7ImxhYmVsIjoiQ2xpZW50IEIyQiIsInZhbHVlIjoiY3VzdG9tZXJfYjJiIn1dLCJ1c2VySWRzIjoiVXNlciBJRHMgc2VwYXJhdGVkIGJ5IGNvbW1hcyIsImFkbWluTGFiZWwiOiJVc2VyIFJvbGUiLCJlbmFibGVDb25kaXRpb24iOiJvbiJ9LCJvcGVyYXRvciI6Ik9SIn1d&#8221; custom_padding=&#8221;|||6px||&#8221; border_width_bottom=&#8221;2px&#8221; border_color_bottom=&#8221;#4DDCA8&#8243; collapsed=&#8221;on&#8221; global_colors_info=&#8221;{}&#8221; theme_builder_area=&#8221;post_content&#8221;][et_pb_row column_structure=&#8221;3_4,1_4&#8243; _builder_version=&#8221;4.23.2&#8243; _module_preset=&#8221;default&#8221; global_colors_info=&#8221;{}&#8221; theme_builder_area=&#8221;post_content&#8221;][et_pb_column type=&#8221;3_4&#8243; _builder_version=&#8221;4.22.2&#8243; _module_preset=&#8221;default&#8221; global_colors_info=&#8221;{}&#8221; theme_builder_area=&#8221;post_content&#8221;][et_pb_text _builder_version=&#8221;4.27.0&#8243; _module_preset=&#8221;default&#8221; header_4_font=&#8221;||||||||&#8221; header_4_text_color=&#8221;#52CEBE&#8221; header_4_font_size=&#8221;1.8rem&#8221; custom_margin=&#8221;||10px||false|false&#8221; custom_padding=&#8221;||||false|false&#8221; global_colors_info=&#8221;{}&#8221; theme_builder_area=&#8221;post_content&#8221;]<\/p>\n<h4>Informaci\u00f3n B2B<\/h4>\n<h5>Condiciones generales:<\/h5>\n<p>[\/et_pb_text][et_pb_text _builder_version=&#8221;4.27.0&#8243; _module_preset=&#8221;2bf59a57-abaa-4d27-b958-72d8e1942f04&#8243; text_font_size=&#8221;1.1rem&#8221; text_line_height=&#8221;1.5rem&#8221; global_colors_info=&#8221;{}&#8221; theme_builder_area=&#8221;post_content&#8221;]<\/p>\n\n<p>[\/et_pb_text][et_pb_toggle title=&#8221;B2B Info: Informaci\u00f3n de envios&#8221; module_id=&#8221;desplegable-termes-enviaments&#8221; _builder_version=&#8221;4.27.0&#8243; _module_preset=&#8221;baacd325-0f08-4a9e-bf98-b982f09d27cd&#8221; custom_padding=&#8221;30px|4px|20px|0px|false|false&#8221; global_colors_info=&#8221;{}&#8221; theme_builder_area=&#8221;post_content&#8221;]<\/p>\n<p>El env\u00edo se procesa al siguiente d\u00eda laborable despu\u00e9s de recibir el pedido. El pedido m\u00ednimo es de 200\u20ac:<\/p>\n<ul>\n<li>Espa\u00f1a (pen\u00ednsula): el tiempo de tr\u00e1nsito es de entre 24-48 horas, considerando que son d\u00edas laborables. Para pedidos superiores a 200\u20ac, el env\u00edo es gratuito. <\/li>\n<li>Baleares: el tiempo de tr\u00e1nsito es de entre 4 y 6 d\u00edas. Para pedidos inferiores a 250\u20ac, los gastos de env\u00edo son de 6\u20ac. Para pedidos superiores a 250\u20ac, el env\u00edo es gratuito.  <\/li>\n<li>Pa\u00edses de la UE: el tiempo de tr\u00e1nsito es de entre 3 y 7 d\u00edas laborables. Para pedidos inferiores a 300\u20ac, los gastos de env\u00edo son de 17\u20ac. Para pedidos superiores a 300\u20ac, el env\u00edo es gratuito.  <\/li>\n<\/ul>\n<p>Para env\u00edos a cualquier otra destinaci\u00f3n, p\u00f3ngase en contacto con nosotros en <a href=\"mailto:sales@plego.art\">sales@plego.art<\/a>.<\/p>\n<p>[\/et_pb_toggle][et_pb_toggle title=&#8221;B2B Info: Cambios y devoluciones&#8221; module_id=&#8221;desplegable-termes-canvis&#8221; _builder_version=&#8221;4.27.0&#8243; _module_preset=&#8221;baacd325-0f08-4a9e-bf98-b982f09d27cd&#8221; custom_padding=&#8221;30px|4px|20px|0px|false|false&#8221; global_colors_info=&#8221;{}&#8221; theme_builder_area=&#8221;post_content&#8221;]<\/p>\n<ul>\n<li>Si el producto que has recibido est\u00e1 defectuoso o da\u00f1ado, por favor notif\u00edcanoslo dentro de los 2 d\u00edas posteriores a la recepci\u00f3n del pedido. Procederemos a la sustituci\u00f3n del producto lo antes posible. Contacta con nosotros en <a href=\"mailto:sales@plego.art\">sales@plego.art<\/a> y lo gestionaremos.  <\/li>\n<\/ul>\n<ul>\n<li>Si el error ha sido nuestro y has recibido un producto incorrecto, procederemos al cambio del producto incorrecto por el correcto lo antes posible. Contacta con nosotros en <a href=\"mailto:sales@plego.art\">sales@plego.art<\/a> y lo gestionaremos. <\/li>\n<\/ul>\n<p>[\/et_pb_toggle][et_pb_toggle title=&#8221;B2B Info: \u00bfQu\u00e9 formas de pago aceptamos?&#8221; module_id=&#8221;desplegable-termes-pagaments&#8221; _builder_version=&#8221;4.27.0&#8243; _module_preset=&#8221;baacd325-0f08-4a9e-bf98-b982f09d27cd&#8221; global_colors_info=&#8221;{}&#8221; theme_builder_area=&#8221;post_content&#8221;]<\/p>\n<p>En Plego ofrecemos diferentes opciones de pago para facilitar tus transacciones y adaptarnos a tus necesidades comerciales. A continuaci\u00f3n, detallamos nuestras formas de pago disponibles para clientes B2B. <\/p>\n<ul>\n<li style=\"list-style-type: none;\">\n<ul>\n<li><strong>Transferencia bancaria:<\/strong> es una de las opciones m\u00e1s seguras y r\u00e1pidas para realizar tu pago. Los datos bancarios los encontrar\u00e1s en la factura correspondiente. Aseg\u00farate de incluir\/indicar el n\u00famero de factura como referencia en la transferencia.  <\/li>\n<li><strong>Domiciliaci\u00f3n bancaria\/SEPA:<\/strong> ofrecemos la opci\u00f3n de domiciliaci\u00f3n bancaria para clientes que prefieran este m\u00e9todo de pago. Esta opci\u00f3n permite la automatizaci\u00f3n de pagos en una fecha concreta, facilitando la gesti\u00f3n de las transacciones. Para configurar la domiciliaci\u00f3n bancaria, completa el formulario de autorizaci\u00f3n (faltante) y env\u00edalo a <a href=\"mailto:sales@plego.art\">sales@plego.art<\/a>.  <\/li>\n<\/ul>\n<\/li>\n<\/ul>\n<p>[\/et_pb_toggle][\/et_pb_column][et_pb_column type=&#8221;1_4&#8243; _builder_version=&#8221;4.23.2&#8243; _module_preset=&#8221;default&#8221; sticky_position=&#8221;top&#8221; sticky_offset_top=&#8221;15px&#8221; sticky_limit_bottom=&#8221;row&#8221; sticky_position_tablet=&#8221;none&#8221; sticky_position_phone=&#8221;none&#8221; sticky_position_last_edited=&#8221;on|desktop&#8221; global_colors_info=&#8221;{}&#8221; theme_builder_area=&#8221;post_content&#8221;][et_pb_text _builder_version=&#8221;4.23.2&#8243; _module_preset=&#8221;2bf59a57-abaa-4d27-b958-72d8e1942f04&#8243; custom_margin=&#8221;||1rem||false|false&#8221; locked=&#8221;off&#8221; global_colors_info=&#8221;{}&#8221; theme_builder_area=&#8221;post_content&#8221;]<\/p>\n<h4><strong>Contacto B2B<br \/><\/strong><\/h4>\n<p>Correo de atenci\u00f3n al cliente B2B: <a href=\"mailto:sales@plego.art\" title=\"sales@plego.art\">sales@plego.art<\/a><\/p>\n<p>[\/et_pb_text][\/et_pb_column][\/et_pb_row][\/et_pb_section][et_pb_section fb_built=&#8221;1&#8243; admin_label=&#8221;Termes generals&#8221; _builder_version=&#8221;4.23.2&#8243; _module_preset=&#8221;default&#8221; background_color=&#8221;RGBA(255,255,255,0)&#8221; collapsed=&#8221;off&#8221; global_colors_info=&#8221;{}&#8221; theme_builder_area=&#8221;post_content&#8221;][et_pb_row column_structure=&#8221;3_4,1_4&#8243; _builder_version=&#8221;4.27.0&#8243; _module_preset=&#8221;default&#8221; display_conditions=&#8221;W3siaWQiOiI4ZWU3NDIxMS02YTU3LTRlMjYtODRiZi0yYzUxOGIyZGJkYzEiLCJjb25kaXRpb24iOiJ1c2VyUm9sZSIsImNvbmRpdGlvblNldHRpbmdzIjp7ImRpc3BsYXlSdWxlIjoiaXNOb3QiLCJ1c2VyUm9sZXMiOlt7ImxhYmVsIjoiQ2xpZW50IEIyQiIsInZhbHVlIjoiY3VzdG9tZXJfYjJiIn1dLCJ1c2VySWRzIjoiVXNlciBJRHMgc2VwYXJhdGVkIGJ5IGNvbW1hcyIsImFkbWluTGFiZWwiOiJVc2VyIFJvbGUiLCJlbmFibGVDb25kaXRpb24iOiJvbiJ9LCJvcGVyYXRvciI6Ik9SIn1d&#8221; custom_padding=&#8221;18px|||||&#8221; global_colors_info=&#8221;{}&#8221; theme_builder_area=&#8221;post_content&#8221;][et_pb_column type=&#8221;3_4&#8243; _builder_version=&#8221;4.22.2&#8243; _module_preset=&#8221;default&#8221; global_colors_info=&#8221;{}&#8221; theme_builder_area=&#8221;post_content&#8221;][et_pb_toggle title=&#8221;Informaci\u00f3n de envios&#8221; module_id=&#8221;desplegable-termes-enviaments&#8221; _builder_version=&#8221;4.27.4&#8243; _module_preset=&#8221;baacd325-0f08-4a9e-bf98-b982f09d27cd&#8221; hover_enabled=&#8221;0&#8243; global_colors_info=&#8221;{}&#8221; theme_builder_area=&#8221;post_content&#8221; sticky_enabled=&#8221;0&#8243;]<\/p>\n<p>El env\u00edo se procesa al siguiente d\u00eda laborable despu\u00e9s de recibir el pedido.<\/p>\n<ul>\n<li>Espa\u00f1a (pen\u00ednsula): el tiempo de tr\u00e1nsito es de entre 24-48 horas, considerando que son d\u00edas laborables. Para pedidos inferiores a 50\u20ac, los gastos de env\u00edo son de 3,9\u20ac. Para pedidos superiores a 50\u20ac, el env\u00edo es gratuito.  <\/li>\n<li>Baleares: el tiempo de tr\u00e1nsito es de entre 4 y 6 d\u00edas, considerando que son d\u00edas laborables. Para pedidos inferiores a 100\u20ac, los gastos de env\u00edo son de 4,9\u20ac. Para pedidos superiores a 100\u20ac, el env\u00edo es gratuito.  <\/li>\n<li>UE: el tiempo de tr\u00e1nsito es de entre 3 y 7 d\u00edas, considerando que son d\u00edas laborables. Para pedidos inferiores a 100\u20ac, los gastos de env\u00edo son de 12\u20ac. Para pedidos superiores a 100\u20ac, el env\u00edo es gratuito.  <\/li>\n<\/ul>\n<p>Para env\u00edos a cualquier otra destinaci\u00f3n, p\u00f3ngase en contacto con nosotros en <a href=\"mailto:sales@plego.art\">sales@plego.art<\/a><\/p>\n<p>[\/et_pb_toggle][et_pb_toggle title=&#8221;Cambios y devoluciones&#8221; module_id=&#8221;desplegable-termes-canvis&#8221; _builder_version=&#8221;4.27.4&#8243; _module_preset=&#8221;baacd325-0f08-4a9e-bf98-b982f09d27cd&#8221; hover_enabled=&#8221;0&#8243; global_colors_info=&#8221;{}&#8221; theme_builder_area=&#8221;post_content&#8221; sticky_enabled=&#8221;0&#8243;]Puedes devolver cualquier art\u00edculo comprado en Plego dentro de los 7 d\u00edas naturales a partir de la fecha de recepci\u00f3n. Para aceptar la devoluci\u00f3n, el art\u00edculo debe estar en perfecto estado y mantener el etiquetado original y el embalaje. Debes adjuntar una copia de la factura o del recibo de entrega del producto devuelto, indicando el motivo de la devoluci\u00f3n. Antes de realizar una devoluci\u00f3n, env\u00eda un correo electr\u00f3nico a <a href=\"mailto:sales@plego.art\">sales@plego.art<\/a> explicando el motivo de la devoluci\u00f3n o cambio.   <\/p>\n<p>Los gastos de env\u00edo de la devoluci\u00f3n correr\u00e1n a tu cargo, salvo que se trate de un cambio o de una devoluci\u00f3n por un error nuestro. En este caso, Plego asumir\u00e1 los gastos de env\u00edo. Es muy importante que protejas bien el paquete para que el art\u00edculo que deseas devolver o cambiar no se da\u00f1e. Una vez recibamos el paquete y verifiquemos que todo est\u00e1 en orden, te enviaremos un correo electr\u00f3nico de confirmaci\u00f3n y reembolsaremos inmediatamente el importe del pedido o cambiaremos el producto, si es el caso.[\/et_pb_toggle][et_pb_toggle title=&#8221;\u00bfQu\u00e9 formas de pago aceptamos?&#8221; title_last_edited=&#8221;off|desktop&#8221; module_id=&#8221;desplegable-termes-pagament&#8221; _builder_version=&#8221;4.27.0&#8243; _module_preset=&#8221;baacd325-0f08-4a9e-bf98-b982f09d27cd&#8221; global_colors_info=&#8221;{}&#8221; title__hover_enabled=&#8221;off|desktop&#8221; theme_builder_area=&#8221;post_content&#8221;]<\/p>\n<p><strong>Tarjeta de cr\u00e9dito o d\u00e9bito<\/strong> (Visa, MasterCard, Visa Electron).<br \/>Esta es una modalidad muy segura, en la que tus datos bancarios est\u00e1n protegidos contra el acceso no autorizado durante la transacci\u00f3n.<\/p>\n<p><strong>PayPal<\/strong><br \/>Realiza tu pago con total seguridad desde tu cuenta de PayPal.<\/p>\n<p>[\/et_pb_toggle][\/et_pb_column][et_pb_column type=&#8221;1_4&#8243; _builder_version=&#8221;4.23.2&#8243; _module_preset=&#8221;default&#8221; sticky_position=&#8221;top&#8221; sticky_offset_top=&#8221;15px&#8221; sticky_limit_bottom=&#8221;section&#8221; sticky_position_tablet=&#8221;none&#8221; sticky_position_phone=&#8221;none&#8221; sticky_position_last_edited=&#8221;on|desktop&#8221; global_colors_info=&#8221;{}&#8221; theme_builder_area=&#8221;post_content&#8221;][et_pb_text _builder_version=&#8221;4.23.2&#8243; _module_preset=&#8221;2bf59a57-abaa-4d27-b958-72d8e1942f04&#8243; custom_margin=&#8221;||1rem||false|false&#8221; global_colors_info=&#8221;{}&#8221; theme_builder_area=&#8221;post_content&#8221;]<\/p>\n<h3><strong>Datos de contacto<\/strong><\/h3>\n<p>Correu de atenci\u00f3n al cliente: <a href=\"mailto:info@plego.art\" title=\"info@plego.art\">info@plego.art<\/a><\/p>\n<p>[\/et_pb_text][et_pb_button button_url=&#8221;@ET-DC@eyJkeW5hbWljIjp0cnVlLCJjb250ZW50IjoicG9zdF9saW5rX3VybF9wYWdlIiwic2V0dGluZ3MiOnsicG9zdF9pZCI6IjEzMDczIiwiZW5hYmxlX2h0bWwiOiJvZmYifX0=@&#8221; button_text=&#8221;Contacto&#8221; _builder_version=&#8221;4.23.2&#8243; _dynamic_attributes=&#8221;button_url&#8221; _module_preset=&#8221;default&#8221; button_border_width=&#8221;0px&#8221; global_colors_info=&#8221;{%22gcid-3c5f6e93-bb73-4970-84cf-ac9a2ceea141%22:%91%22button_bg_color%22,%22button_border_color%22%93}&#8221; button_bg_color__hover_enabled=&#8221;on|hover&#8221; button_bg_color__hover=&#8221;#FF6666&#8243; button_bg_enable_color__hover=&#8221;on&#8221; theme_builder_area=&#8221;post_content&#8221;][\/et_pb_button][\/et_pb_column][\/et_pb_row][et_pb_row column_structure=&#8221;3_4,1_4&#8243; admin_label=&#8221;Row FAQS&#8221; _builder_version=&#8221;4.23.2&#8243; _module_preset=&#8221;default&#8221; global_colors_info=&#8221;{}&#8221; theme_builder_area=&#8221;post_content&#8221;][et_pb_column type=&#8221;3_4&#8243; _builder_version=&#8221;4.22.2&#8243; _module_preset=&#8221;default&#8221; global_colors_info=&#8221;{}&#8221; theme_builder_area=&#8221;post_content&#8221;][et_pb_text admin_label=&#8221;Text&#8221; _builder_version=&#8221;4.23.2&#8243; _module_preset=&#8221;default&#8221; header_4_font=&#8221;||||||||&#8221; header_4_text_color=&#8221;#52CEBE&#8221; header_4_font_size=&#8221;1.8rem&#8221; custom_margin=&#8221;||0px||false|false&#8221; custom_padding=&#8221;||||false|false&#8221; global_colors_info=&#8221;{}&#8221; theme_builder_area=&#8221;post_content&#8221;]<\/p>\n<h4>FAQ&#8217;s<\/h4>\n<p>[\/et_pb_text][et_pb_toggle title=&#8221;\u00bfSe puede pagar por transferencia bancaria?&#8221; _builder_version=&#8221;4.23.2&#8243; _module_preset=&#8221;baacd325-0f08-4a9e-bf98-b982f09d27cd&#8221; global_colors_info=&#8221;{}&#8221; theme_builder_area=&#8221;post_content&#8221;]<\/p>\n<p>Env\u00edanos un mensaje a <a href=\"mailto:sales@plego.art\" title=\"sales@plego.art\">sales@plego.art<\/a> y te proporcionaremos el n\u00famero de cuenta para realizar el dep\u00f3sito y un n\u00famero de pedido que debes incluir en el concepto, junto con tu nombre. El env\u00edo se realizar\u00e1 cuando recibamos la prueba de pago. <\/p>\n<p>[\/et_pb_toggle][et_pb_toggle title=&#8221;\u00bfEs seguro comprar en Plego.art?&#8221; _builder_version=&#8221;4.23.2&#8243; _module_preset=&#8221;baacd325-0f08-4a9e-bf98-b982f09d27cd&#8221; global_colors_info=&#8221;{}&#8221; theme_builder_area=&#8221;post_content&#8221;]<\/p>\n<p>Las compras que realices en nuestro sitio web son totalmente seguras: tus datos personales y bancarios est\u00e1n protegidos y no son accesibles para personas no autorizadas en ning\u00fan momento durante el proceso.<\/p>\n<p>[\/et_pb_toggle][et_pb_toggle title=&#8221;\u00bfPuedo cancelar la compra una vez realizado el pago?&#8221; _builder_version=&#8221;4.23.2&#8243; _module_preset=&#8221;baacd325-0f08-4a9e-bf98-b982f09d27cd&#8221; global_colors_info=&#8221;{}&#8221; theme_builder_area=&#8221;post_content&#8221;]<\/p>\n<p>S\u00ed. Para cancelar un pedido, debes ponerte en contacto con nosotros de inmediato a <a href=\"mailto:sales@plego.art\" title=\"sales@plego.art\">sales@plego.art<\/a>. Si la cancelaci\u00f3n se realiza antes del env\u00edo del pedido, reembolsaremos el importe tanto del producto como del env\u00edo. Si la cancelaci\u00f3n ocurre despu\u00e9s del env\u00edo del pedido, debe gestionarse como una devoluci\u00f3n.   <\/p>\n<p>[\/et_pb_toggle][et_pb_toggle title=&#8221;\u00bfQue pasa si el pedido llega en mal estado?&#8221; _builder_version=&#8221;4.23.2&#8243; _module_preset=&#8221;baacd325-0f08-4a9e-bf98-b982f09d27cd&#8221; custom_padding=&#8221;30px|3px|20px|0px|false|false&#8221; global_colors_info=&#8221;{}&#8221; theme_builder_area=&#8221;post_content&#8221;]<\/p>\n<p>Todos los art\u00edculos se revisan cuidadosamente antes de ser enviados. Sin embargo, si un art\u00edculo llega en mal estado, contacta de inmediato con <a href=\"mailto:sales@plego.art\" title=\"sales@plego.art\">sales@plego.art<\/a> y buscaremos una soluci\u00f3n. <\/p>\n<p>[\/et_pb_toggle][et_pb_toggle title=&#8221;\u00bfPuedo recibir un pedido a una direcci\u00f3n distinta de la de facturaci\u00f3n?&#8221; _builder_version=&#8221;4.23.2&#8243; _module_preset=&#8221;baacd325-0f08-4a9e-bf98-b982f09d27cd&#8221; global_colors_info=&#8221;{}&#8221; theme_builder_area=&#8221;post_content&#8221;]<\/p>\n<p>S\u00ed, en el formulario que debes completar para hacer el pedido, hay una opci\u00f3n para incluir una direcci\u00f3n de entrega diferente de la direcci\u00f3n de facturaci\u00f3n.<\/p>\n<p>[\/et_pb_toggle][\/et_pb_column][et_pb_column type=&#8221;1_4&#8243; _builder_version=&#8221;4.23.2&#8243; _module_preset=&#8221;default&#8221; sticky_position=&#8221;top&#8221; sticky_offset_top=&#8221;15px&#8221; sticky_limit_bottom=&#8221;row&#8221; sticky_position_tablet=&#8221;none&#8221; sticky_position_phone=&#8221;none&#8221; sticky_position_last_edited=&#8221;on|desktop&#8221; global_colors_info=&#8221;{}&#8221; theme_builder_area=&#8221;post_content&#8221;][\/et_pb_column][\/et_pb_row][\/et_pb_section]<\/p>\n","protected":false},"excerpt":{"rendered":"<p>Informaci\u00f3n de contacto, env\u00edos, cambios y devoluciones.<\/p>\n","protected":false},"author":1,"featured_media":17085,"parent":0,"menu_order":55,"comment_status":"closed","ping_status":"closed","template":"","meta":{"_et_pb_use_builder":"on","_et_pb_old_content":"","_et_gb_content_width":"","iawp_total_views":62,"footnotes":""},"class_list":["post-20935","page","type-page","status-publish","has-post-thumbnail","hentry"],"_links":{"self":[{"href":"https:\/\/www.plego.art\/es\/wp-json\/wp\/v2\/pages\/20935","targetHints":{"allow":["GET"]}}],"collection":[{"href":"https:\/\/www.plego.art\/es\/wp-json\/wp\/v2\/pages"}],"about":[{"href":"https:\/\/www.plego.art\/es\/wp-json\/wp\/v2\/types\/page"}],"author":[{"embeddable":true,"href":"https:\/\/www.plego.art\/es\/wp-json\/wp\/v2\/users\/1"}],"replies":[{"embeddable":true,"href":"https:\/\/www.plego.art\/es\/wp-json\/wp\/v2\/comments?post=20935"}],"version-history":[{"count":0,"href":"https:\/\/www.plego.art\/es\/wp-json\/wp\/v2\/pages\/20935\/revisions"}],"wp:featuredmedia":[{"embeddable":true,"href":"https:\/\/www.plego.art\/es\/wp-json\/wp\/v2\/media\/17085"}],"wp:attachment":[{"href":"https:\/\/www.plego.art\/es\/wp-json\/wp\/v2\/media?parent=20935"}],"curies":[{"name":"wp","href":"https:\/\/api.w.org\/{rel}","templated":true}]}}