{"id":14276,"date":"2014-08-13T03:42:15","date_gmt":"2014-08-13T03:42:15","guid":{"rendered":"https:\/\/plego.cat\/avislegal\/"},"modified":"2025-06-25T09:43:47","modified_gmt":"2025-06-25T07:43:47","slug":"aviso-legal","status":"publish","type":"page","link":"https:\/\/www.plego.art\/es\/aviso-legal\/","title":{"rendered":"Aviso Legal"},"content":{"rendered":"<p>[et_pb_section fb_built=&#8221;1&#8243; admin_label=&#8221;section&#8221; _builder_version=&#8221;4.23.2&#8243; background_color=&#8221;gcid-1b00c915-a7f2-4a48-a798-c1d71a4961ff&#8221; global_colors_info=&#8221;{%22gcid-1b00c915-a7f2-4a48-a798-c1d71a4961ff%22:%91%22background_color%22%93}&#8221;][et_pb_row column_structure=&#8221;3_4,1_4&#8243; _builder_version=&#8221;4.23.2&#8243; _module_preset=&#8221;default&#8221; max_width=&#8221;1300px&#8221; module_alignment=&#8221;center&#8221; global_colors_info=&#8221;{}&#8221;][et_pb_column type=&#8221;3_4&#8243; _builder_version=&#8221;4.22.2&#8243; _module_preset=&#8221;default&#8221; global_colors_info=&#8221;{}&#8221;][et_pb_toggle title=&#8221;Aviso legal&#8221; _builder_version=&#8221;4.23.2&#8243; _module_preset=&#8221;baacd325-0f08-4a9e-bf98-b982f09d27cd&#8221; title_font=&#8221;|700|||||||&#8221; title_font_size=&#8221;1.8rem&#8221; title_line_height=&#8221;2rem&#8221; global_colors_info=&#8221;{}&#8221;]<\/p>\n<h4><strong>Informaci\u00f3n general<\/strong><\/h4>\n<p>Las condiciones siguientes regulan la informaci\u00f3n y el uso permitido del sitio web con URL https:\/\/www.plego.art\/ (en adelante \u201cel Web\u201d), que PLEGO, S.C.P., en adelante LA SOCIEDAD, con domicilio social en calle Cap de Creus, 4, 3-3 CP: 17005 Girona, Girona con CIF J0679578, de acuerdo con la Ley 34\/2002, de 11 de julio, de Servicios de la Sociedad de la Informaci\u00f3n y de Comercio Electr\u00f3nico, pone a disposici\u00f3n de los usuarios de Internet. El Web ha sido creado y dise\u00f1ado con la finalidad de dar a conocer toda la informaci\u00f3n y noticias relativas a los productos que distribuye esta SOCIEDAD. <\/p>\n<h4><strong>Condiciones generales<\/strong><\/h4>\n<p>Estas condiciones generales tienen por objeto regular el acceso y la utilizaci\u00f3n del Web que la SOCIEDAD pone gratuitamente a la disposici\u00f3n general de los usuarios de Internet, excepto en lo relativo al costo de la conexi\u00f3n a trav\u00e9s de la red de telecomunicaciones suministrada por el proveedor de acceso contratado por el usuario de Internet. El acceso al Web y la navegaci\u00f3n por el mismo implica la aceptaci\u00f3n, sin reservas, de todas las condiciones incluidas en este documento. <\/p>\n<h4><strong>Condiciones de uso<\/strong><\/h4>\n<p>El usuario de Internet se obliga a hacer un uso correcto del Web de conformidad con la legislaci\u00f3n espa\u00f1ola y europea vigente y con las condiciones incluidas en este documento. El usuario de Internet responder\u00e1 ante la SOCIEDAD o ante terceros, por cualquier da\u00f1o y\/o perjuicio que pudiera causarse como consecuencia del incumplimiento de estas obligaciones. Queda expresamente prohibido el uso del Web con fines lesivos de bienes o intereses de la SOCIEDAD o de terceros o que de cualquier otra forma sobrecarguen, da\u00f1en o inutilicen las redes, servidores y otros equipos inform\u00e1ticos (hardware) o productos y aplicaciones inform\u00e1ticas (software) de la SOCIEDAD o de terceros. La SOCIEDAD se reserva la facultad de efectuar, en cualquier momento y sin necesidad de previo aviso, modificaciones y actualizaciones de la informaci\u00f3n contenida en el Web, de la configuraci\u00f3n y presentaci\u00f3n del mismo y de las Condiciones de uso. La prestaci\u00f3n del servicio del Web tiene una duraci\u00f3n limitada al momento en el cual el usuario de Internet se encuentre conectado al mismo o a alguno de los servicios que a trav\u00e9s de este se faciliten. Por ello se recomienda que los usuarios de Internet lean atenta y detenidamente estas Condiciones de uso en cada una de las ocasiones en que se propongan entrar y hacer uso del Web, ya que estas pueden estar sujetas a modificaciones. La SOCIEDAD no garantiza la inexistencia de interrupciones o errores en el acceso al Web o a su contenido, ni que este se encuentre actualizado. La SOCIEDAD llevar\u00e1 a cabo, siempre que no implique causas que lo hagan imposible o de dif\u00edcil ejecuci\u00f3n, y tan pronto tenga conocimiento de los errores, desconexiones o falta de actualizaci\u00f3n en los contenidos, todas aquellas tareas necesarias para resolver los errores, restablecer la comunicaci\u00f3n y actualizar los contenidos. Tanto el acceso al Web como el uso no autorizado que pudiera efectuarse de la informaci\u00f3n contenida en el mismo es responsabilidad exclusiva de quien lo realiza. La SOCIEDAD no responder\u00e1 de ninguna consecuencia, da\u00f1o o perjuicio que pudieran derivarse de este acceso o uso. La SOCIEDAD no se hace responsable de los errores de seguridad que puedan producirse ni de los da\u00f1os que puedan producirse en el sistema inform\u00e1tico del usuario de Internet (hardware y software), o en los archivos o documentos almacenados en el mismo, como consecuencia: de la presencia de un software malicioso en el ordenador del usuario de Internet que sea utilizado para la conexi\u00f3n a los contenidos del Web, de un mal funcionamiento del navegador o del uso de versiones no actualizadas del navegador. La SOCIEDAD no asume ninguna responsabilidad derivada de los contenidos enlazados desde el Web, siempre que sean ajenos al mismo, ni garantiza la ausencia de software malicioso u otros elementos en los mismos que puedan producir alteraciones en el sistema inform\u00e1tico (hardware y software), en los documentos o en los archivos del usuario de Internet, excluyendo cualquier responsabilidad por los da\u00f1os de cualquier tipo causados por este motivo. Si cualquier usuario de Internet considerara que el contenido o los servicios prestados por los sitios web enlazados son il\u00edcitos o lesionan bienes o derechos del propio usuario de Internet o de un tercero susceptibles de indemnizaci\u00f3n y que en particular, consisten en: \u00b7 actividades o contenidos que violen derechos de propiedad intelectual o industrial, \u00b7 actividades o contenidos que pongan en peligro la protecci\u00f3n de la salud p\u00fablica, el respeto a la dignidad de la persona y al principio de no discriminaci\u00f3n y la protecci\u00f3n de la salud y la infancia, deber\u00e1 notificarlo, con las observaciones o il\u00edcitos observados por el mismo.            <\/p>\n<h4><strong>Procedimiento en caso de realizaci\u00f3n de actividades de car\u00e1cter il\u00edcito<\/strong><\/h4>\n<p>Si un usuario de Internet considera que existen hechos o circunstancias que revelan el car\u00e1cter il\u00edcito de la utilizaci\u00f3n de cualquier contenido y\/o de la realizaci\u00f3n de cualquier actividad en el Web, y en particular, de la violaci\u00f3n de derechos de propiedad intelectual o industrial (patentes, modelos y dibujos industriales, marcas y nombres comerciales, etc.) u otros derechos, deber\u00e1 enviar una notificaci\u00f3n a la SOCIEDAD con el siguiente contenido: \u00b7 datos de la persona o entidad que hace la reclamaci\u00f3n: nombre, direcci\u00f3n, tel\u00e9fono y direcci\u00f3n de correo electr\u00f3nico, \u00b7 descripci\u00f3n de la supuesta actividad il\u00edcita llevada a cabo en el Web y, en particular, cuando se trate de una supuesta violaci\u00f3n de derechos, la indicaci\u00f3n precisa y concreta de los contenidos protegidos as\u00ed como de su localizaci\u00f3n en el Web, \u00b7 hechos o circunstancias que revelan el car\u00e1cter il\u00edcito de esta actividad, \u00b7 en el supuesto de violaci\u00f3n de derechos, firma manuscrita o equivalente, con los datos personales del titular de los derechos supuestamente infringidos o de la persona autorizada para actuar en nombre y por cuenta de esta, \u00b7 declaraci\u00f3n expresa, clara y bajo la responsabilidad de la persona o entidad que hace la reclamaci\u00f3n de que la informaci\u00f3n proporcionada en la notificaci\u00f3n es exacta y del car\u00e1cter il\u00edcito de la utilizaci\u00f3n de los contenidos o de la realizaci\u00f3n de las actividades descritas. Datos de contacto de la SOCIEDAD Se pone a disposici\u00f3n de los usuarios de Internet la siguiente informaci\u00f3n para poder dirigir sus peticiones, cuestiones y quejas: Nombre: PLEGO, SCP. Direcci\u00f3n postal: C\/ Finestrelles,15; CP 17006, Girona, Girona. Correo electr\u00f3nico: plego@plego.art Tel\u00e9fono: 872 07 24 52   <\/p>\n<p>[\/et_pb_toggle][et_pb_toggle title=&#8221;Pol\u00edtica de privacidad&#8221; _builder_version=&#8221;4.27.4&#8243; _module_preset=&#8221;baacd325-0f08-4a9e-bf98-b982f09d27cd&#8221; title_font=&#8221;|700|||||||&#8221; title_font_size=&#8221;1.8rem&#8221; title_line_height=&#8221;2rem&#8221; global_colors_info=&#8221;{}&#8221;]<\/p>\n<h4><strong>Responsable del tratamiento<\/strong><\/h4>\n<p><strong>Identidad: PLEGO, SCP (tambi\u00e9n el prestador)<\/strong><\/p>\n<p><strong>NIF:<\/strong> J06795785 <strong>Direcci\u00f3n:<\/strong> c\/ Cap de Creus num. 4, 3- 3, 17005 Girona, Girona <\/p>\n<p><strong>Correo electr\u00f3nico: plego@plego.art<\/strong><\/p>\n<p>PLEGO, SCP, como responsable del Sitio web, de conformidad con lo dispuesto en el Reglamento (UE) 2016\/679 de 27 de abril de 2016 (RGPD), la Ley Org\u00e1nica 3\/2018 de 5 de diciembre (LOPDGDD) y dem\u00e1s normativa legal vigente en materia de protecci\u00f3n de datos personales, y por la Ley 34\/2002, de 11 de julio, de Servicios de la Sociedad de la Informaci\u00f3n y del Comercio Electr\u00f3nico (LSSICE), le informa que tiene implementadas las medidas de seguridad necesarias, de \u00edndole t\u00e9cnica y organizativas, para garantizar y proteger la confidencialidad, integridad y disponibilidad de los datos introducidos.<\/p>\n<h4><strong>Finalidad del tratamiento<\/strong><\/h4>\n<p>Sus datos personales solo se utilizar\u00e1n para las siguientes finalidades:<\/p>\n<p>Realizar las gestiones comerciales y administrativas necesarias con los usuarios de la web;<br \/>\nRemitir las comunicaciones comerciales publicitarias por email, fax, SMS, MMS, redes sociales o cualquier otro medio electr\u00f3nico o f\u00edsico, en caso de que el Usuario haya consentido expresamente al env\u00edo de comunicaciones comerciales por v\u00eda electr\u00f3nica mediante la suscripci\u00f3n a la NEWSLETTER;<br \/>\nResponder a las consultas y\/o proporcionar informaci\u00f3n requerida por el Usuario;<br \/>\nUtilizar sus datos para contactar con usted, tanto por v\u00eda electr\u00f3nica como no electr\u00f3nica, para obtener su opini\u00f3n sobre el servicio prestado y,<br \/>\nNotificarle cambios, desarrollos importantes de la pol\u00edtica de privacidad, aviso legal o pol\u00edtica de cookies.<br \/>\nSe realizar\u00e1n an\u00e1lisis de perfiles y de usabilidad.<br \/>\nLos datos de clientes y\/o proveedores ser\u00e1n tratados, dentro de la relaci\u00f3n contractual que los vincula con el responsable, en cumplimiento de las obligaciones administrativas, fiscales, contables y laborales que sean necesarias en virtud de la legislaci\u00f3n vigente.<br \/>\nPuede revocar en cualquier momento su consentimiento enviando un escrito con el asunto \u201cBaja\u201d a plego@plego.art.<\/p>\n<p>De acuerdo con la LSSICE, PLEGO, SCP no realiza pr\u00e1cticas de SPAM, por tanto, no env\u00eda correos comerciales por email que no hayan sido previamente solicitados o autorizados por el Usuario. En consecuencia, en todas las comunicaciones que reciba del prestador, el usuario tiene la posibilidad de cancelar su consentimiento expreso para recibir nuestras comunicaciones. <\/p>\n<p>No trataremos sus datos personales para ning\u00fan otro fin de los descritos salvo por obligaci\u00f3n legal o requerimiento judicial.<\/p>\n<h4><strong>Legitimaci\u00f3n del tratamiento<\/strong><\/h4>\n<p>La base legal para el tratamiento de los datos es su consentimiento otorgado para llevar a cabo las finalidades anteriormente descritas, que se solicitar\u00e1 al momento de marcar la casilla correspondiente al recoger sus datos.<\/p>\n<p>El no facilitar los datos personales solicitados o el no aceptar la presente pol\u00edtica de protecci\u00f3n de datos supone la imposibilidad de suscribirse, registrarse o recibir informaci\u00f3n de los productos y servicios del Prestador.<\/p>\n<p>En los casos en que exista una relaci\u00f3n contractual previa entre las partes, la legitimaci\u00f3n para el desarrollo de las obligaciones administrativas, fiscales, contables y laborales que sean necesarias en virtud de la legislaci\u00f3n vigente ser\u00e1 la existencia previa de la relaci\u00f3n comercial establecida entre las partes.<\/p>\n<h4><strong>Destinatarios de cesiones y transferencias<\/strong><\/h4>\n<p>PLEGO, SCP no lleva a cabo ninguna cesi\u00f3n o comunicaci\u00f3n de datos a terceros salvo que exista necesidad razonable para cumplir con un procedimiento judicial, obligaci\u00f3n legal o previa obtenci\u00f3n del consentimiento del usuario.<\/p>\n<p>Tampoco se realizar\u00e1n transferencias internacionales de sus datos de car\u00e1cter personal sin su consentimiento previo sin perjuicio de poder bloquear o cancelar su cuenta si pudiera haber indicios de la comisi\u00f3n de alg\u00fan delito por parte del usuario. La informaci\u00f3n facilitada ser\u00e1 \u00fanicamente la que disponga en ese momento el prestador. <\/p>\n<h4><strong>Comunicaciones<\/strong><\/h4>\n<p>Cualquier comunicaci\u00f3n remitida quedar\u00e1 incorporada a los sistemas de informaci\u00f3n de PLEGO, SCP. Al aceptar las presentes condiciones, t\u00e9rminos y pol\u00edticas, el Usuario consiente expresamente a que PLEGO, SCP realice las siguientes actividades y\/o acciones, salvo que el Usuario indique lo contrario:<\/p>\n<p>El env\u00edo de comunicaciones comerciales y\/o promocionales por cualquier medio habilitado informando a los Usuarios de las actividades, servicios, promociones, publicidad, noticias, ofertas y otra informaci\u00f3n sobre los servicios y productos relacionados con la actividad.<br \/>\nEn caso de que el Usuario haya consentido expresamente al env\u00edo de comunicaciones comerciales por v\u00eda electr\u00f3nica mediante la suscripci\u00f3n a la NEWSLETTER, el env\u00edo de estas comunicaciones por medios electr\u00f3nicos informando a los Usuarios de las actividades, servicios, promociones, publicidad, noticias, ofertas y otra informaci\u00f3n sobre los servicios y productos de PLEGO, SCP iguales o similares a los que fueron inicialmente objeto de contrataci\u00f3n o de inter\u00e9s para el Usuario.<br \/>\nLa conservaci\u00f3n de los datos durante los plazos previstos en las disposiciones aplicables.<\/p>\n<h4><strong>Derechos de las personas interesadas<\/strong><\/h4>\n<p>Como usuario-interesado, puede solicitar el ejercicio de los siguientes derechos ante PLEGO, SCP presentando un escrito a la direcci\u00f3n postal del encabezado o enviando un correo electr\u00f3nico a plego@plego.art, indicando como Asunto: \u201cPROTECCI\u00d3N DE DATOS: DERECHOS AFECTADOS\u201d, y adjuntando fotocopia de su DNI o cualquier medio an\u00e1logo en derecho, tal como indica la ley.<\/p>\n<p>Derechos:<\/p>\n<p>Derecho de acceso: permite al interesado conocer y obtener informaci\u00f3n sobre sus datos de car\u00e1cter personal sometidos a tratamiento.<br \/>\nDerecho de rectificaci\u00f3n o supresi\u00f3n: permite corregir errores y modificar los datos que resulten ser inexactos o incompletos.<br \/>\nDerecho de cancelaci\u00f3n: permite que se supriman los datos que resulten ser inadecuados o excesivos.<br \/>\nDerecho de oposici\u00f3n: derecho del interesado a que no se lleve a cabo el tratamiento de sus datos de car\u00e1cter personal o se cese en el mismo.<br \/>\nLimitaci\u00f3n del tratamiento: comporta el marcado de los datos personales conservados, con la finalidad de limitar su futuro tratamiento.<br \/>\nPortabilidad de los datos: facilitaci\u00f3n de los datos objeto de tratamiento al interesado, a fin de que este pueda transmitirlos a otro responsable, sin impedimentos.<br \/>\nDerecho a no ser objeto de decisiones individuales automatizadas (incluida la elaboraci\u00f3n de perfiles): derecho a no ser objeto de una decisi\u00f3n basada en el tratamiento automatizado que produzca efectos o afecte significativamente.<br \/>\nComo usuario, tiene derecho a retirar el consentimiento prestado en cualquier momento. La retirada del consentimiento no afectar\u00e1 la licitud del tratamiento efectuado antes de la retirada del consentimiento. <\/p>\n<p>Tambi\u00e9n tiene derecho a presentar una reclamaci\u00f3n ante la autoridad de control si considera que se han visto vulnerados sus derechos en relaci\u00f3n con la protecci\u00f3n de sus datos (agpd.es).<\/p>\n<h4><strong>Conservaci\u00f3n de sus datos<\/strong><\/h4>\n<p>Sus datos se conservar\u00e1n mientras dure la relaci\u00f3n comercial con nosotros o ejerza su derecho de cancelaci\u00f3n u oposici\u00f3n, o limitaci\u00f3n al tratamiento. No obstante, conservaremos determinados datos personales identificativos y del tr\u00e1fico durante el plazo m\u00e1ximo de 2 a\u00f1os por si fuera requerido por los Jueces y Tribunales o para incoar acciones internas derivadas del uso indebido de la p\u00e1gina web. <\/p>\n<p>No ser\u00e1 objeto de decisiones basadas en tratamientos automatizados que produzcan efectos sobre sus datos.[\/et_pb_toggle][et_pb_toggle title=&#8221;Pol\u00edtica de cookies&#8221; _builder_version=&#8221;4.27.4&#8243; _module_preset=&#8221;baacd325-0f08-4a9e-bf98-b982f09d27cd&#8221; title_font=&#8221;|700|||||||&#8221; title_font_size=&#8221;1.8rem&#8221; title_line_height=&#8221;2rem&#8221; hover_enabled=&#8221;0&#8243; global_colors_info=&#8221;{}&#8221; sticky_enabled=&#8221;0&#8243;]<\/p>\n<p>Una cookie es un archivo que se descarga en su ordenador al acceder a una p\u00e1gina web. Las cookies permiten a una p\u00e1gina web, entre otras cosas, almacenar datos y recuperar informaci\u00f3n sobre los h\u00e1bitos de navegaci\u00f3n de un usuario o de su equipo. <\/p>\n<p>El objetivo de la utilizaci\u00f3n de cookies en nuestra p\u00e1gina es ofrecerte una experiencia de navegaci\u00f3n c\u00f3moda y optimizar el funcionamiento de nuestra web.<\/p>\n<p>Tu navegador memoriza cookies en el disco duro solo durante la sesi\u00f3n actual ocupando un espacio de memoria m\u00ednimo y no perjudicando al ordenador.<\/p>\n<p>Las cookies no contienen ning\u00fan tipo de informaci\u00f3n personal espec\u00edfica, y la mayor\u00eda se borran del disco duro al finalizar la sesi\u00f3n del navegador (las llamadas cookies de sesi\u00f3n).<\/p>\n<h4><strong>\u00bfQu\u00e9 tipos de cookies utilizamos?<\/strong><\/h4>\n<p>\u2013 <span style=\"text-decoration: underline;\">Cookies t\u00e9cnicas:<\/span> las que permiten la navegaci\u00f3n por la p\u00e1gina web y la utilizaci\u00f3n de las diferentes opciones o servicios que haya como, por ejemplo, controlar el tr\u00e1fico y la comunicaci\u00f3n de datos, identificar la sesi\u00f3n, acceder a partes de acceso restringido, recordar los productos de la orden, realizar el proceso de compra, utilizar elementos de seguridad durante la navegaci\u00f3n, almacenar contenidos para la difusi\u00f3n de v\u00eddeos o compartir contenidos en las redes sociales.<\/p>\n<p>Estas cookies se encuentran dentro de la categor\u00eda de cookies necesarias para el funcionamiento de la web. En este apartado utilizamos las cookies propias derivadas de WordPress y extensiones. <\/p>\n<p>\u2013 <span style=\"text-decoration: underline;\">Cookies de personalizaci\u00f3n<\/span>: las que te permiten acceder al servicio con algunas caracter\u00edsticas predefinidas como el idioma, el tipo de navegador, etc., para lo cual utilizamos las cookies propias derivadas de WordPress.<\/p>\n<p>Estas cookies tambi\u00e9n est\u00e1n dentro de la categor\u00eda de cookies necesarias.<\/p>\n<p>\u2013 <u>Cookies de an\u00e1lisis:<\/u> Son aquellas que, bien tratadas por nosotros o por terceros, nos permiten cuantificar el n\u00famero de usuarios y as\u00ed hacer la medici\u00f3n y el an\u00e1lisis estad\u00edstico de la utilizaci\u00f3n que hacen los usuarios de nuestra web.<\/p>\n<p>Por eso se analiza su navegaci\u00f3n en nuestra p\u00e1gina web para mejorar la oferta de productos o servicios que le ofrecemos.<\/p>\n<p>En particular, este sitio web utiliza cookies de terceros de Google Analytics. Para la prestaci\u00f3n de estos servicios, se utilizan cookies que recopilan la informaci\u00f3n, incluida la direcci\u00f3n IP del usuario, que ser\u00e1 transmitida, tratada y almacenada por Google en los t\u00e9rminos establecidos en la web google.com. <\/p>\n<p>Es importante saber que <strong><u>en Plego no utilizamos cookies publicitarias ni cookies de publicidad comportamental<\/u><\/strong>, que son aquellas que se utilizan habitualmente para ofrecer publicidad relacionada con un producto cuando se navega por otras plataformas.<\/p>\n<p>Al utilizar nuestra web aceptas el tratamiento de la informaci\u00f3n recopilada con las finalidades anteriormente mencionadas.<\/p>\n<p>Tienes la posibilidad de rechazar el tratamiento de estos datos o informaci\u00f3n rechazando el uso de cookies mediante la selecci\u00f3n de la configuraci\u00f3n en tu navegador. Esta opci\u00f3n de bloqueo de cookies en el navegador puede no permitirte el uso pleno de todas las funcionalidades del sitio web. <span style=\"font-size: 16px;\"> <\/span><\/p>\n<p>[\/et_pb_toggle][\/et_pb_column][et_pb_column type=&#8221;1_4&#8243; _builder_version=&#8221;4.23.2&#8243; _module_preset=&#8221;default&#8221; sticky_position=&#8221;top&#8221; sticky_offset_top=&#8221;15px&#8221; sticky_limit_bottom=&#8221;section&#8221; sticky_position_tablet=&#8221;none&#8221; sticky_position_phone=&#8221;none&#8221; sticky_position_last_edited=&#8221;on|desktop&#8221; global_colors_info=&#8221;{}&#8221;][et_pb_text _builder_version=&#8221;4.23.2&#8243; _module_preset=&#8221;2bf59a57-abaa-4d27-b958-72d8e1942f04&#8243; custom_margin=&#8221;2rem||2rem||true|false&#8221; global_colors_info=&#8221;{}&#8221;]<\/p>\n<h3><strong>Datos de contacto<\/strong><\/h3>\n<p>Correu de atenci\u00f3n al cliente: <a href=\"mailto:info@plego.art\" title=\"info@plego.art\">info@plego.art<\/a><\/p>\n<p>[\/et_pb_text][et_pb_button button_url=&#8221;@ET-DC@eyJkeW5hbWljIjp0cnVlLCJjb250ZW50IjoicG9zdF9saW5rX3VybF9wYWdlIiwic2V0dGluZ3MiOnsicG9zdF9pZCI6IjEzMDczIiwiZW5hYmxlX2h0bWwiOiJvZmYifX0=@&#8221; button_text=&#8221;Contacto&#8221; _builder_version=&#8221;4.23.2&#8243; _dynamic_attributes=&#8221;button_url&#8221; _module_preset=&#8221;default&#8221; button_border_width=&#8221;0px&#8221; global_colors_info=&#8221;{%22gcid-3c5f6e93-bb73-4970-84cf-ac9a2ceea141%22:%91%22button_bg_color%22,%22button_border_color%22%93}&#8221; button_bg_color__hover_enabled=&#8221;on|hover&#8221; button_bg_color__hover=&#8221;#FF6666&#8243; button_bg_enable_color__hover=&#8221;on&#8221;][\/et_pb_button][\/et_pb_column][\/et_pb_row][\/et_pb_section]<\/p>\n","protected":false},"excerpt":{"rendered":"<p>Aviso legal, pol\u00edtica de privacidad y cookies<\/p>\n","protected":false},"author":1,"featured_media":0,"parent":0,"menu_order":58,"comment_status":"closed","ping_status":"open","template":"","meta":{"_et_pb_use_builder":"on","_et_pb_old_content":"","_et_gb_content_width":"","iawp_total_views":18,"footnotes":""},"class_list":["post-14276","page","type-page","status-publish","hentry"],"_links":{"self":[{"href":"https:\/\/www.plego.art\/es\/wp-json\/wp\/v2\/pages\/14276","targetHints":{"allow":["GET"]}}],"collection":[{"href":"https:\/\/www.plego.art\/es\/wp-json\/wp\/v2\/pages"}],"about":[{"href":"https:\/\/www.plego.art\/es\/wp-json\/wp\/v2\/types\/page"}],"author":[{"embeddable":true,"href":"https:\/\/www.plego.art\/es\/wp-json\/wp\/v2\/users\/1"}],"replies":[{"embeddable":true,"href":"https:\/\/www.plego.art\/es\/wp-json\/wp\/v2\/comments?post=14276"}],"version-history":[{"count":0,"href":"https:\/\/www.plego.art\/es\/wp-json\/wp\/v2\/pages\/14276\/revisions"}],"wp:attachment":[{"href":"https:\/\/www.plego.art\/es\/wp-json\/wp\/v2\/media?parent=14276"}],"curies":[{"name":"wp","href":"https:\/\/api.w.org\/{rel}","templated":true}]}}