{"id":14095,"date":"2017-08-17T10:30:09","date_gmt":"2017-08-17T10:30:09","guid":{"rendered":"https:\/\/www.plego.art\/tienda\/"},"modified":"2026-03-30T10:04:34","modified_gmt":"2026-03-30T08:04:34","slug":"tienda","status":"publish","type":"page","link":"https:\/\/www.plego.art\/es\/tienda\/","title":{"rendered":"Tienda"},"content":{"rendered":"<p>[et_pb_section fb_built=&#8221;1&#8243; admin_label=&#8221;Banner Espai Professional&#8221; module_class=&#8221;seccio-banner-espai-professional-text&#8221; _builder_version=&#8221;4.27.0&#8243; _module_preset=&#8221;default&#8221; background_color=&#8221;gcid-978746c2-4d88-4e95-b979-6828ff8aeac2&#8243; display_conditions=&#8221;W3siaWQiOiJlNTg5OTkyYS1mNTdiLTQzMWEtYTJkMi03YzRhMjNmYjY3NDMiLCJjb25kaXRpb24iOiJ1c2VyUm9sZSIsImNvbmRpdGlvblNldHRpbmdzIjp7ImRpc3BsYXlSdWxlIjoiaXMiLCJ1c2VyUm9sZXMiOlt7ImxhYmVsIjoiQ2xpZW50IEIyQiIsInZhbHVlIjoiY3VzdG9tZXJfYjJiIn1dLCJ1c2VySWRzIjoiVXNlciBJRHMgc2VwYXJhdGVkIGJ5IGNvbW1hcyIsImFkbWluTGFiZWwiOiJVc2VyIHJvbGUgaXMgY2xpZW50IEIyQiIsImVuYWJsZUNvbmRpdGlvbiI6Im9uIn0sIm9wZXJhdG9yIjoiT1IifV0=&#8221; custom_margin=&#8221;||||true|false&#8221; custom_padding=&#8221;10px||10px||true|false&#8221; sticky_position=&#8221;top&#8221; sticky_position_tablet=&#8221;none&#8221; sticky_position_phone=&#8221;none&#8221; sticky_position_last_edited=&#8221;on|desktop&#8221; global_module=&#8221;19933&#8243; saved_tabs=&#8221;all&#8221; global_colors_info=&#8221;{%22gcid-978746c2-4d88-4e95-b979-6828ff8aeac2%22:%91%22background_color%22%93}&#8221;][et_pb_row _builder_version=&#8221;4.27.0&#8243; _module_preset=&#8221;default&#8221; custom_margin=&#8221;0px||0px||true|false&#8221; custom_padding=&#8221;0px||0px||true|false&#8221; global_colors_info=&#8221;{}&#8221;][et_pb_column type=&#8221;4_4&#8243; _builder_version=&#8221;4.23.2&#8243; _module_preset=&#8221;default&#8221; global_colors_info=&#8221;{}&#8221;][et_pb_text admin_label=&#8221;Text Espai Professional&#8221; _builder_version=&#8221;4.27.0&#8243; _module_preset=&#8221;default&#8221; text_font=&#8221;|600||on|||||&#8221; text_font_size=&#8221;1.1rem&#8221; text_orientation=&#8221;center&#8221; background_layout=&#8221;dark&#8221; custom_margin=&#8221;0px||0px||true|false&#8221; custom_padding=&#8221;5px||5px||true|false&#8221; text_font_size_tablet=&#8221;1.5rem&#8221; text_font_size_phone=&#8221;1.5rem&#8221; text_font_size_last_edited=&#8221;off|phone&#8221; global_colors_info=&#8221;{%22gcid-3c5f6e93-bb73-4970-84cf-ac9a2ceea141%22:%91%22link_text_color%22%93}&#8221; text_font_size__sticky_enabled=&#8221;on|sticky&#8221; text_font_size__sticky=&#8221;1rem&#8221; custom_padding__sticky_enabled=&#8221;off|desktop&#8221; custom_padding__sticky=&#8221;10px||10px||true|false&#8221;]<\/p>\n<p>Espacio Profesional<\/p>\n<p>[\/et_pb_text][\/et_pb_column][\/et_pb_row][\/et_pb_section][et_pb_section fb_built=&#8221;1&#8243; _builder_version=&#8221;4.23.2&#8243; _module_preset=&#8221;default&#8221; background_color=&#8221;#FFFFFF&#8221; custom_margin=&#8221;||||false|false&#8221; custom_padding=&#8221;2rem||0.5rem||false|false&#8221; global_colors_info=&#8221;{}&#8221;][et_pb_row _builder_version=&#8221;4.22.2&#8243; _module_preset=&#8221;default&#8221; custom_padding=&#8221;0px||0px||true|false&#8221; global_colors_info=&#8221;{}&#8221;][et_pb_column type=&#8221;4_4&#8243; _builder_version=&#8221;4.22.2&#8243; _module_preset=&#8221;default&#8221; global_colors_info=&#8221;{}&#8221;][et_pb_menu menu_id=&#8221;106&#8243; dropdown_menu_line_color=&#8221;#52CEBE&#8221; _builder_version=&#8221;4.23.2&#8243; _module_preset=&#8221;e75c5b07-783e-416a-8c25-16ca7b961240&#8243; menu_font=&#8221;||||||||&#8221; menu_text_color=&#8221;gcid-556cf328-6a65-4462-a241-9ca2492941ac&#8221; global_colors_info=&#8221;{%22gcid-3c5f6e93-bb73-4970-84cf-ac9a2ceea141%22:%91%22menu_text_color__hover%22,%22active_link_color__hover%22,%22active_link_color%22%93,%22gcid-819d3a90-2793-4963-b702-98ad221b4802%22:%91%22menu_text_color%22,%22menu_text_color%22,%22menu_text_color%22%93,%22gcid-978746c2-4d88-4e95-b979-6828ff8aeac2%22:%91%22menu_text_color__hover%22,%22menu_text_color__hover%22%93,%22gcid-556cf328-6a65-4462-a241-9ca2492941ac%22:%91%22menu_text_color%22%93}&#8221; menu_text_color__hover=&#8221;#52cebe&#8221; menu_text_color__hover_enabled=&#8221;on|desktop&#8221; active_link_color__hover_enabled=&#8221;on|desktop&#8221; active_link_color__hover=&#8221;#52cebe&#8221;][\/et_pb_menu][\/et_pb_column][\/et_pb_row][\/et_pb_section][et_pb_section fb_built=&#8221;1&#8243; _builder_version=&#8221;4.23.2&#8243; _module_preset=&#8221;default&#8221; background_color=&#8221;#FFFFFF&#8221; custom_margin=&#8221;0px||||false|false&#8221; custom_padding=&#8221;0px|||||&#8221; global_colors_info=&#8221;{}&#8221;][et_pb_row _builder_version=&#8221;4.23.2&#8243; _module_preset=&#8221;default&#8221; width=&#8221;93%&#8221; custom_padding=&#8221;0px||||false|false&#8221; global_colors_info=&#8221;{}&#8221;][et_pb_column type=&#8221;4_4&#8243; _builder_version=&#8221;4.22.2&#8243; _module_preset=&#8221;default&#8221; global_colors_info=&#8221;{}&#8221;][et_pb_shop posts_number=&#8221;30&#8243; show_pagination=&#8221;off&#8221; columns_number=&#8221;4&#8243; _builder_version=&#8221;4.27.4&#8243; _module_preset=&#8221;e33b8496-6914-4b4a-aa74-4215ded17fc5&#8243; custom_margin=&#8221;-16px|||||&#8221; custom_padding=&#8221;41px|||||&#8221; global_colors_info=&#8221;{%22gcid-3c5f6e93-bb73-4970-84cf-ac9a2ceea141%22:%91%22price_text_color%22,%22icon_hover_color%22%93}&#8221;][\/et_pb_shop][\/et_pb_column][\/et_pb_row][\/et_pb_section]<\/p>\n","protected":false},"excerpt":{"rendered":"<p>Tienda electr\u00f3nica de Plego. Aqu\u00ed podr\u00e1s comprar todas nuestras figuras. <\/p>\n","protected":false},"author":1,"featured_media":14625,"parent":0,"menu_order":6,"comment_status":"closed","ping_status":"closed","template":"","meta":{"_et_pb_use_builder":"on","_et_pb_old_content":"","_et_gb_content_width":"","iawp_total_views":1597,"footnotes":""},"class_list":["post-14095","page","type-page","status-publish","has-post-thumbnail","hentry"],"_links":{"self":[{"href":"https:\/\/www.plego.art\/es\/wp-json\/wp\/v2\/pages\/14095","targetHints":{"allow":["GET"]}}],"collection":[{"href":"https:\/\/www.plego.art\/es\/wp-json\/wp\/v2\/pages"}],"about":[{"href":"https:\/\/www.plego.art\/es\/wp-json\/wp\/v2\/types\/page"}],"author":[{"embeddable":true,"href":"https:\/\/www.plego.art\/es\/wp-json\/wp\/v2\/users\/1"}],"replies":[{"embeddable":true,"href":"https:\/\/www.plego.art\/es\/wp-json\/wp\/v2\/comments?post=14095"}],"version-history":[{"count":6,"href":"https:\/\/www.plego.art\/es\/wp-json\/wp\/v2\/pages\/14095\/revisions"}],"predecessor-version":[{"id":25020,"href":"https:\/\/www.plego.art\/es\/wp-json\/wp\/v2\/pages\/14095\/revisions\/25020"}],"wp:featuredmedia":[{"embeddable":true,"href":"https:\/\/www.plego.art\/es\/wp-json\/wp\/v2\/media\/14625"}],"wp:attachment":[{"href":"https:\/\/www.plego.art\/es\/wp-json\/wp\/v2\/media?parent=14095"}],"curies":[{"name":"wp","href":"https:\/\/api.w.org\/{rel}","templated":true}]}}